{"id":120969,"date":"2025-03-31T03:08:35","date_gmt":"2025-03-31T00:08:35","guid":{"rendered":"https:\/\/shop.rettum.ee\/toode\/235-45r18-continental-premiumcontact-6-94y-ao-fr-cab71\/"},"modified":"2026-03-22T03:06:48","modified_gmt":"2026-03-22T01:06:48","slug":"235-45r18-continental-premiumcontact-6-94y-ao-fr-cab71","status":"publish","type":"product","link":"https:\/\/shop.rettum.ee\/en\/product\/235-45r18-continental-premiumcontact-6-94y-ao-fr-cab71\/","title":{"rendered":"235\/45R18 CONTINENTAL PREMIUMCONTACT 6 94Y AO FR CAB71"},"content":{"rendered":"<p>Kontinental PremiumContact 6 235\/45R18 on tipptasemel rehvivaliant, mis pakub suurep\u00e4rast s\u00f5idukogemust ja usaldusv\u00e4\u00e4rset turvalisust nii igap\u00e4evasel kui sportlikul s\u00f5idul. Selle mudeli numbrilised v\u00e4\u00e4rtused tagavad optimaalse haarduvuse ja stabiilsuse ka keerulistes teeoludes.  <\/p>\n<p>Rehvi m\u00f5\u00f5tmed 235\/45R18 v\u00f5imaldavad kaasaegsetele auto mudelitele v\u00e4ga h\u00e4sti sobitamist, pakkudes t\u00e4pset juhitavust ja suurep\u00e4rast veoj\u00f5udu nii kuivadel kui m\u00e4rgadel pindadel. 94Y koormusindeks ja kiirusklass annavad kindluse, et rehvid suudavad kanda n\u00f5utud koormust ning pakkuda k\u00f5rget kiirust s\u00e4ilitades samal ajal modulaarse tagamise ja stabiilsuse. \u00d5rnem ja hoolikalt v\u00e4lja t\u00f6\u00f6tatud profiiil tagab v\u00e4hendatud veeringi ning optimaalse veoj\u00e4\u00e4gi, lubades sujuvat ja kindlat s\u00f5itu ka n\u00f5udlikes ilmastikutingimustes.<\/p>\n<p>Kontinental PremiumContact 6 mudeli lisam\u00e4rgised AO FR CAB71 kinnitavad rehvi k\u00f5rget kvaliteeti ja vastavust rahvusvahelistele standarditele. See on ideaalne valik autojuhtidele, kes hindavad tipptasemel s\u00f5idumugavust, turvalisust ja sooritust.<\/p>","protected":false},"excerpt":{"rendered":"<p>Kontinental PremiumContact 6 235\/45R18 on tipptasemel rehvivaliant, mis pakub suurep\u00e4rast s\u00f5idukogemust ja usaldusv\u00e4\u00e4rset turvalisust nii igap\u00e4evasel kui sportlikul s\u00f5idul. Selle mudeli numbrilised v\u00e4\u00e4rtused tagavad optimaalse haarduvuse ja stabiilsuse ka keerulistes teeoludes. Rehvi m\u00f5\u00f5tmed 235\/45R18 v\u00f5imaldavad kaasaegsetele auto mudelitele v\u00e4ga h\u00e4sti sobitamist, pakkudes t\u00e4pset juhitavust ja suurep\u00e4rast veoj\u00f5udu nii kuivadel kui m\u00e4rgadel pindadel. 94Y koormusindeks ja [&hellip;]<\/p>\n","protected":false},"featured_media":124217,"template":"","meta":{"site-sidebar-layout":"default","site-content-layout":"","ast-site-content-layout":"","site-content-style":"default","site-sidebar-style":"default","ast-global-header-display":"","ast-banner-title-visibility":"","ast-main-header-display":"","ast-hfb-above-header-display":"","ast-hfb-below-header-display":"","ast-hfb-mobile-header-display":"","site-post-title":"","ast-breadcrumbs-content":"","ast-featured-img":"","footer-sml-layout":"","theme-transparent-header-meta":"","adv-header-id-meta":"","stick-header-meta":"","header-above-stick-meta":"","header-main-stick-meta":"","header-below-stick-meta":"","astra-migrate-meta-layouts":"default","ast-page-background-enabled":"default","ast-page-background-meta":{"desktop":{"background-color":"","background-image":"","background-repeat":"repeat","background-position":"center center","background-size":"auto","background-attachment":"scroll","background-type":"","background-media":"","overlay-type":"","overlay-color":"","overlay-opacity":"","overlay-gradient":""},"tablet":{"background-color":"","background-image":"","background-repeat":"repeat","background-position":"center center","background-size":"auto","background-attachment":"scroll","background-type":"","background-media":"","overlay-type":"","overlay-color":"","overlay-opacity":"","overlay-gradient":""},"mobile":{"background-color":"","background-image":"","background-repeat":"repeat","background-position":"center center","background-size":"auto","background-attachment":"scroll","background-type":"","background-media":"","overlay-type":"","overlay-color":"","overlay-opacity":"","overlay-gradient":""}},"ast-content-background-meta":{"desktop":{"background-color":"var(--ast-global-color-5)","background-image":"","background-repeat":"repeat","background-position":"center center","background-size":"auto","background-attachment":"scroll","background-type":"","background-media":"","overlay-type":"","overlay-color":"","overlay-opacity":"","overlay-gradient":""},"tablet":{"background-color":"var(--ast-global-color-5)","background-image":"","background-repeat":"repeat","background-position":"center center","background-size":"auto","background-attachment":"scroll","background-type":"","background-media":"","overlay-type":"","overlay-color":"","overlay-opacity":"","overlay-gradient":""},"mobile":{"background-color":"var(--ast-global-color-5)","background-image":"","background-repeat":"repeat","background-position":"center center","background-size":"auto","background-attachment":"scroll","background-type":"","background-media":"","overlay-type":"","overlay-color":"","overlay-opacity":"","overlay-gradient":""}}},"product_brand":[],"product_cat":[34225],"product_tag":[],"pa_brand_name":[25035],"class_list":{"0":"post-120969","1":"product","2":"type-product","3":"status-publish","4":"has-post-thumbnail","6":"product_cat-summer-tires-pv","7":"pa_brand_name-continental","8":"desktop-align-left","9":"tablet-align-left","10":"mobile-align-left","12":"first","13":"outofstock","14":"taxable","15":"shipping-taxable","16":"purchasable","17":"product-type-simple"},"_links":{"self":[{"href":"https:\/\/shop.rettum.ee\/en\/wp-json\/wp\/v2\/product\/120969","targetHints":{"allow":["GET"]}}],"collection":[{"href":"https:\/\/shop.rettum.ee\/en\/wp-json\/wp\/v2\/product"}],"about":[{"href":"https:\/\/shop.rettum.ee\/en\/wp-json\/wp\/v2\/types\/product"}],"version-history":[{"count":1,"href":"https:\/\/shop.rettum.ee\/en\/wp-json\/wp\/v2\/product\/120969\/revisions"}],"predecessor-version":[{"id":125625,"href":"https:\/\/shop.rettum.ee\/en\/wp-json\/wp\/v2\/product\/120969\/revisions\/125625"}],"wp:featuredmedia":[{"embeddable":true,"href":"https:\/\/shop.rettum.ee\/en\/wp-json\/wp\/v2\/media\/124217"}],"wp:attachment":[{"href":"https:\/\/shop.rettum.ee\/en\/wp-json\/wp\/v2\/media?parent=120969"}],"wp:term":[{"taxonomy":"product_brand","embeddable":true,"href":"https:\/\/shop.rettum.ee\/en\/wp-json\/wp\/v2\/product_brand?post=120969"},{"taxonomy":"product_cat","embeddable":true,"href":"https:\/\/shop.rettum.ee\/en\/wp-json\/wp\/v2\/product_cat?post=120969"},{"taxonomy":"product_tag","embeddable":true,"href":"https:\/\/shop.rettum.ee\/en\/wp-json\/wp\/v2\/product_tag?post=120969"},{"taxonomy":"pa_brand_name","embeddable":true,"href":"https:\/\/shop.rettum.ee\/en\/wp-json\/wp\/v2\/pa_brand_name?post=120969"}],"curies":[{"name":"wp","href":"https:\/\/api.w.org\/{rel}","templated":true}]}}