{"id":120970,"date":"2025-03-31T03:08:35","date_gmt":"2025-03-31T00:08:35","guid":{"rendered":"https:\/\/shop.rettum.ee\/toode\/235-45r18-continental-premiumcontact-6-98w-xl-vol-fr-cab72\/"},"modified":"2026-03-22T03:06:48","modified_gmt":"2026-03-22T01:06:48","slug":"235-45r18-continental-premiumcontact-6-98w-xl-vol-fr-cab72","status":"publish","type":"product","link":"https:\/\/shop.rettum.ee\/en\/product\/235-45r18-continental-premiumcontact-6-98w-xl-vol-fr-cab72\/","title":{"rendered":"235\/45R18 CONTINENTAL PREMIUMCONTACT 6 98W XL VOL FR CAB72"},"content":{"rendered":"<p>Continental PremiumContact 6 rehvid m\u00f5\u00f5tmetega 235\/45R18 on loodud pakkuma erakordset s\u00f5idumugavust ja ohutust igas teek\u00f6rges. Need rehvid \u00fchendavad \u00fclemaailmselt tunnustatud kvaliteedi ja innovatiivse disaini, mis tagab suurep\u00e4rase haarduvuse nii kuivadel kui ka m\u00e4rgadel teedel. XL klassi konstrueerimine koos 98W kiirusindeksiga v\u00f5imaldab kindlat ja stabiilset s\u00f5itu ka suure kiirusega, pakkudes optimaalset kontrolli ja usaldusv\u00e4\u00e4rsust kiiretes k\u00e4\u00e4nakutes.<\/p>\n<p>PremiumContact 6 rehvid on disainitud t\u00e4itmaks rangeid Euroopa standardeid (VOL FR CAB72), tagades pikaajalise vastupidavuse ja madala veelekke, mis omakorda v\u00e4hendab veeretakistust ja parandab k\u00fctuses\u00e4\u00e4stlikkust. Need on ideaalne valik n\u00f5udlikele juhtidele, kes otsivad parimat kombinatsiooni ohutusest, sooritusv\u00f5imest ja mugavusest igap\u00e4evasel ning sportlikul s\u00f5idul. Continental PremiumContact 6 rehvid on kindel partner nii linnat\u00e4navatel kui ka maanteedel, pakkudes j\u00e4tkuvalt tipptasemel s\u00f5idukogemust.<\/p>","protected":false},"excerpt":{"rendered":"<p>Continental PremiumContact 6 rehvid m\u00f5\u00f5tmetega 235\/45R18 on loodud pakkuma erakordset s\u00f5idumugavust ja ohutust igas teek\u00f6rges. Need rehvid \u00fchendavad \u00fclemaailmselt tunnustatud kvaliteedi ja innovatiivse disaini, mis tagab suurep\u00e4rase haarduvuse nii kuivadel kui ka m\u00e4rgadel teedel. XL klassi konstrueerimine koos 98W kiirusindeksiga v\u00f5imaldab kindlat ja stabiilset s\u00f5itu ka suure kiirusega, pakkudes optimaalset kontrolli ja usaldusv\u00e4\u00e4rsust kiiretes k\u00e4\u00e4nakutes. [&hellip;]<\/p>\n","protected":false},"featured_media":124217,"template":"","meta":{"site-sidebar-layout":"default","site-content-layout":"","ast-site-content-layout":"","site-content-style":"default","site-sidebar-style":"default","ast-global-header-display":"","ast-banner-title-visibility":"","ast-main-header-display":"","ast-hfb-above-header-display":"","ast-hfb-below-header-display":"","ast-hfb-mobile-header-display":"","site-post-title":"","ast-breadcrumbs-content":"","ast-featured-img":"","footer-sml-layout":"","theme-transparent-header-meta":"","adv-header-id-meta":"","stick-header-meta":"","header-above-stick-meta":"","header-main-stick-meta":"","header-below-stick-meta":"","astra-migrate-meta-layouts":"default","ast-page-background-enabled":"default","ast-page-background-meta":{"desktop":{"background-color":"","background-image":"","background-repeat":"repeat","background-position":"center center","background-size":"auto","background-attachment":"scroll","background-type":"","background-media":"","overlay-type":"","overlay-color":"","overlay-opacity":"","overlay-gradient":""},"tablet":{"background-color":"","background-image":"","background-repeat":"repeat","background-position":"center center","background-size":"auto","background-attachment":"scroll","background-type":"","background-media":"","overlay-type":"","overlay-color":"","overlay-opacity":"","overlay-gradient":""},"mobile":{"background-color":"","background-image":"","background-repeat":"repeat","background-position":"center center","background-size":"auto","background-attachment":"scroll","background-type":"","background-media":"","overlay-type":"","overlay-color":"","overlay-opacity":"","overlay-gradient":""}},"ast-content-background-meta":{"desktop":{"background-color":"var(--ast-global-color-5)","background-image":"","background-repeat":"repeat","background-position":"center center","background-size":"auto","background-attachment":"scroll","background-type":"","background-media":"","overlay-type":"","overlay-color":"","overlay-opacity":"","overlay-gradient":""},"tablet":{"background-color":"var(--ast-global-color-5)","background-image":"","background-repeat":"repeat","background-position":"center center","background-size":"auto","background-attachment":"scroll","background-type":"","background-media":"","overlay-type":"","overlay-color":"","overlay-opacity":"","overlay-gradient":""},"mobile":{"background-color":"var(--ast-global-color-5)","background-image":"","background-repeat":"repeat","background-position":"center center","background-size":"auto","background-attachment":"scroll","background-type":"","background-media":"","overlay-type":"","overlay-color":"","overlay-opacity":"","overlay-gradient":""}}},"product_brand":[],"product_cat":[34225],"product_tag":[],"pa_brand_name":[25035],"class_list":{"0":"post-120970","1":"product","2":"type-product","3":"status-publish","4":"has-post-thumbnail","6":"product_cat-summer-tires-pv","7":"pa_brand_name-continental","8":"desktop-align-left","9":"tablet-align-left","10":"mobile-align-left","12":"first","13":"outofstock","14":"taxable","15":"shipping-taxable","16":"purchasable","17":"product-type-simple"},"_links":{"self":[{"href":"https:\/\/shop.rettum.ee\/en\/wp-json\/wp\/v2\/product\/120970","targetHints":{"allow":["GET"]}}],"collection":[{"href":"https:\/\/shop.rettum.ee\/en\/wp-json\/wp\/v2\/product"}],"about":[{"href":"https:\/\/shop.rettum.ee\/en\/wp-json\/wp\/v2\/types\/product"}],"version-history":[{"count":1,"href":"https:\/\/shop.rettum.ee\/en\/wp-json\/wp\/v2\/product\/120970\/revisions"}],"predecessor-version":[{"id":125626,"href":"https:\/\/shop.rettum.ee\/en\/wp-json\/wp\/v2\/product\/120970\/revisions\/125626"}],"wp:featuredmedia":[{"embeddable":true,"href":"https:\/\/shop.rettum.ee\/en\/wp-json\/wp\/v2\/media\/124217"}],"wp:attachment":[{"href":"https:\/\/shop.rettum.ee\/en\/wp-json\/wp\/v2\/media?parent=120970"}],"wp:term":[{"taxonomy":"product_brand","embeddable":true,"href":"https:\/\/shop.rettum.ee\/en\/wp-json\/wp\/v2\/product_brand?post=120970"},{"taxonomy":"product_cat","embeddable":true,"href":"https:\/\/shop.rettum.ee\/en\/wp-json\/wp\/v2\/product_cat?post=120970"},{"taxonomy":"product_tag","embeddable":true,"href":"https:\/\/shop.rettum.ee\/en\/wp-json\/wp\/v2\/product_tag?post=120970"},{"taxonomy":"pa_brand_name","embeddable":true,"href":"https:\/\/shop.rettum.ee\/en\/wp-json\/wp\/v2\/pa_brand_name?post=120970"}],"curies":[{"name":"wp","href":"https:\/\/api.w.org\/{rel}","templated":true}]}}