{"id":120971,"date":"2025-03-31T03:08:36","date_gmt":"2025-03-31T00:08:36","guid":{"rendered":"https:\/\/shop.rettum.ee\/toode\/235-55r18-continental-ecocontact-6-100v-seal-inside-aab71\/"},"modified":"2026-03-12T02:45:23","modified_gmt":"2026-03-12T00:45:23","slug":"235-55r18-continental-ecocontact-6-100v-seal-inside-aab71","status":"publish","type":"product","link":"https:\/\/shop.rettum.ee\/en\/product\/235-55r18-continental-ecocontact-6-100v-seal-inside-aab71\/","title":{"rendered":"235\/55R18 CONTINENTAL ECOCONTACT 6 100V Seal Inside AAB71"},"content":{"rendered":"<p>Conti Continental ECOCONTACT 6 235\/55R18 Seal Inside AAB71 on innovaatiline rehvid, mis \u00fchendavad suurep\u00e4rase s\u00f5idumugavuse, ohutuse ja keskkonnas\u00f5bralikkuse. See kvaliteetne Continental rehv pakub optimaalse haarduvuse nii m\u00e4rgadel kui ka kuival teel, tagades kindla pidamise ja l\u00fchema pidurdusmaatriksi. Seal Inside tehnoloogia hoiavad rehvist t\u00fckke puutumata, v\u00e4hendades ootamatute \u00f5nnetuste riski ning v\u00f5imaldades s\u00f5ita muretult isegi v\u00e4ikeste esemete p\u00f5hjustatud kahjustuste korral. 100V kiirusklassi t\u00e4histus tagab stabiilse ja turvalise s\u00f5idu ka k\u00f5rgematel kiirustel, muutes selle ideaalseks sportlikele ja pereautodele.<\/p>\n<p>ECOCONTACT 6 disain on loodud maksimaalse k\u00fctuses\u00e4\u00e4stu ja madala veeretakistusega, mis aitab v\u00e4hendada CO2 heitkoguseid ning pikendada rehvi eluiga. Parem energia t\u00f5husus ja optimeeritud s\u00f5idud\u00fcnaamika annavad s\u00f5idukile lisav\u00e4\u00e4rtust igap\u00e4evases liikluses. Vali Continental ECOCONTACT 6 \u2013 turvaline ja keskkonnas\u00f5bralik lahendus t\u00e4nap\u00e4evasele s\u00f5idustiilile.<\/p>","protected":false},"excerpt":{"rendered":"<p>Conti Continental ECOCONTACT 6 235\/55R18 Seal Inside AAB71 on innovaatiline rehvid, mis \u00fchendavad suurep\u00e4rase s\u00f5idumugavuse, ohutuse ja keskkonnas\u00f5bralikkuse. See kvaliteetne Continental rehv pakub optimaalse haarduvuse nii m\u00e4rgadel kui ka kuival teel, tagades kindla pidamise ja l\u00fchema pidurdusmaatriksi. Seal Inside tehnoloogia hoiavad rehvist t\u00fckke puutumata, v\u00e4hendades ootamatute \u00f5nnetuste riski ning v\u00f5imaldades s\u00f5ita muretult isegi v\u00e4ikeste esemete [&hellip;]<\/p>\n","protected":false},"featured_media":124867,"template":"","meta":{"site-sidebar-layout":"default","site-content-layout":"","ast-site-content-layout":"","site-content-style":"default","site-sidebar-style":"default","ast-global-header-display":"","ast-banner-title-visibility":"","ast-main-header-display":"","ast-hfb-above-header-display":"","ast-hfb-below-header-display":"","ast-hfb-mobile-header-display":"","site-post-title":"","ast-breadcrumbs-content":"","ast-featured-img":"","footer-sml-layout":"","theme-transparent-header-meta":"","adv-header-id-meta":"","stick-header-meta":"","header-above-stick-meta":"","header-main-stick-meta":"","header-below-stick-meta":"","astra-migrate-meta-layouts":"default","ast-page-background-enabled":"default","ast-page-background-meta":{"desktop":{"background-color":"","background-image":"","background-repeat":"repeat","background-position":"center center","background-size":"auto","background-attachment":"scroll","background-type":"","background-media":"","overlay-type":"","overlay-color":"","overlay-opacity":"","overlay-gradient":""},"tablet":{"background-color":"","background-image":"","background-repeat":"repeat","background-position":"center center","background-size":"auto","background-attachment":"scroll","background-type":"","background-media":"","overlay-type":"","overlay-color":"","overlay-opacity":"","overlay-gradient":""},"mobile":{"background-color":"","background-image":"","background-repeat":"repeat","background-position":"center center","background-size":"auto","background-attachment":"scroll","background-type":"","background-media":"","overlay-type":"","overlay-color":"","overlay-opacity":"","overlay-gradient":""}},"ast-content-background-meta":{"desktop":{"background-color":"var(--ast-global-color-5)","background-image":"","background-repeat":"repeat","background-position":"center center","background-size":"auto","background-attachment":"scroll","background-type":"","background-media":"","overlay-type":"","overlay-color":"","overlay-opacity":"","overlay-gradient":""},"tablet":{"background-color":"var(--ast-global-color-5)","background-image":"","background-repeat":"repeat","background-position":"center center","background-size":"auto","background-attachment":"scroll","background-type":"","background-media":"","overlay-type":"","overlay-color":"","overlay-opacity":"","overlay-gradient":""},"mobile":{"background-color":"var(--ast-global-color-5)","background-image":"","background-repeat":"repeat","background-position":"center center","background-size":"auto","background-attachment":"scroll","background-type":"","background-media":"","overlay-type":"","overlay-color":"","overlay-opacity":"","overlay-gradient":""}}},"product_brand":[],"product_cat":[34225],"product_tag":[],"pa_brand_name":[25035],"class_list":{"0":"post-120971","1":"product","2":"type-product","3":"status-publish","4":"has-post-thumbnail","6":"product_cat-summer-tires-pv","7":"pa_brand_name-continental","8":"desktop-align-left","9":"tablet-align-left","10":"mobile-align-left","12":"first","13":"outofstock","14":"taxable","15":"shipping-taxable","16":"purchasable","17":"product-type-simple"},"_links":{"self":[{"href":"https:\/\/shop.rettum.ee\/en\/wp-json\/wp\/v2\/product\/120971","targetHints":{"allow":["GET"]}}],"collection":[{"href":"https:\/\/shop.rettum.ee\/en\/wp-json\/wp\/v2\/product"}],"about":[{"href":"https:\/\/shop.rettum.ee\/en\/wp-json\/wp\/v2\/types\/product"}],"version-history":[{"count":1,"href":"https:\/\/shop.rettum.ee\/en\/wp-json\/wp\/v2\/product\/120971\/revisions"}],"predecessor-version":[{"id":125624,"href":"https:\/\/shop.rettum.ee\/en\/wp-json\/wp\/v2\/product\/120971\/revisions\/125624"}],"wp:featuredmedia":[{"embeddable":true,"href":"https:\/\/shop.rettum.ee\/en\/wp-json\/wp\/v2\/media\/124867"}],"wp:attachment":[{"href":"https:\/\/shop.rettum.ee\/en\/wp-json\/wp\/v2\/media?parent=120971"}],"wp:term":[{"taxonomy":"product_brand","embeddable":true,"href":"https:\/\/shop.rettum.ee\/en\/wp-json\/wp\/v2\/product_brand?post=120971"},{"taxonomy":"product_cat","embeddable":true,"href":"https:\/\/shop.rettum.ee\/en\/wp-json\/wp\/v2\/product_cat?post=120971"},{"taxonomy":"product_tag","embeddable":true,"href":"https:\/\/shop.rettum.ee\/en\/wp-json\/wp\/v2\/product_tag?post=120971"},{"taxonomy":"pa_brand_name","embeddable":true,"href":"https:\/\/shop.rettum.ee\/en\/wp-json\/wp\/v2\/pa_brand_name?post=120971"}],"curies":[{"name":"wp","href":"https:\/\/api.w.org\/{rel}","templated":true}]}}