{"id":120972,"date":"2025-03-31T03:08:37","date_gmt":"2025-03-31T00:08:37","guid":{"rendered":"https:\/\/shop.rettum.ee\/toode\/235-55r18-continental-ecocontact-6-100v-aab71\/"},"modified":"2026-03-22T03:06:48","modified_gmt":"2026-03-22T01:06:48","slug":"235-55r18-continental-ecocontact-6-100v-aab71","status":"publish","type":"product","link":"https:\/\/shop.rettum.ee\/en\/product\/235-55r18-continental-ecocontact-6-100v-aab71\/","title":{"rendered":"235\/55R18 CONTINENTAL ECOCONTACT 6 100V AAB71"},"content":{"rendered":"<p>Tootenimi 235\/55R18 CONTINENTAL ECOCONTACT 6 100V AAB71 on kvaliteetne ja keskkonnas\u00f5bralik rehv, mis on loodud pakkuma suurep\u00e4rast s\u00f5idumugavust ja t\u00f5husat k\u00fctuses\u00e4\u00e4stu. Continental on tuntud oma innovaatiliste ja usaldusv\u00e4\u00e4rsete lahenduste poolest, mist\u00f5ttu annab see rehv tagatud haarduvuse nii m\u00e4rjal kui ka kuivajal. Optimeeritud mustriga disain v\u00e4hendab veeretakistust ja aitab seel\u00e4bi parandada k\u00fctusekulu ning v\u00e4hendada CO2 heitkoguseid.<\/p>\n<p>Rehvi m\u00f5\u00f5tmed ja j\u00f5udlusn\u00e4itajad (100V) teevad sellest ideaalse valiku erinevate s\u00f5idukite jaoks, pakkudes stabiilset ja turvalist s\u00f5iduelamust igas olukorras. AAB71 kood n\u00e4itab tootmise k\u00f5rget kvaliteedi ning hoolikat kontrolli iga rehviga, et tagada parim j\u00f5udlus ja ohutus teel.<\/p>\n<p>Kui otsid rehvi, mis \u00fchendab tipptasemel insenerit\u00f6\u00f6, j\u00e4tkusuutlikkuse ja usaldusv\u00e4\u00e4rse s\u00f5idud\u00fcnaamika, on 235\/55R18 CONTINENTAL ECOCONTACT 6 parim valik. See rehv aitab mitte ainult parandada s\u00f5iduki \u00fcldist j\u00f5udlust, vaid ka v\u00e4hendada igap\u00e4evase s\u00f5idu kulusid ja m\u00f5ju keskkonnale.<\/p>","protected":false},"excerpt":{"rendered":"<p>Tootenimi 235\/55R18 CONTINENTAL ECOCONTACT 6 100V AAB71 on kvaliteetne ja keskkonnas\u00f5bralik rehv, mis on loodud pakkuma suurep\u00e4rast s\u00f5idumugavust ja t\u00f5husat k\u00fctuses\u00e4\u00e4stu. Continental on tuntud oma innovaatiliste ja usaldusv\u00e4\u00e4rsete lahenduste poolest, mist\u00f5ttu annab see rehv tagatud haarduvuse nii m\u00e4rjal kui ka kuivajal. Optimeeritud mustriga disain v\u00e4hendab veeretakistust ja aitab seel\u00e4bi parandada k\u00fctusekulu ning v\u00e4hendada CO2 heitkoguseid. [&hellip;]<\/p>\n","protected":false},"featured_media":124867,"template":"","meta":{"site-sidebar-layout":"default","site-content-layout":"","ast-site-content-layout":"","site-content-style":"default","site-sidebar-style":"default","ast-global-header-display":"","ast-banner-title-visibility":"","ast-main-header-display":"","ast-hfb-above-header-display":"","ast-hfb-below-header-display":"","ast-hfb-mobile-header-display":"","site-post-title":"","ast-breadcrumbs-content":"","ast-featured-img":"","footer-sml-layout":"","theme-transparent-header-meta":"","adv-header-id-meta":"","stick-header-meta":"","header-above-stick-meta":"","header-main-stick-meta":"","header-below-stick-meta":"","astra-migrate-meta-layouts":"default","ast-page-background-enabled":"default","ast-page-background-meta":{"desktop":{"background-color":"","background-image":"","background-repeat":"repeat","background-position":"center center","background-size":"auto","background-attachment":"scroll","background-type":"","background-media":"","overlay-type":"","overlay-color":"","overlay-opacity":"","overlay-gradient":""},"tablet":{"background-color":"","background-image":"","background-repeat":"repeat","background-position":"center center","background-size":"auto","background-attachment":"scroll","background-type":"","background-media":"","overlay-type":"","overlay-color":"","overlay-opacity":"","overlay-gradient":""},"mobile":{"background-color":"","background-image":"","background-repeat":"repeat","background-position":"center center","background-size":"auto","background-attachment":"scroll","background-type":"","background-media":"","overlay-type":"","overlay-color":"","overlay-opacity":"","overlay-gradient":""}},"ast-content-background-meta":{"desktop":{"background-color":"var(--ast-global-color-5)","background-image":"","background-repeat":"repeat","background-position":"center center","background-size":"auto","background-attachment":"scroll","background-type":"","background-media":"","overlay-type":"","overlay-color":"","overlay-opacity":"","overlay-gradient":""},"tablet":{"background-color":"var(--ast-global-color-5)","background-image":"","background-repeat":"repeat","background-position":"center center","background-size":"auto","background-attachment":"scroll","background-type":"","background-media":"","overlay-type":"","overlay-color":"","overlay-opacity":"","overlay-gradient":""},"mobile":{"background-color":"var(--ast-global-color-5)","background-image":"","background-repeat":"repeat","background-position":"center center","background-size":"auto","background-attachment":"scroll","background-type":"","background-media":"","overlay-type":"","overlay-color":"","overlay-opacity":"","overlay-gradient":""}}},"product_brand":[],"product_cat":[34225],"product_tag":[],"pa_brand_name":[25035],"class_list":{"0":"post-120972","1":"product","2":"type-product","3":"status-publish","4":"has-post-thumbnail","6":"product_cat-summer-tires-pv","7":"pa_brand_name-continental","8":"desktop-align-left","9":"tablet-align-left","10":"mobile-align-left","12":"first","13":"outofstock","14":"taxable","15":"shipping-taxable","16":"purchasable","17":"product-type-simple"},"_links":{"self":[{"href":"https:\/\/shop.rettum.ee\/en\/wp-json\/wp\/v2\/product\/120972","targetHints":{"allow":["GET"]}}],"collection":[{"href":"https:\/\/shop.rettum.ee\/en\/wp-json\/wp\/v2\/product"}],"about":[{"href":"https:\/\/shop.rettum.ee\/en\/wp-json\/wp\/v2\/types\/product"}],"version-history":[{"count":1,"href":"https:\/\/shop.rettum.ee\/en\/wp-json\/wp\/v2\/product\/120972\/revisions"}],"predecessor-version":[{"id":125623,"href":"https:\/\/shop.rettum.ee\/en\/wp-json\/wp\/v2\/product\/120972\/revisions\/125623"}],"wp:featuredmedia":[{"embeddable":true,"href":"https:\/\/shop.rettum.ee\/en\/wp-json\/wp\/v2\/media\/124867"}],"wp:attachment":[{"href":"https:\/\/shop.rettum.ee\/en\/wp-json\/wp\/v2\/media?parent=120972"}],"wp:term":[{"taxonomy":"product_brand","embeddable":true,"href":"https:\/\/shop.rettum.ee\/en\/wp-json\/wp\/v2\/product_brand?post=120972"},{"taxonomy":"product_cat","embeddable":true,"href":"https:\/\/shop.rettum.ee\/en\/wp-json\/wp\/v2\/product_cat?post=120972"},{"taxonomy":"product_tag","embeddable":true,"href":"https:\/\/shop.rettum.ee\/en\/wp-json\/wp\/v2\/product_tag?post=120972"},{"taxonomy":"pa_brand_name","embeddable":true,"href":"https:\/\/shop.rettum.ee\/en\/wp-json\/wp\/v2\/pa_brand_name?post=120972"}],"curies":[{"name":"wp","href":"https:\/\/api.w.org\/{rel}","templated":true}]}}