{"id":120973,"date":"2025-03-31T03:08:38","date_gmt":"2025-03-31T00:08:38","guid":{"rendered":"https:\/\/shop.rettum.ee\/toode\/235-55r18-continental-ecocontact-6-100v-vol-abb71\/"},"modified":"2026-03-22T03:06:48","modified_gmt":"2026-03-22T01:06:48","slug":"235-55r18-continental-ecocontact-6-100v-vol-abb71","status":"publish","type":"product","link":"https:\/\/shop.rettum.ee\/en\/product\/235-55r18-continental-ecocontact-6-100v-vol-abb71\/","title":{"rendered":"235\/55R18 CONTINENTAL ECOCONTACT 6 100V VOL ABB71"},"content":{"rendered":"<p>Continental ECOCONTACT 6 235\/55R18 on tipptasemel inima rehv, mis tagab \u00fclimalt turvalise ja \u00f6konoomse s\u00f5idukogemuse. Selle kaasaegne disain ja spetsiaalselt optimeeritud rehvi mustrid v\u00f5imaldavad saavutada madala veeretakistuse, aidates v\u00e4hendada k\u00fctusekulu ning CO2 emissioone. Rehv on konstrueeritud pakkuma suurep\u00e4rast haarduvust nii kuival kui niiskel teel, mis tagab kindla pidurdusj\u00f5u ja stabiilsuse igas s\u00f5idutingimustes.<\/p>\n<p>Continental ECOCONTACT 6 sobib ideaalselt erinevat t\u00fc\u00fcpi pereautodele, pakkudes pikema eluea ja usaldusv\u00e4\u00e4rse j\u00f5udluse kombinatsiooni. Selle 100V kiirusindeks annab m\u00e4rku suurep\u00e4rasest t\u00f6\u00f6kindlusest ja v\u00f5imekusest k\u00f5rgkiirusel. VOL ABB71 sertifikaat kinnitab toote vastavust rangetele kvaliteedi- ja ohutusstandarditele.<\/p>\n<p>Valides selle rehvip\u00e4rli, eelistate mitte ainult turvalisust ja vastupidavust, vaid ka keskkonnas\u00f5bralikku lahendust, mis aitab teil nautida sujuvat ja \u00f6konoomset s\u00f5itu igal kilomeetril.<\/p>","protected":false},"excerpt":{"rendered":"<p>Continental ECOCONTACT 6 235\/55R18 on tipptasemel inima rehv, mis tagab \u00fclimalt turvalise ja \u00f6konoomse s\u00f5idukogemuse. Selle kaasaegne disain ja spetsiaalselt optimeeritud rehvi mustrid v\u00f5imaldavad saavutada madala veeretakistuse, aidates v\u00e4hendada k\u00fctusekulu ning CO2 emissioone. Rehv on konstrueeritud pakkuma suurep\u00e4rast haarduvust nii kuival kui niiskel teel, mis tagab kindla pidurdusj\u00f5u ja stabiilsuse igas s\u00f5idutingimustes. Continental ECOCONTACT 6 [&hellip;]<\/p>\n","protected":false},"featured_media":124867,"template":"","meta":{"site-sidebar-layout":"default","site-content-layout":"","ast-site-content-layout":"","site-content-style":"default","site-sidebar-style":"default","ast-global-header-display":"","ast-banner-title-visibility":"","ast-main-header-display":"","ast-hfb-above-header-display":"","ast-hfb-below-header-display":"","ast-hfb-mobile-header-display":"","site-post-title":"","ast-breadcrumbs-content":"","ast-featured-img":"","footer-sml-layout":"","theme-transparent-header-meta":"","adv-header-id-meta":"","stick-header-meta":"","header-above-stick-meta":"","header-main-stick-meta":"","header-below-stick-meta":"","astra-migrate-meta-layouts":"default","ast-page-background-enabled":"default","ast-page-background-meta":{"desktop":{"background-color":"","background-image":"","background-repeat":"repeat","background-position":"center center","background-size":"auto","background-attachment":"scroll","background-type":"","background-media":"","overlay-type":"","overlay-color":"","overlay-opacity":"","overlay-gradient":""},"tablet":{"background-color":"","background-image":"","background-repeat":"repeat","background-position":"center center","background-size":"auto","background-attachment":"scroll","background-type":"","background-media":"","overlay-type":"","overlay-color":"","overlay-opacity":"","overlay-gradient":""},"mobile":{"background-color":"","background-image":"","background-repeat":"repeat","background-position":"center center","background-size":"auto","background-attachment":"scroll","background-type":"","background-media":"","overlay-type":"","overlay-color":"","overlay-opacity":"","overlay-gradient":""}},"ast-content-background-meta":{"desktop":{"background-color":"var(--ast-global-color-5)","background-image":"","background-repeat":"repeat","background-position":"center center","background-size":"auto","background-attachment":"scroll","background-type":"","background-media":"","overlay-type":"","overlay-color":"","overlay-opacity":"","overlay-gradient":""},"tablet":{"background-color":"var(--ast-global-color-5)","background-image":"","background-repeat":"repeat","background-position":"center center","background-size":"auto","background-attachment":"scroll","background-type":"","background-media":"","overlay-type":"","overlay-color":"","overlay-opacity":"","overlay-gradient":""},"mobile":{"background-color":"var(--ast-global-color-5)","background-image":"","background-repeat":"repeat","background-position":"center center","background-size":"auto","background-attachment":"scroll","background-type":"","background-media":"","overlay-type":"","overlay-color":"","overlay-opacity":"","overlay-gradient":""}}},"product_brand":[],"product_cat":[34225],"product_tag":[],"pa_brand_name":[25035],"class_list":{"0":"post-120973","1":"product","2":"type-product","3":"status-publish","4":"has-post-thumbnail","6":"product_cat-summer-tires-pv","7":"pa_brand_name-continental","8":"desktop-align-left","9":"tablet-align-left","10":"mobile-align-left","12":"first","13":"outofstock","14":"taxable","15":"shipping-taxable","16":"purchasable","17":"product-type-simple"},"_links":{"self":[{"href":"https:\/\/shop.rettum.ee\/en\/wp-json\/wp\/v2\/product\/120973","targetHints":{"allow":["GET"]}}],"collection":[{"href":"https:\/\/shop.rettum.ee\/en\/wp-json\/wp\/v2\/product"}],"about":[{"href":"https:\/\/shop.rettum.ee\/en\/wp-json\/wp\/v2\/types\/product"}],"version-history":[{"count":1,"href":"https:\/\/shop.rettum.ee\/en\/wp-json\/wp\/v2\/product\/120973\/revisions"}],"predecessor-version":[{"id":125622,"href":"https:\/\/shop.rettum.ee\/en\/wp-json\/wp\/v2\/product\/120973\/revisions\/125622"}],"wp:featuredmedia":[{"embeddable":true,"href":"https:\/\/shop.rettum.ee\/en\/wp-json\/wp\/v2\/media\/124867"}],"wp:attachment":[{"href":"https:\/\/shop.rettum.ee\/en\/wp-json\/wp\/v2\/media?parent=120973"}],"wp:term":[{"taxonomy":"product_brand","embeddable":true,"href":"https:\/\/shop.rettum.ee\/en\/wp-json\/wp\/v2\/product_brand?post=120973"},{"taxonomy":"product_cat","embeddable":true,"href":"https:\/\/shop.rettum.ee\/en\/wp-json\/wp\/v2\/product_cat?post=120973"},{"taxonomy":"product_tag","embeddable":true,"href":"https:\/\/shop.rettum.ee\/en\/wp-json\/wp\/v2\/product_tag?post=120973"},{"taxonomy":"pa_brand_name","embeddable":true,"href":"https:\/\/shop.rettum.ee\/en\/wp-json\/wp\/v2\/pa_brand_name?post=120973"}],"curies":[{"name":"wp","href":"https:\/\/api.w.org\/{rel}","templated":true}]}}