{"id":120974,"date":"2025-03-31T03:08:39","date_gmt":"2025-03-31T00:08:39","guid":{"rendered":"https:\/\/shop.rettum.ee\/toode\/235-55r18-continental-ecocontact-6-104t-xl-mo-abb71\/"},"modified":"2026-03-26T02:47:59","modified_gmt":"2026-03-26T00:47:59","slug":"235-55r18-continental-ecocontact-6-104t-xl-mo-abb71","status":"publish","type":"product","link":"https:\/\/shop.rettum.ee\/en\/product\/235-55r18-continental-ecocontact-6-104t-xl-mo-abb71\/","title":{"rendered":"235\/55R18 CONTINENTAL ECOCONTACT 6 104T XL MO ABB71"},"content":{"rendered":"<p>Continental ECOCONTACT 6 rehvid pakuvad tipptasemel j\u00f5udlust ja k\u00fctuses\u00e4\u00e4stlikkust t\u00e4nu uuenduslikule disainile ja tehnoloogiale. Mudeli 235\/55R18 m\u00f5\u00f5tmed koos 104T ja XL klassifitseeringuga tagavad erakordse haarduvuse nii kuivadel kui m\u00e4rgadel teedel, pakkudes maksimaalset turvalisust igas s\u00f5iduolukorras. Rehvi spetsiaalselt optimeeritud mustriga konstruktsioon v\u00e4hendab veeretakistust, aidates seel\u00e4bi s\u00f5iduki k\u00fctusekulu ja CO2 heitkoguseid v\u00e4hendada.<\/p>\n<p>ECOCONTACT 6 rehvid on loodud vastama t\u00e4nap\u00e4evaste auto juhtide n\u00f5udmistele, pakkudes usaldusv\u00e4\u00e4rset ja pikaajalist vastupidavust ka n\u00f5udlikes s\u00f5idutingimustes. XL-t\u00e4histatud versioon sobib ideaalselt neile, kes vajavad suuremat koormustaluvust ja stabiilsust. <\/p>\n<p>Continental ECOCONTACT 6 on ideaalne valik neile, kes otsivad turvalist, \u00f6konoomset ja keskkonnas\u00f5bralikku s\u00f5idukogemust. Uuenduslik tehnoloogia ja tipptasemel disain teevad neist rehvidest kindla partneri nii igap\u00e4evasteks s\u00f5idudeks kui ka pikemateks teekondadeks, pakkudes kindlust unde \u00fclim s\u00f5idumugavust ja sooritust.<\/p>","protected":false},"excerpt":{"rendered":"<p>Continental ECOCONTACT 6 rehvid pakuvad tipptasemel j\u00f5udlust ja k\u00fctuses\u00e4\u00e4stlikkust t\u00e4nu uuenduslikule disainile ja tehnoloogiale. Mudeli 235\/55R18 m\u00f5\u00f5tmed koos 104T ja XL klassifitseeringuga tagavad erakordse haarduvuse nii kuivadel kui m\u00e4rgadel teedel, pakkudes maksimaalset turvalisust igas s\u00f5iduolukorras. Rehvi spetsiaalselt optimeeritud mustriga konstruktsioon v\u00e4hendab veeretakistust, aidates seel\u00e4bi s\u00f5iduki k\u00fctusekulu ja CO2 heitkoguseid v\u00e4hendada. ECOCONTACT 6 rehvid on loodud [&hellip;]<\/p>\n","protected":false},"featured_media":124867,"template":"","meta":{"site-sidebar-layout":"default","site-content-layout":"","ast-site-content-layout":"","site-content-style":"default","site-sidebar-style":"default","ast-global-header-display":"","ast-banner-title-visibility":"","ast-main-header-display":"","ast-hfb-above-header-display":"","ast-hfb-below-header-display":"","ast-hfb-mobile-header-display":"","site-post-title":"","ast-breadcrumbs-content":"","ast-featured-img":"","footer-sml-layout":"","theme-transparent-header-meta":"","adv-header-id-meta":"","stick-header-meta":"","header-above-stick-meta":"","header-main-stick-meta":"","header-below-stick-meta":"","astra-migrate-meta-layouts":"default","ast-page-background-enabled":"default","ast-page-background-meta":{"desktop":{"background-color":"","background-image":"","background-repeat":"repeat","background-position":"center center","background-size":"auto","background-attachment":"scroll","background-type":"","background-media":"","overlay-type":"","overlay-color":"","overlay-opacity":"","overlay-gradient":""},"tablet":{"background-color":"","background-image":"","background-repeat":"repeat","background-position":"center center","background-size":"auto","background-attachment":"scroll","background-type":"","background-media":"","overlay-type":"","overlay-color":"","overlay-opacity":"","overlay-gradient":""},"mobile":{"background-color":"","background-image":"","background-repeat":"repeat","background-position":"center center","background-size":"auto","background-attachment":"scroll","background-type":"","background-media":"","overlay-type":"","overlay-color":"","overlay-opacity":"","overlay-gradient":""}},"ast-content-background-meta":{"desktop":{"background-color":"var(--ast-global-color-5)","background-image":"","background-repeat":"repeat","background-position":"center center","background-size":"auto","background-attachment":"scroll","background-type":"","background-media":"","overlay-type":"","overlay-color":"","overlay-opacity":"","overlay-gradient":""},"tablet":{"background-color":"var(--ast-global-color-5)","background-image":"","background-repeat":"repeat","background-position":"center center","background-size":"auto","background-attachment":"scroll","background-type":"","background-media":"","overlay-type":"","overlay-color":"","overlay-opacity":"","overlay-gradient":""},"mobile":{"background-color":"var(--ast-global-color-5)","background-image":"","background-repeat":"repeat","background-position":"center center","background-size":"auto","background-attachment":"scroll","background-type":"","background-media":"","overlay-type":"","overlay-color":"","overlay-opacity":"","overlay-gradient":""}}},"product_brand":[],"product_cat":[34225],"product_tag":[],"pa_brand_name":[25035],"class_list":{"0":"post-120974","1":"product","2":"type-product","3":"status-publish","4":"has-post-thumbnail","6":"product_cat-summer-tires-pv","7":"pa_brand_name-continental","8":"desktop-align-left","9":"tablet-align-left","10":"mobile-align-left","12":"first","13":"instock","14":"taxable","15":"shipping-taxable","16":"purchasable","17":"product-type-simple"},"_links":{"self":[{"href":"https:\/\/shop.rettum.ee\/en\/wp-json\/wp\/v2\/product\/120974","targetHints":{"allow":["GET"]}}],"collection":[{"href":"https:\/\/shop.rettum.ee\/en\/wp-json\/wp\/v2\/product"}],"about":[{"href":"https:\/\/shop.rettum.ee\/en\/wp-json\/wp\/v2\/types\/product"}],"version-history":[{"count":1,"href":"https:\/\/shop.rettum.ee\/en\/wp-json\/wp\/v2\/product\/120974\/revisions"}],"predecessor-version":[{"id":125620,"href":"https:\/\/shop.rettum.ee\/en\/wp-json\/wp\/v2\/product\/120974\/revisions\/125620"}],"wp:featuredmedia":[{"embeddable":true,"href":"https:\/\/shop.rettum.ee\/en\/wp-json\/wp\/v2\/media\/124867"}],"wp:attachment":[{"href":"https:\/\/shop.rettum.ee\/en\/wp-json\/wp\/v2\/media?parent=120974"}],"wp:term":[{"taxonomy":"product_brand","embeddable":true,"href":"https:\/\/shop.rettum.ee\/en\/wp-json\/wp\/v2\/product_brand?post=120974"},{"taxonomy":"product_cat","embeddable":true,"href":"https:\/\/shop.rettum.ee\/en\/wp-json\/wp\/v2\/product_cat?post=120974"},{"taxonomy":"product_tag","embeddable":true,"href":"https:\/\/shop.rettum.ee\/en\/wp-json\/wp\/v2\/product_tag?post=120974"},{"taxonomy":"pa_brand_name","embeddable":true,"href":"https:\/\/shop.rettum.ee\/en\/wp-json\/wp\/v2\/pa_brand_name?post=120974"}],"curies":[{"name":"wp","href":"https:\/\/api.w.org\/{rel}","templated":true}]}}