{"id":120975,"date":"2025-03-31T03:08:39","date_gmt":"2025-03-31T00:08:39","guid":{"rendered":"https:\/\/shop.rettum.ee\/toode\/235-55r18-continental-ecocontact-6-104v-xl-vol-abb72\/"},"modified":"2026-03-22T03:06:49","modified_gmt":"2026-03-22T01:06:49","slug":"235-55r18-continental-ecocontact-6-104v-xl-vol-abb72","status":"publish","type":"product","link":"https:\/\/shop.rettum.ee\/en\/product\/235-55r18-continental-ecocontact-6-104v-xl-vol-abb72\/","title":{"rendered":"235\/55R18 CONTINENTAL ECOCONTACT 6 104V XL VOL ABB72"},"content":{"rendered":"<p>Continental ECOCONTACT 6 235\/55R18 XL VOL ABB72 on hoolikalt disainitud rehvid, mis \u00fchendavad tipptasemel tehnoloogia ja t\u00f6\u00f6kindluse. Rehvi m\u00f5\u00f5tmed (235\/55R18) pakuvad optimaalset kontakti teega ning tagavad stabiilse s\u00f5iduk\u00e4itumise ka keerulistes s\u00f5iduoludes. XL-indikatsioon kinnitab ekstra koormuskindlust \u2013 rehvid on loodud taluma suuremat koormust, s\u00e4ilitades samal ajal turvalise ja usaldusv\u00e4\u00e4rse k\u00e4itumise.<\/p>\n<p>104V m\u00e4rk annab teada k\u00f5rgetest koormus- ja kiirusindeksite v\u00e4\u00e4rtustest, mis v\u00f5imaldavad ohutut s\u00f5itu ka k\u00f5rgematel kiirustel. Continental ECOCONTACT 6 seeria on tuntud madala veeretakistuse poolest, mille tulemusena paraneb k\u00fctuses\u00e4\u00e4stlikkus ja v\u00e4henevad heitkogused. Samuti on rehvid optimeeritud pakkuma suurep\u00e4rast haarduvust nii m\u00e4rjal kui kuivadel teedel, mis tagab kindla ja enesekindla s\u00f5idu igas olukorras.<\/p>\n<p>Valides Continental ECOCONTACT 6 rehvid, saab autojuht nautida ohutut, majandustegurit ja vastupidavust, mis sobivad ideaalselt kaasaegse s\u00f5iduki n\u00f5udmistele.<\/p>","protected":false},"excerpt":{"rendered":"<p>Continental ECOCONTACT 6 235\/55R18 XL VOL ABB72 on hoolikalt disainitud rehvid, mis \u00fchendavad tipptasemel tehnoloogia ja t\u00f6\u00f6kindluse. Rehvi m\u00f5\u00f5tmed (235\/55R18) pakuvad optimaalset kontakti teega ning tagavad stabiilse s\u00f5iduk\u00e4itumise ka keerulistes s\u00f5iduoludes. XL-indikatsioon kinnitab ekstra koormuskindlust \u2013 rehvid on loodud taluma suuremat koormust, s\u00e4ilitades samal ajal turvalise ja usaldusv\u00e4\u00e4rse k\u00e4itumise. 104V m\u00e4rk annab teada k\u00f5rgetest koormus- [&hellip;]<\/p>\n","protected":false},"featured_media":124867,"template":"","meta":{"site-sidebar-layout":"default","site-content-layout":"","ast-site-content-layout":"","site-content-style":"default","site-sidebar-style":"default","ast-global-header-display":"","ast-banner-title-visibility":"","ast-main-header-display":"","ast-hfb-above-header-display":"","ast-hfb-below-header-display":"","ast-hfb-mobile-header-display":"","site-post-title":"","ast-breadcrumbs-content":"","ast-featured-img":"","footer-sml-layout":"","theme-transparent-header-meta":"","adv-header-id-meta":"","stick-header-meta":"","header-above-stick-meta":"","header-main-stick-meta":"","header-below-stick-meta":"","astra-migrate-meta-layouts":"default","ast-page-background-enabled":"default","ast-page-background-meta":{"desktop":{"background-color":"","background-image":"","background-repeat":"repeat","background-position":"center center","background-size":"auto","background-attachment":"scroll","background-type":"","background-media":"","overlay-type":"","overlay-color":"","overlay-opacity":"","overlay-gradient":""},"tablet":{"background-color":"","background-image":"","background-repeat":"repeat","background-position":"center center","background-size":"auto","background-attachment":"scroll","background-type":"","background-media":"","overlay-type":"","overlay-color":"","overlay-opacity":"","overlay-gradient":""},"mobile":{"background-color":"","background-image":"","background-repeat":"repeat","background-position":"center center","background-size":"auto","background-attachment":"scroll","background-type":"","background-media":"","overlay-type":"","overlay-color":"","overlay-opacity":"","overlay-gradient":""}},"ast-content-background-meta":{"desktop":{"background-color":"var(--ast-global-color-5)","background-image":"","background-repeat":"repeat","background-position":"center center","background-size":"auto","background-attachment":"scroll","background-type":"","background-media":"","overlay-type":"","overlay-color":"","overlay-opacity":"","overlay-gradient":""},"tablet":{"background-color":"var(--ast-global-color-5)","background-image":"","background-repeat":"repeat","background-position":"center center","background-size":"auto","background-attachment":"scroll","background-type":"","background-media":"","overlay-type":"","overlay-color":"","overlay-opacity":"","overlay-gradient":""},"mobile":{"background-color":"var(--ast-global-color-5)","background-image":"","background-repeat":"repeat","background-position":"center center","background-size":"auto","background-attachment":"scroll","background-type":"","background-media":"","overlay-type":"","overlay-color":"","overlay-opacity":"","overlay-gradient":""}}},"product_brand":[],"product_cat":[34225],"product_tag":[],"pa_brand_name":[25035],"class_list":{"0":"post-120975","1":"product","2":"type-product","3":"status-publish","4":"has-post-thumbnail","6":"product_cat-summer-tires-pv","7":"pa_brand_name-continental","8":"desktop-align-left","9":"tablet-align-left","10":"mobile-align-left","12":"first","13":"outofstock","14":"taxable","15":"shipping-taxable","16":"purchasable","17":"product-type-simple"},"_links":{"self":[{"href":"https:\/\/shop.rettum.ee\/en\/wp-json\/wp\/v2\/product\/120975","targetHints":{"allow":["GET"]}}],"collection":[{"href":"https:\/\/shop.rettum.ee\/en\/wp-json\/wp\/v2\/product"}],"about":[{"href":"https:\/\/shop.rettum.ee\/en\/wp-json\/wp\/v2\/types\/product"}],"version-history":[{"count":1,"href":"https:\/\/shop.rettum.ee\/en\/wp-json\/wp\/v2\/product\/120975\/revisions"}],"predecessor-version":[{"id":125621,"href":"https:\/\/shop.rettum.ee\/en\/wp-json\/wp\/v2\/product\/120975\/revisions\/125621"}],"wp:featuredmedia":[{"embeddable":true,"href":"https:\/\/shop.rettum.ee\/en\/wp-json\/wp\/v2\/media\/124867"}],"wp:attachment":[{"href":"https:\/\/shop.rettum.ee\/en\/wp-json\/wp\/v2\/media?parent=120975"}],"wp:term":[{"taxonomy":"product_brand","embeddable":true,"href":"https:\/\/shop.rettum.ee\/en\/wp-json\/wp\/v2\/product_brand?post=120975"},{"taxonomy":"product_cat","embeddable":true,"href":"https:\/\/shop.rettum.ee\/en\/wp-json\/wp\/v2\/product_cat?post=120975"},{"taxonomy":"product_tag","embeddable":true,"href":"https:\/\/shop.rettum.ee\/en\/wp-json\/wp\/v2\/product_tag?post=120975"},{"taxonomy":"pa_brand_name","embeddable":true,"href":"https:\/\/shop.rettum.ee\/en\/wp-json\/wp\/v2\/pa_brand_name?post=120975"}],"curies":[{"name":"wp","href":"https:\/\/api.w.org\/{rel}","templated":true}]}}