{"id":120976,"date":"2025-03-31T03:08:40","date_gmt":"2025-03-31T00:08:40","guid":{"rendered":"https:\/\/shop.rettum.ee\/toode\/245-40r18-continental-premiumcontact-6-97y-xl-mo-fr-cab72\/"},"modified":"2026-03-22T03:06:49","modified_gmt":"2026-03-22T01:06:49","slug":"245-40r18-continental-premiumcontact-6-97y-xl-mo-fr-cab72","status":"publish","type":"product","link":"https:\/\/shop.rettum.ee\/en\/product\/245-40r18-continental-premiumcontact-6-97y-xl-mo-fr-cab72\/","title":{"rendered":"245\/40R18 CONTINENTAL PREMIUMCONTACT 6 97Y XL MO FR CAB72"},"content":{"rendered":"<p>Continental PremiumContact 6 245\/40R18 on tipptasemel rehv, mis \u00fchendab innovatsiooni ja t\u00f6\u00f6kindluse, pakkudes s\u00f5idule maksimaalset ohutust ja mugavust. Selle t\u00e4pselt disainitud mustrid tagavad erakordse haarduvuse nii kuivadel kui ka m\u00e4rgadel teedel, v\u00f5imaldades kiireid ja t\u00e4pseid man\u00f6\u00f6vreid ka n\u00f5udlikes tingimustes. XL-konstruktsioon koos 97Y klassifikatsiooniga tagab suurep\u00e4rase koormustaluvuse ja stabiilsuse k\u00f5rgetel kiirustel, pakkudes s\u00f5idukile vajalikku turvalisust ja vastupidavust.<\/p>\n<p>Rehv vastab rangeatele CAB72 standarditele ning MO FR spetsifikatsioonidele, mis kinnitavad selle kvaliteeti ja sobivust n\u00f5udlikeks s\u00f5idutingimusteks. Continental PremiumContact 6 on ideaalne valik juhtidele, kes v\u00e4\u00e4rtustavad s\u00f5idumugavust, t\u00e4pset juhitavust ja pikaajalist t\u00f6\u00f6kindlust. Investeeri oma s\u00f5idukisse k\u00f5rgetasemeline kvaliteet ja naudi ohutut ning enesekindlat s\u00f5itu igal teel.<\/p>","protected":false},"excerpt":{"rendered":"<p>Continental PremiumContact 6 245\/40R18 on tipptasemel rehv, mis \u00fchendab innovatsiooni ja t\u00f6\u00f6kindluse, pakkudes s\u00f5idule maksimaalset ohutust ja mugavust. Selle t\u00e4pselt disainitud mustrid tagavad erakordse haarduvuse nii kuivadel kui ka m\u00e4rgadel teedel, v\u00f5imaldades kiireid ja t\u00e4pseid man\u00f6\u00f6vreid ka n\u00f5udlikes tingimustes. XL-konstruktsioon koos 97Y klassifikatsiooniga tagab suurep\u00e4rase koormustaluvuse ja stabiilsuse k\u00f5rgetel kiirustel, pakkudes s\u00f5idukile vajalikku turvalisust ja [&hellip;]<\/p>\n","protected":false},"featured_media":124217,"template":"","meta":{"site-sidebar-layout":"default","site-content-layout":"","ast-site-content-layout":"","site-content-style":"default","site-sidebar-style":"default","ast-global-header-display":"","ast-banner-title-visibility":"","ast-main-header-display":"","ast-hfb-above-header-display":"","ast-hfb-below-header-display":"","ast-hfb-mobile-header-display":"","site-post-title":"","ast-breadcrumbs-content":"","ast-featured-img":"","footer-sml-layout":"","theme-transparent-header-meta":"","adv-header-id-meta":"","stick-header-meta":"","header-above-stick-meta":"","header-main-stick-meta":"","header-below-stick-meta":"","astra-migrate-meta-layouts":"default","ast-page-background-enabled":"default","ast-page-background-meta":{"desktop":{"background-color":"","background-image":"","background-repeat":"repeat","background-position":"center center","background-size":"auto","background-attachment":"scroll","background-type":"","background-media":"","overlay-type":"","overlay-color":"","overlay-opacity":"","overlay-gradient":""},"tablet":{"background-color":"","background-image":"","background-repeat":"repeat","background-position":"center center","background-size":"auto","background-attachment":"scroll","background-type":"","background-media":"","overlay-type":"","overlay-color":"","overlay-opacity":"","overlay-gradient":""},"mobile":{"background-color":"","background-image":"","background-repeat":"repeat","background-position":"center center","background-size":"auto","background-attachment":"scroll","background-type":"","background-media":"","overlay-type":"","overlay-color":"","overlay-opacity":"","overlay-gradient":""}},"ast-content-background-meta":{"desktop":{"background-color":"var(--ast-global-color-5)","background-image":"","background-repeat":"repeat","background-position":"center center","background-size":"auto","background-attachment":"scroll","background-type":"","background-media":"","overlay-type":"","overlay-color":"","overlay-opacity":"","overlay-gradient":""},"tablet":{"background-color":"var(--ast-global-color-5)","background-image":"","background-repeat":"repeat","background-position":"center center","background-size":"auto","background-attachment":"scroll","background-type":"","background-media":"","overlay-type":"","overlay-color":"","overlay-opacity":"","overlay-gradient":""},"mobile":{"background-color":"var(--ast-global-color-5)","background-image":"","background-repeat":"repeat","background-position":"center center","background-size":"auto","background-attachment":"scroll","background-type":"","background-media":"","overlay-type":"","overlay-color":"","overlay-opacity":"","overlay-gradient":""}}},"product_brand":[],"product_cat":[34225],"product_tag":[],"pa_brand_name":[25035],"class_list":{"0":"post-120976","1":"product","2":"type-product","3":"status-publish","4":"has-post-thumbnail","6":"product_cat-summer-tires-pv","7":"pa_brand_name-continental","8":"desktop-align-left","9":"tablet-align-left","10":"mobile-align-left","12":"first","13":"outofstock","14":"taxable","15":"shipping-taxable","16":"purchasable","17":"product-type-simple"},"_links":{"self":[{"href":"https:\/\/shop.rettum.ee\/en\/wp-json\/wp\/v2\/product\/120976","targetHints":{"allow":["GET"]}}],"collection":[{"href":"https:\/\/shop.rettum.ee\/en\/wp-json\/wp\/v2\/product"}],"about":[{"href":"https:\/\/shop.rettum.ee\/en\/wp-json\/wp\/v2\/types\/product"}],"version-history":[{"count":1,"href":"https:\/\/shop.rettum.ee\/en\/wp-json\/wp\/v2\/product\/120976\/revisions"}],"predecessor-version":[{"id":125619,"href":"https:\/\/shop.rettum.ee\/en\/wp-json\/wp\/v2\/product\/120976\/revisions\/125619"}],"wp:featuredmedia":[{"embeddable":true,"href":"https:\/\/shop.rettum.ee\/en\/wp-json\/wp\/v2\/media\/124217"}],"wp:attachment":[{"href":"https:\/\/shop.rettum.ee\/en\/wp-json\/wp\/v2\/media?parent=120976"}],"wp:term":[{"taxonomy":"product_brand","embeddable":true,"href":"https:\/\/shop.rettum.ee\/en\/wp-json\/wp\/v2\/product_brand?post=120976"},{"taxonomy":"product_cat","embeddable":true,"href":"https:\/\/shop.rettum.ee\/en\/wp-json\/wp\/v2\/product_cat?post=120976"},{"taxonomy":"product_tag","embeddable":true,"href":"https:\/\/shop.rettum.ee\/en\/wp-json\/wp\/v2\/product_tag?post=120976"},{"taxonomy":"pa_brand_name","embeddable":true,"href":"https:\/\/shop.rettum.ee\/en\/wp-json\/wp\/v2\/pa_brand_name?post=120976"}],"curies":[{"name":"wp","href":"https:\/\/api.w.org\/{rel}","templated":true}]}}