{"id":120977,"date":"2025-03-31T03:08:41","date_gmt":"2025-03-31T00:08:41","guid":{"rendered":"https:\/\/shop.rettum.ee\/toode\/255-40r18-continental-premiumcontact-6-99y-xl-mo-fr-cab73\/"},"modified":"2026-03-22T03:06:49","modified_gmt":"2026-03-22T01:06:49","slug":"255-40r18-continental-premiumcontact-6-99y-xl-mo-fr-cab73","status":"publish","type":"product","link":"https:\/\/shop.rettum.ee\/en\/product\/255-40r18-continental-premiumcontact-6-99y-xl-mo-fr-cab73\/","title":{"rendered":"255\/40R18 CONTINENTAL PREMIUMCONTACT 6 99Y XL MO FR CAB73"},"content":{"rendered":"<p>Continental PremiumContact 6 255\/40R18 on tipptasemel suundis\u00f5idu rehv, mis \u00fchendab innovatsiooni ja usaldusv\u00e4\u00e4rsuse n\u00f5udlike s\u00f5idutingimuste jaoks. Selle k\u00f5rgtehnoloogiline disain tagab suurep\u00e4rase haarduvuse nii m\u00e4rgadel kui ka kuivadel teedel, pakkudes kindlat ja stabiilset s\u00f5idukogemust. XL-kategooria ja 99Y kiirusindeks toovad esile rehvi suure koormustaluvuse ning v\u00f5imaluse \u00fcletada ka \u00fclikiired s\u00f5idutingimused, s\u00e4ilitades samal ajal optimaalse j\u00f5udluse ja ohutuse.  <\/p>\n<p>PremiumContact 6 on loodud, et v\u00e4hendada veeretakistust, mis aitab kaasa k\u00fctuses\u00e4\u00e4stlikkusele ja madalamatele heitmetele, tagades samas sportliku s\u00f5idud\u00fcnaamika ja maksimaalse juhitavuse. Selle mitmek\u00fclgne ja vastupidav struktuur teeb sellest ideaalse valiku nii igap\u00e4evasteks s\u00f5itudeks kui ka sportlikeks s\u00f5idukogemusteks. Valmistatud rangete kvaliteedistandardite kohaselt, on see rehv usaldusv\u00e4\u00e4rne partner nii linnat\u00e4navatel kui ka avatud maanteedel, andes samas t\u00e4iendava turvatunde ja kindlustunde igas s\u00f5iduolukorras.<\/p>","protected":false},"excerpt":{"rendered":"<p>Continental PremiumContact 6 255\/40R18 on tipptasemel suundis\u00f5idu rehv, mis \u00fchendab innovatsiooni ja usaldusv\u00e4\u00e4rsuse n\u00f5udlike s\u00f5idutingimuste jaoks. Selle k\u00f5rgtehnoloogiline disain tagab suurep\u00e4rase haarduvuse nii m\u00e4rgadel kui ka kuivadel teedel, pakkudes kindlat ja stabiilset s\u00f5idukogemust. XL-kategooria ja 99Y kiirusindeks toovad esile rehvi suure koormustaluvuse ning v\u00f5imaluse \u00fcletada ka \u00fclikiired s\u00f5idutingimused, s\u00e4ilitades samal ajal optimaalse j\u00f5udluse ja ohutuse. [&hellip;]<\/p>\n","protected":false},"featured_media":124217,"template":"","meta":{"site-sidebar-layout":"default","site-content-layout":"","ast-site-content-layout":"","site-content-style":"default","site-sidebar-style":"default","ast-global-header-display":"","ast-banner-title-visibility":"","ast-main-header-display":"","ast-hfb-above-header-display":"","ast-hfb-below-header-display":"","ast-hfb-mobile-header-display":"","site-post-title":"","ast-breadcrumbs-content":"","ast-featured-img":"","footer-sml-layout":"","theme-transparent-header-meta":"","adv-header-id-meta":"","stick-header-meta":"","header-above-stick-meta":"","header-main-stick-meta":"","header-below-stick-meta":"","astra-migrate-meta-layouts":"default","ast-page-background-enabled":"default","ast-page-background-meta":{"desktop":{"background-color":"","background-image":"","background-repeat":"repeat","background-position":"center center","background-size":"auto","background-attachment":"scroll","background-type":"","background-media":"","overlay-type":"","overlay-color":"","overlay-opacity":"","overlay-gradient":""},"tablet":{"background-color":"","background-image":"","background-repeat":"repeat","background-position":"center center","background-size":"auto","background-attachment":"scroll","background-type":"","background-media":"","overlay-type":"","overlay-color":"","overlay-opacity":"","overlay-gradient":""},"mobile":{"background-color":"","background-image":"","background-repeat":"repeat","background-position":"center center","background-size":"auto","background-attachment":"scroll","background-type":"","background-media":"","overlay-type":"","overlay-color":"","overlay-opacity":"","overlay-gradient":""}},"ast-content-background-meta":{"desktop":{"background-color":"var(--ast-global-color-5)","background-image":"","background-repeat":"repeat","background-position":"center center","background-size":"auto","background-attachment":"scroll","background-type":"","background-media":"","overlay-type":"","overlay-color":"","overlay-opacity":"","overlay-gradient":""},"tablet":{"background-color":"var(--ast-global-color-5)","background-image":"","background-repeat":"repeat","background-position":"center center","background-size":"auto","background-attachment":"scroll","background-type":"","background-media":"","overlay-type":"","overlay-color":"","overlay-opacity":"","overlay-gradient":""},"mobile":{"background-color":"var(--ast-global-color-5)","background-image":"","background-repeat":"repeat","background-position":"center center","background-size":"auto","background-attachment":"scroll","background-type":"","background-media":"","overlay-type":"","overlay-color":"","overlay-opacity":"","overlay-gradient":""}}},"product_brand":[],"product_cat":[34225],"product_tag":[],"pa_brand_name":[25035],"class_list":{"0":"post-120977","1":"product","2":"type-product","3":"status-publish","4":"has-post-thumbnail","6":"product_cat-summer-tires-pv","7":"pa_brand_name-continental","8":"desktop-align-left","9":"tablet-align-left","10":"mobile-align-left","12":"first","13":"outofstock","14":"taxable","15":"shipping-taxable","16":"purchasable","17":"product-type-simple"},"_links":{"self":[{"href":"https:\/\/shop.rettum.ee\/en\/wp-json\/wp\/v2\/product\/120977","targetHints":{"allow":["GET"]}}],"collection":[{"href":"https:\/\/shop.rettum.ee\/en\/wp-json\/wp\/v2\/product"}],"about":[{"href":"https:\/\/shop.rettum.ee\/en\/wp-json\/wp\/v2\/types\/product"}],"version-history":[{"count":1,"href":"https:\/\/shop.rettum.ee\/en\/wp-json\/wp\/v2\/product\/120977\/revisions"}],"predecessor-version":[{"id":125618,"href":"https:\/\/shop.rettum.ee\/en\/wp-json\/wp\/v2\/product\/120977\/revisions\/125618"}],"wp:featuredmedia":[{"embeddable":true,"href":"https:\/\/shop.rettum.ee\/en\/wp-json\/wp\/v2\/media\/124217"}],"wp:attachment":[{"href":"https:\/\/shop.rettum.ee\/en\/wp-json\/wp\/v2\/media?parent=120977"}],"wp:term":[{"taxonomy":"product_brand","embeddable":true,"href":"https:\/\/shop.rettum.ee\/en\/wp-json\/wp\/v2\/product_brand?post=120977"},{"taxonomy":"product_cat","embeddable":true,"href":"https:\/\/shop.rettum.ee\/en\/wp-json\/wp\/v2\/product_cat?post=120977"},{"taxonomy":"product_tag","embeddable":true,"href":"https:\/\/shop.rettum.ee\/en\/wp-json\/wp\/v2\/product_tag?post=120977"},{"taxonomy":"pa_brand_name","embeddable":true,"href":"https:\/\/shop.rettum.ee\/en\/wp-json\/wp\/v2\/pa_brand_name?post=120977"}],"curies":[{"name":"wp","href":"https:\/\/api.w.org\/{rel}","templated":true}]}}