{"id":120978,"date":"2025-03-31T03:08:42","date_gmt":"2025-03-31T00:08:42","guid":{"rendered":"https:\/\/shop.rettum.ee\/toode\/225-40r19-continental-sportcontact-5-93y-xl-mo-fr-dbb72\/"},"modified":"2026-03-22T03:06:49","modified_gmt":"2026-03-22T01:06:49","slug":"225-40r19-continental-sportcontact-5-93y-xl-mo-fr-dbb72","status":"publish","type":"product","link":"https:\/\/shop.rettum.ee\/en\/product\/225-40r19-continental-sportcontact-5-93y-xl-mo-fr-dbb72\/","title":{"rendered":"225\/40R19 CONTINENTAL SPORTCONTACT 5 93Y XL MO FR DBB72"},"content":{"rendered":"<p>Continental SportContact 5 on k\u00f5rgetasemeline suvistalbaga rehvidi, mis \u00fchendab sportliku j\u00f5udluse ja maksimaalse ohutuse. Rehvi m\u00f5\u00f5tmed 225\/40R19 tagavad ideaalse sobivuse j\u00f5udlusele orienteeritud s\u00f5iduautodele, pakkudes suurep\u00e4rast haardumist nii kuival kui ka m\u00e4rjal teel. Rehvi koormusindeks 93 ja kiirusindeks Y annavad kindlustunde ka k\u00f5rgetel kiirustel s\u00f5ites, samas kui XL-m\u00e4rgis n\u00e4itab extra koormustaluvust.<\/p>\n<p>Continental SportContact 5 on konstrueeritud t\u00e4nap\u00e4evaste tehnoloogiate abil, et pakkuda \u00fclevoolavat stabiilsust ja t\u00e4pset juhitavust. Toote unikaalsed kodeeringud MO FR ja DBB72 viitavad tootmise k\u00f5rgetele standarditele ning innovatiivsetele lahendustele, mis vastavad n\u00f5udlike autoomanike ootustele.  <\/p>\n<p>See rehvit\u00fc\u00fcp on loodud neile, kes hindavad sportlikku s\u00f5iduelamust ja ohutust igas olukorras. Continental SportContact 5 tagab maksimaalse turvatunde ja stabiilsuse, v\u00f5imaldades nautida sportlikku s\u00f5idukogemust nii igap\u00e4evasel s\u00f5idul kui ka n\u00f5udlikumatel radadel.<\/p>","protected":false},"excerpt":{"rendered":"<p>Continental SportContact 5 on k\u00f5rgetasemeline suvistalbaga rehvidi, mis \u00fchendab sportliku j\u00f5udluse ja maksimaalse ohutuse. Rehvi m\u00f5\u00f5tmed 225\/40R19 tagavad ideaalse sobivuse j\u00f5udlusele orienteeritud s\u00f5iduautodele, pakkudes suurep\u00e4rast haardumist nii kuival kui ka m\u00e4rjal teel. Rehvi koormusindeks 93 ja kiirusindeks Y annavad kindlustunde ka k\u00f5rgetel kiirustel s\u00f5ites, samas kui XL-m\u00e4rgis n\u00e4itab extra koormustaluvust. Continental SportContact 5 on konstrueeritud [&hellip;]<\/p>\n","protected":false},"featured_media":122715,"template":"","meta":{"site-sidebar-layout":"default","site-content-layout":"","ast-site-content-layout":"","site-content-style":"default","site-sidebar-style":"default","ast-global-header-display":"","ast-banner-title-visibility":"","ast-main-header-display":"","ast-hfb-above-header-display":"","ast-hfb-below-header-display":"","ast-hfb-mobile-header-display":"","site-post-title":"","ast-breadcrumbs-content":"","ast-featured-img":"","footer-sml-layout":"","theme-transparent-header-meta":"","adv-header-id-meta":"","stick-header-meta":"","header-above-stick-meta":"","header-main-stick-meta":"","header-below-stick-meta":"","astra-migrate-meta-layouts":"default","ast-page-background-enabled":"default","ast-page-background-meta":{"desktop":{"background-color":"","background-image":"","background-repeat":"repeat","background-position":"center center","background-size":"auto","background-attachment":"scroll","background-type":"","background-media":"","overlay-type":"","overlay-color":"","overlay-opacity":"","overlay-gradient":""},"tablet":{"background-color":"","background-image":"","background-repeat":"repeat","background-position":"center center","background-size":"auto","background-attachment":"scroll","background-type":"","background-media":"","overlay-type":"","overlay-color":"","overlay-opacity":"","overlay-gradient":""},"mobile":{"background-color":"","background-image":"","background-repeat":"repeat","background-position":"center center","background-size":"auto","background-attachment":"scroll","background-type":"","background-media":"","overlay-type":"","overlay-color":"","overlay-opacity":"","overlay-gradient":""}},"ast-content-background-meta":{"desktop":{"background-color":"var(--ast-global-color-5)","background-image":"","background-repeat":"repeat","background-position":"center center","background-size":"auto","background-attachment":"scroll","background-type":"","background-media":"","overlay-type":"","overlay-color":"","overlay-opacity":"","overlay-gradient":""},"tablet":{"background-color":"var(--ast-global-color-5)","background-image":"","background-repeat":"repeat","background-position":"center center","background-size":"auto","background-attachment":"scroll","background-type":"","background-media":"","overlay-type":"","overlay-color":"","overlay-opacity":"","overlay-gradient":""},"mobile":{"background-color":"var(--ast-global-color-5)","background-image":"","background-repeat":"repeat","background-position":"center center","background-size":"auto","background-attachment":"scroll","background-type":"","background-media":"","overlay-type":"","overlay-color":"","overlay-opacity":"","overlay-gradient":""}}},"product_brand":[],"product_cat":[34225],"product_tag":[],"pa_brand_name":[25035],"class_list":{"0":"post-120978","1":"product","2":"type-product","3":"status-publish","4":"has-post-thumbnail","6":"product_cat-summer-tires-pv","7":"pa_brand_name-continental","8":"desktop-align-left","9":"tablet-align-left","10":"mobile-align-left","12":"first","13":"outofstock","14":"taxable","15":"shipping-taxable","16":"purchasable","17":"product-type-simple"},"_links":{"self":[{"href":"https:\/\/shop.rettum.ee\/en\/wp-json\/wp\/v2\/product\/120978","targetHints":{"allow":["GET"]}}],"collection":[{"href":"https:\/\/shop.rettum.ee\/en\/wp-json\/wp\/v2\/product"}],"about":[{"href":"https:\/\/shop.rettum.ee\/en\/wp-json\/wp\/v2\/types\/product"}],"version-history":[{"count":1,"href":"https:\/\/shop.rettum.ee\/en\/wp-json\/wp\/v2\/product\/120978\/revisions"}],"predecessor-version":[{"id":125617,"href":"https:\/\/shop.rettum.ee\/en\/wp-json\/wp\/v2\/product\/120978\/revisions\/125617"}],"wp:featuredmedia":[{"embeddable":true,"href":"https:\/\/shop.rettum.ee\/en\/wp-json\/wp\/v2\/media\/122715"}],"wp:attachment":[{"href":"https:\/\/shop.rettum.ee\/en\/wp-json\/wp\/v2\/media?parent=120978"}],"wp:term":[{"taxonomy":"product_brand","embeddable":true,"href":"https:\/\/shop.rettum.ee\/en\/wp-json\/wp\/v2\/product_brand?post=120978"},{"taxonomy":"product_cat","embeddable":true,"href":"https:\/\/shop.rettum.ee\/en\/wp-json\/wp\/v2\/product_cat?post=120978"},{"taxonomy":"product_tag","embeddable":true,"href":"https:\/\/shop.rettum.ee\/en\/wp-json\/wp\/v2\/product_tag?post=120978"},{"taxonomy":"pa_brand_name","embeddable":true,"href":"https:\/\/shop.rettum.ee\/en\/wp-json\/wp\/v2\/pa_brand_name?post=120978"}],"curies":[{"name":"wp","href":"https:\/\/api.w.org\/{rel}","templated":true}]}}