{"id":120979,"date":"2025-03-31T03:08:43","date_gmt":"2025-03-31T00:08:43","guid":{"rendered":"https:\/\/shop.rettum.ee\/toode\/225-40r19-continental-sportcontact-5-89y-runflat-fr-dbb71\/"},"modified":"2026-03-25T02:49:48","modified_gmt":"2026-03-25T00:49:48","slug":"225-40r19-continental-sportcontact-5-89y-runflat-fr-dbb71","status":"publish","type":"product","link":"https:\/\/shop.rettum.ee\/en\/product\/225-40r19-continental-sportcontact-5-89y-runflat-fr-dbb71\/","title":{"rendered":"225\/40R19 CONTINENTAL SPORTCONTACT 5 89Y RunFlat (*) FR DBB71"},"content":{"rendered":"<p>Kontinentaal Continental SportContact 5 225\/40R19 on k\u00f5rgetasemeline suvest rehv, disainitud pakkuma erakordset s\u00f5idumugavust ja turvalisust ka k\u00f5ige n\u00f5udlikumates oludes. Selle 89Y klassifikatsioon tagab suurep\u00e4rase koormustaluvuse ja k\u00f5rge kiirusv\u00f5ime, v\u00f5imaldades nautida sportlikku s\u00f5iduelamust nii kuival kui m\u00e4rjal teel.<\/p>\n<p>Rehv on varustatud RunFlat tehnoloogiaga, mis v\u00f5imaldab s\u00f5ita edasiliikumiseks ka \u00f5hu survet kaotades, pakkudes kindlat kaitset ootamatute olukordade korral. See funktsioon lisab s\u00f5iduohutust ning v\u00e4hendab ohtu liiklusummikutesse sattumiseks h\u00e4daolukorra korral. <\/p>\n<p>SportContact 5 disain keskendub optimaalsetele veoj\u00f5ududele ja t\u00e4psele juhitavusele, mis tagavad kindla haardega kurvides ja kiireman\u00f6\u00f6verdustes. Kasutades kaasaegseid materjale ja tehnoloogiat, on see rehv ideaalne sportautojuhtidele ning neile, kes hindavad ohutut ja stabiilset s\u00f5idukogemust igas olukorras. <\/p>\n<p>Vali Continental SportContact 5 225\/40R19 \u2013 kindlustus sportlikuks, turvaliseks ja usaldusv\u00e4\u00e4rseks s\u00f5iduks!<\/p>","protected":false},"excerpt":{"rendered":"<p>Kontinentaal Continental SportContact 5 225\/40R19 on k\u00f5rgetasemeline suvest rehv, disainitud pakkuma erakordset s\u00f5idumugavust ja turvalisust ka k\u00f5ige n\u00f5udlikumates oludes. Selle 89Y klassifikatsioon tagab suurep\u00e4rase koormustaluvuse ja k\u00f5rge kiirusv\u00f5ime, v\u00f5imaldades nautida sportlikku s\u00f5iduelamust nii kuival kui m\u00e4rjal teel. Rehv on varustatud RunFlat tehnoloogiaga, mis v\u00f5imaldab s\u00f5ita edasiliikumiseks ka \u00f5hu survet kaotades, pakkudes kindlat kaitset ootamatute olukordade [&hellip;]<\/p>\n","protected":false},"featured_media":122715,"template":"","meta":{"site-sidebar-layout":"default","site-content-layout":"","ast-site-content-layout":"","site-content-style":"default","site-sidebar-style":"default","ast-global-header-display":"","ast-banner-title-visibility":"","ast-main-header-display":"","ast-hfb-above-header-display":"","ast-hfb-below-header-display":"","ast-hfb-mobile-header-display":"","site-post-title":"","ast-breadcrumbs-content":"","ast-featured-img":"","footer-sml-layout":"","theme-transparent-header-meta":"","adv-header-id-meta":"","stick-header-meta":"","header-above-stick-meta":"","header-main-stick-meta":"","header-below-stick-meta":"","astra-migrate-meta-layouts":"default","ast-page-background-enabled":"default","ast-page-background-meta":{"desktop":{"background-color":"","background-image":"","background-repeat":"repeat","background-position":"center center","background-size":"auto","background-attachment":"scroll","background-type":"","background-media":"","overlay-type":"","overlay-color":"","overlay-opacity":"","overlay-gradient":""},"tablet":{"background-color":"","background-image":"","background-repeat":"repeat","background-position":"center center","background-size":"auto","background-attachment":"scroll","background-type":"","background-media":"","overlay-type":"","overlay-color":"","overlay-opacity":"","overlay-gradient":""},"mobile":{"background-color":"","background-image":"","background-repeat":"repeat","background-position":"center center","background-size":"auto","background-attachment":"scroll","background-type":"","background-media":"","overlay-type":"","overlay-color":"","overlay-opacity":"","overlay-gradient":""}},"ast-content-background-meta":{"desktop":{"background-color":"var(--ast-global-color-5)","background-image":"","background-repeat":"repeat","background-position":"center center","background-size":"auto","background-attachment":"scroll","background-type":"","background-media":"","overlay-type":"","overlay-color":"","overlay-opacity":"","overlay-gradient":""},"tablet":{"background-color":"var(--ast-global-color-5)","background-image":"","background-repeat":"repeat","background-position":"center center","background-size":"auto","background-attachment":"scroll","background-type":"","background-media":"","overlay-type":"","overlay-color":"","overlay-opacity":"","overlay-gradient":""},"mobile":{"background-color":"var(--ast-global-color-5)","background-image":"","background-repeat":"repeat","background-position":"center center","background-size":"auto","background-attachment":"scroll","background-type":"","background-media":"","overlay-type":"","overlay-color":"","overlay-opacity":"","overlay-gradient":""}}},"product_brand":[],"product_cat":[34225],"product_tag":[],"pa_brand_name":[25035],"class_list":{"0":"post-120979","1":"product","2":"type-product","3":"status-publish","4":"has-post-thumbnail","6":"product_cat-summer-tires-pv","7":"pa_brand_name-continental","8":"desktop-align-left","9":"tablet-align-left","10":"mobile-align-left","12":"first","13":"instock","14":"taxable","15":"shipping-taxable","16":"purchasable","17":"product-type-simple"},"_links":{"self":[{"href":"https:\/\/shop.rettum.ee\/en\/wp-json\/wp\/v2\/product\/120979","targetHints":{"allow":["GET"]}}],"collection":[{"href":"https:\/\/shop.rettum.ee\/en\/wp-json\/wp\/v2\/product"}],"about":[{"href":"https:\/\/shop.rettum.ee\/en\/wp-json\/wp\/v2\/types\/product"}],"version-history":[{"count":1,"href":"https:\/\/shop.rettum.ee\/en\/wp-json\/wp\/v2\/product\/120979\/revisions"}],"predecessor-version":[{"id":125615,"href":"https:\/\/shop.rettum.ee\/en\/wp-json\/wp\/v2\/product\/120979\/revisions\/125615"}],"wp:featuredmedia":[{"embeddable":true,"href":"https:\/\/shop.rettum.ee\/en\/wp-json\/wp\/v2\/media\/122715"}],"wp:attachment":[{"href":"https:\/\/shop.rettum.ee\/en\/wp-json\/wp\/v2\/media?parent=120979"}],"wp:term":[{"taxonomy":"product_brand","embeddable":true,"href":"https:\/\/shop.rettum.ee\/en\/wp-json\/wp\/v2\/product_brand?post=120979"},{"taxonomy":"product_cat","embeddable":true,"href":"https:\/\/shop.rettum.ee\/en\/wp-json\/wp\/v2\/product_cat?post=120979"},{"taxonomy":"product_tag","embeddable":true,"href":"https:\/\/shop.rettum.ee\/en\/wp-json\/wp\/v2\/product_tag?post=120979"},{"taxonomy":"pa_brand_name","embeddable":true,"href":"https:\/\/shop.rettum.ee\/en\/wp-json\/wp\/v2\/pa_brand_name?post=120979"}],"curies":[{"name":"wp","href":"https:\/\/api.w.org\/{rel}","templated":true}]}}