{"id":120980,"date":"2025-03-31T03:08:43","date_gmt":"2025-03-31T00:08:43","guid":{"rendered":"https:\/\/shop.rettum.ee\/toode\/225-40r19-continental-sportcontact-5-93y-xl-runflat-moe-fr-dab72\/"},"modified":"2026-03-22T03:06:49","modified_gmt":"2026-03-22T01:06:49","slug":"225-40r19-continental-sportcontact-5-93y-xl-runflat-moe-fr-dab72","status":"publish","type":"product","link":"https:\/\/shop.rettum.ee\/en\/product\/225-40r19-continental-sportcontact-5-93y-xl-runflat-moe-fr-dab72\/","title":{"rendered":"225\/40R19 CONTINENTAL SPORTCONTACT 5 93Y XL RunFlat MOE FR DAB72"},"content":{"rendered":"<p>Conti Continental SportContact 5 rehv (225\/40R19) esindab tipptasemel j\u00f5udlust ning ohutust igas olukorras. SportContact 5 on disainitud pakkuma erakordset veoj\u00f5udu ja stabiilsust nii kuivadel kui ka m\u00e4rgadel teedel, v\u00f5imaldades autojuhtidel nautida kindlat haardumist isegi kiirete man\u00f6\u00f6vrite ajal. Rehvi m\u00e4rgend 93Y n\u00e4itab k\u00f5rget koormusv\u00f5imet ja muljetavaldavat kiirusklassifikatsiooni, mis teeb sellest ideaalse valiku sportlikult m\u00f5eldud s\u00f5idukitele.<\/p>\n<p>XL RunFlat tehnoloogia v\u00f5imaldab rehvil s\u00e4ilitada t\u00f6\u00f6kindluse ka siis, kui ilmneb \u00f5huaeg v\u00f5i kahjustus, tagades ohutu s\u00f5idu l\u00e4hedal asuvale remondietappi. T\u00e4iendav turvaelement MOE FR lisab rehvile veelgi kaasaegsemaid omadusi, pakkudes veelgi paremat kontrolli ja stabiilsust. Sisseehitatud DAB72 kood kinnitab rehvi kvaliteetseid ja rangeid tootmisstandardeid.<\/p>\n<p>Conti Continental SportContact 5 on loodud neile, kes hindavad tipptasemel s\u00f5idunaudingut ja ohutust, \u00fchildudes ideaalselt nii igap\u00e4evase s\u00f5idu kui ka adrenaliinirikkaid s\u00f5iduelamusi. Valige Continental \u2013 tipptase, millele v\u00f5ite alati loota.<\/p>","protected":false},"excerpt":{"rendered":"<p>Conti Continental SportContact 5 rehv (225\/40R19) esindab tipptasemel j\u00f5udlust ning ohutust igas olukorras. SportContact 5 on disainitud pakkuma erakordset veoj\u00f5udu ja stabiilsust nii kuivadel kui ka m\u00e4rgadel teedel, v\u00f5imaldades autojuhtidel nautida kindlat haardumist isegi kiirete man\u00f6\u00f6vrite ajal. Rehvi m\u00e4rgend 93Y n\u00e4itab k\u00f5rget koormusv\u00f5imet ja muljetavaldavat kiirusklassifikatsiooni, mis teeb sellest ideaalse valiku sportlikult m\u00f5eldud s\u00f5idukitele. XL [&hellip;]<\/p>\n","protected":false},"featured_media":122715,"template":"","meta":{"site-sidebar-layout":"default","site-content-layout":"","ast-site-content-layout":"","site-content-style":"default","site-sidebar-style":"default","ast-global-header-display":"","ast-banner-title-visibility":"","ast-main-header-display":"","ast-hfb-above-header-display":"","ast-hfb-below-header-display":"","ast-hfb-mobile-header-display":"","site-post-title":"","ast-breadcrumbs-content":"","ast-featured-img":"","footer-sml-layout":"","theme-transparent-header-meta":"","adv-header-id-meta":"","stick-header-meta":"","header-above-stick-meta":"","header-main-stick-meta":"","header-below-stick-meta":"","astra-migrate-meta-layouts":"default","ast-page-background-enabled":"default","ast-page-background-meta":{"desktop":{"background-color":"","background-image":"","background-repeat":"repeat","background-position":"center center","background-size":"auto","background-attachment":"scroll","background-type":"","background-media":"","overlay-type":"","overlay-color":"","overlay-opacity":"","overlay-gradient":""},"tablet":{"background-color":"","background-image":"","background-repeat":"repeat","background-position":"center center","background-size":"auto","background-attachment":"scroll","background-type":"","background-media":"","overlay-type":"","overlay-color":"","overlay-opacity":"","overlay-gradient":""},"mobile":{"background-color":"","background-image":"","background-repeat":"repeat","background-position":"center center","background-size":"auto","background-attachment":"scroll","background-type":"","background-media":"","overlay-type":"","overlay-color":"","overlay-opacity":"","overlay-gradient":""}},"ast-content-background-meta":{"desktop":{"background-color":"var(--ast-global-color-5)","background-image":"","background-repeat":"repeat","background-position":"center center","background-size":"auto","background-attachment":"scroll","background-type":"","background-media":"","overlay-type":"","overlay-color":"","overlay-opacity":"","overlay-gradient":""},"tablet":{"background-color":"var(--ast-global-color-5)","background-image":"","background-repeat":"repeat","background-position":"center center","background-size":"auto","background-attachment":"scroll","background-type":"","background-media":"","overlay-type":"","overlay-color":"","overlay-opacity":"","overlay-gradient":""},"mobile":{"background-color":"var(--ast-global-color-5)","background-image":"","background-repeat":"repeat","background-position":"center center","background-size":"auto","background-attachment":"scroll","background-type":"","background-media":"","overlay-type":"","overlay-color":"","overlay-opacity":"","overlay-gradient":""}}},"product_brand":[],"product_cat":[34225],"product_tag":[],"pa_brand_name":[25035],"class_list":{"0":"post-120980","1":"product","2":"type-product","3":"status-publish","4":"has-post-thumbnail","6":"product_cat-summer-tires-pv","7":"pa_brand_name-continental","8":"desktop-align-left","9":"tablet-align-left","10":"mobile-align-left","12":"first","13":"outofstock","14":"taxable","15":"shipping-taxable","16":"purchasable","17":"product-type-simple"},"_links":{"self":[{"href":"https:\/\/shop.rettum.ee\/en\/wp-json\/wp\/v2\/product\/120980","targetHints":{"allow":["GET"]}}],"collection":[{"href":"https:\/\/shop.rettum.ee\/en\/wp-json\/wp\/v2\/product"}],"about":[{"href":"https:\/\/shop.rettum.ee\/en\/wp-json\/wp\/v2\/types\/product"}],"version-history":[{"count":1,"href":"https:\/\/shop.rettum.ee\/en\/wp-json\/wp\/v2\/product\/120980\/revisions"}],"predecessor-version":[{"id":125616,"href":"https:\/\/shop.rettum.ee\/en\/wp-json\/wp\/v2\/product\/120980\/revisions\/125616"}],"wp:featuredmedia":[{"embeddable":true,"href":"https:\/\/shop.rettum.ee\/en\/wp-json\/wp\/v2\/media\/122715"}],"wp:attachment":[{"href":"https:\/\/shop.rettum.ee\/en\/wp-json\/wp\/v2\/media?parent=120980"}],"wp:term":[{"taxonomy":"product_brand","embeddable":true,"href":"https:\/\/shop.rettum.ee\/en\/wp-json\/wp\/v2\/product_brand?post=120980"},{"taxonomy":"product_cat","embeddable":true,"href":"https:\/\/shop.rettum.ee\/en\/wp-json\/wp\/v2\/product_cat?post=120980"},{"taxonomy":"product_tag","embeddable":true,"href":"https:\/\/shop.rettum.ee\/en\/wp-json\/wp\/v2\/product_tag?post=120980"},{"taxonomy":"pa_brand_name","embeddable":true,"href":"https:\/\/shop.rettum.ee\/en\/wp-json\/wp\/v2\/pa_brand_name?post=120980"}],"curies":[{"name":"wp","href":"https:\/\/api.w.org\/{rel}","templated":true}]}}