{"id":120982,"date":"2025-03-31T03:08:45","date_gmt":"2025-03-31T00:08:45","guid":{"rendered":"https:\/\/shop.rettum.ee\/toode\/235-40r19-continental-premiumcontact-6-96y-xl-fr-cab72\/"},"modified":"2026-03-22T03:06:50","modified_gmt":"2026-03-22T01:06:50","slug":"235-40r19-continental-premiumcontact-6-96y-xl-fr-cab72","status":"publish","type":"product","link":"https:\/\/shop.rettum.ee\/en\/product\/235-40r19-continental-premiumcontact-6-96y-xl-fr-cab72\/","title":{"rendered":"235\/40R19 CONTINENTAL PREMIUMCONTACT 6 96Y XL FR CAB72"},"content":{"rendered":"<p>Continental PremiumContact 6 rehvid numbriga 235\/40R19 on tipptasemel disain ja insenerit\u00f6\u00f6, mis pakub silmapaistvat s\u00f5idukogemust ka k\u00f5ige n\u00f5udlikumates tingimustes. Rehvi k\u00f5rge j\u00f5udluse koefitsient, 96Y ning XL-m\u00e4rk tagavad usaldusv\u00e4\u00e4rse veokandev\u00f5ime ja suurep\u00e4rase stabiilsuse ka kiiretes s\u00f5idutingimustes. Kontinentaal on tuntud oma innovaatiliste tehnoloogiate ja tipptasemel kvaliteedi poolest, mis on kajastunud ka selles mudelis.<\/p>\n<p>PremiumContact 6 rehvid on spetsiaalselt loodud tagama maksimaalne pidamine ja l\u00fchike pidurdusteekond niisketel ning kuivadel teedel. Optimeeritud mustriga disain v\u00e4hendab veekihi tekkimist ning aitab s\u00e4ilitada kontrolli ka ootamatute olukordade korral. Lisaks pikendab extra koormuse (XL) tehnoloogia rehvi t\u00f6\u00f6iga ja parandab k\u00fctuses\u00e4\u00e4stlikkust.<\/p>\n<p>Sobides ideaalselt sportlikele s\u00f5idukitele ja neile, kes n\u00f5uavad igap\u00e4evaselt t\u00e4iuslikku eesm\u00e4rgitunnet, tagavad need rehvid ohutu ja mugava s\u00f5idu igas olukorras. Continental PremiumContact 6 on usaldusv\u00e4\u00e4rne partner igal teekonnal.<\/p>","protected":false},"excerpt":{"rendered":"<p>Continental PremiumContact 6 rehvid numbriga 235\/40R19 on tipptasemel disain ja insenerit\u00f6\u00f6, mis pakub silmapaistvat s\u00f5idukogemust ka k\u00f5ige n\u00f5udlikumates tingimustes. Rehvi k\u00f5rge j\u00f5udluse koefitsient, 96Y ning XL-m\u00e4rk tagavad usaldusv\u00e4\u00e4rse veokandev\u00f5ime ja suurep\u00e4rase stabiilsuse ka kiiretes s\u00f5idutingimustes. Kontinentaal on tuntud oma innovaatiliste tehnoloogiate ja tipptasemel kvaliteedi poolest, mis on kajastunud ka selles mudelis. PremiumContact 6 rehvid on [&hellip;]<\/p>\n","protected":false},"featured_media":124217,"template":"","meta":{"site-sidebar-layout":"default","site-content-layout":"","ast-site-content-layout":"","site-content-style":"default","site-sidebar-style":"default","ast-global-header-display":"","ast-banner-title-visibility":"","ast-main-header-display":"","ast-hfb-above-header-display":"","ast-hfb-below-header-display":"","ast-hfb-mobile-header-display":"","site-post-title":"","ast-breadcrumbs-content":"","ast-featured-img":"","footer-sml-layout":"","theme-transparent-header-meta":"","adv-header-id-meta":"","stick-header-meta":"","header-above-stick-meta":"","header-main-stick-meta":"","header-below-stick-meta":"","astra-migrate-meta-layouts":"default","ast-page-background-enabled":"default","ast-page-background-meta":{"desktop":{"background-color":"","background-image":"","background-repeat":"repeat","background-position":"center center","background-size":"auto","background-attachment":"scroll","background-type":"","background-media":"","overlay-type":"","overlay-color":"","overlay-opacity":"","overlay-gradient":""},"tablet":{"background-color":"","background-image":"","background-repeat":"repeat","background-position":"center center","background-size":"auto","background-attachment":"scroll","background-type":"","background-media":"","overlay-type":"","overlay-color":"","overlay-opacity":"","overlay-gradient":""},"mobile":{"background-color":"","background-image":"","background-repeat":"repeat","background-position":"center center","background-size":"auto","background-attachment":"scroll","background-type":"","background-media":"","overlay-type":"","overlay-color":"","overlay-opacity":"","overlay-gradient":""}},"ast-content-background-meta":{"desktop":{"background-color":"var(--ast-global-color-5)","background-image":"","background-repeat":"repeat","background-position":"center center","background-size":"auto","background-attachment":"scroll","background-type":"","background-media":"","overlay-type":"","overlay-color":"","overlay-opacity":"","overlay-gradient":""},"tablet":{"background-color":"var(--ast-global-color-5)","background-image":"","background-repeat":"repeat","background-position":"center center","background-size":"auto","background-attachment":"scroll","background-type":"","background-media":"","overlay-type":"","overlay-color":"","overlay-opacity":"","overlay-gradient":""},"mobile":{"background-color":"var(--ast-global-color-5)","background-image":"","background-repeat":"repeat","background-position":"center center","background-size":"auto","background-attachment":"scroll","background-type":"","background-media":"","overlay-type":"","overlay-color":"","overlay-opacity":"","overlay-gradient":""}}},"product_brand":[],"product_cat":[34225],"product_tag":[],"pa_brand_name":[25035],"class_list":{"0":"post-120982","1":"product","2":"type-product","3":"status-publish","4":"has-post-thumbnail","6":"product_cat-summer-tires-pv","7":"pa_brand_name-continental","8":"desktop-align-left","9":"tablet-align-left","10":"mobile-align-left","12":"first","13":"outofstock","14":"taxable","15":"shipping-taxable","16":"purchasable","17":"product-type-simple"},"_links":{"self":[{"href":"https:\/\/shop.rettum.ee\/en\/wp-json\/wp\/v2\/product\/120982","targetHints":{"allow":["GET"]}}],"collection":[{"href":"https:\/\/shop.rettum.ee\/en\/wp-json\/wp\/v2\/product"}],"about":[{"href":"https:\/\/shop.rettum.ee\/en\/wp-json\/wp\/v2\/types\/product"}],"version-history":[{"count":1,"href":"https:\/\/shop.rettum.ee\/en\/wp-json\/wp\/v2\/product\/120982\/revisions"}],"predecessor-version":[{"id":125612,"href":"https:\/\/shop.rettum.ee\/en\/wp-json\/wp\/v2\/product\/120982\/revisions\/125612"}],"wp:featuredmedia":[{"embeddable":true,"href":"https:\/\/shop.rettum.ee\/en\/wp-json\/wp\/v2\/media\/124217"}],"wp:attachment":[{"href":"https:\/\/shop.rettum.ee\/en\/wp-json\/wp\/v2\/media?parent=120982"}],"wp:term":[{"taxonomy":"product_brand","embeddable":true,"href":"https:\/\/shop.rettum.ee\/en\/wp-json\/wp\/v2\/product_brand?post=120982"},{"taxonomy":"product_cat","embeddable":true,"href":"https:\/\/shop.rettum.ee\/en\/wp-json\/wp\/v2\/product_cat?post=120982"},{"taxonomy":"product_tag","embeddable":true,"href":"https:\/\/shop.rettum.ee\/en\/wp-json\/wp\/v2\/product_tag?post=120982"},{"taxonomy":"pa_brand_name","embeddable":true,"href":"https:\/\/shop.rettum.ee\/en\/wp-json\/wp\/v2\/pa_brand_name?post=120982"}],"curies":[{"name":"wp","href":"https:\/\/api.w.org\/{rel}","templated":true}]}}