{"id":120983,"date":"2025-03-31T03:08:45","date_gmt":"2025-03-31T00:08:45","guid":{"rendered":"https:\/\/shop.rettum.ee\/toode\/245-40r19-continental-ecocontact-6-98y-xl-mo-abb72\/"},"modified":"2026-03-22T03:06:50","modified_gmt":"2026-03-22T01:06:50","slug":"245-40r19-continental-ecocontact-6-98y-xl-mo-abb72","status":"publish","type":"product","link":"https:\/\/shop.rettum.ee\/en\/product\/245-40r19-continental-ecocontact-6-98y-xl-mo-abb72\/","title":{"rendered":"245\/40R19 CONTINENTAL ECOCONTACT 6 98Y XL MO ABB72"},"content":{"rendered":"<p>245\/40R19 CONTINENTAL ECOCONTACT 6 98Y XL MO ABB72 on tipptasemel rehvid, mis \u00fchendavad innovatsiooni, turvalisuse ja keskkonnas\u00f5bralikkuse. Rehvi unikaalne mustrite disain tagab suurep\u00e4rase veoj\u00f5u nii m\u00e4rgadel kui ka kuival teel, v\u00f5imaldades t\u00e4pset man\u00f6\u00f6verdamist ja l\u00fchemaid pidurdusteid. Madala veeretakistusega koostis mitte ainult ei v\u00e4henda k\u00fctusekulu, vaid aitab ka CO\u2082 heitkoguseid oluliselt alandada.<\/p>\n<p>XL-indeks ja tugevdatud konstruktsioon tagavad rehvi k\u00f5rge koormustaluvuse ning stabiilsuse ka n\u00f5udlike s\u00f5idutingimuste korral. CONTINENTALI kvaliteedikontroll tagab, et iga rehv vastab rangetele rahvusvahelistele ohutus- ja kvaliteedistandarditele, v\u00f5imaldades s\u00f5ita kindlalt kuni 300 km\/h (kiirusindeks Y).<\/p>\n<p>ECOCONTACT 6 rehvid on loodud neile, kes hindavad sooritust, vastupidavust ja keskkonnas\u00f5bralikkust \u00fches tootes. T\u00e4nu \u00fchtlasele kulumisele ja optimeeritud s\u00f5iduomadustele on tegemist ideaalvalikuga nii igap\u00e4evaseks s\u00f5iduks kui ka sportlikumaks s\u00f5idustiiliks. Valides CONTINENTAL ECOCONTACT 6, tagate endale usaldusv\u00e4\u00e4rse ja efektiivse s\u00f5idukogemuse.<\/p>","protected":false},"excerpt":{"rendered":"<p>245\/40R19 CONTINENTAL ECOCONTACT 6 98Y XL MO ABB72 on tipptasemel rehvid, mis \u00fchendavad innovatsiooni, turvalisuse ja keskkonnas\u00f5bralikkuse. Rehvi unikaalne mustrite disain tagab suurep\u00e4rase veoj\u00f5u nii m\u00e4rgadel kui ka kuival teel, v\u00f5imaldades t\u00e4pset man\u00f6\u00f6verdamist ja l\u00fchemaid pidurdusteid. Madala veeretakistusega koostis mitte ainult ei v\u00e4henda k\u00fctusekulu, vaid aitab ka CO\u2082 heitkoguseid oluliselt alandada. XL-indeks ja tugevdatud konstruktsioon [&hellip;]<\/p>\n","protected":false},"featured_media":124867,"template":"","meta":{"site-sidebar-layout":"default","site-content-layout":"","ast-site-content-layout":"","site-content-style":"default","site-sidebar-style":"default","ast-global-header-display":"","ast-banner-title-visibility":"","ast-main-header-display":"","ast-hfb-above-header-display":"","ast-hfb-below-header-display":"","ast-hfb-mobile-header-display":"","site-post-title":"","ast-breadcrumbs-content":"","ast-featured-img":"","footer-sml-layout":"","theme-transparent-header-meta":"","adv-header-id-meta":"","stick-header-meta":"","header-above-stick-meta":"","header-main-stick-meta":"","header-below-stick-meta":"","astra-migrate-meta-layouts":"default","ast-page-background-enabled":"default","ast-page-background-meta":{"desktop":{"background-color":"","background-image":"","background-repeat":"repeat","background-position":"center center","background-size":"auto","background-attachment":"scroll","background-type":"","background-media":"","overlay-type":"","overlay-color":"","overlay-opacity":"","overlay-gradient":""},"tablet":{"background-color":"","background-image":"","background-repeat":"repeat","background-position":"center center","background-size":"auto","background-attachment":"scroll","background-type":"","background-media":"","overlay-type":"","overlay-color":"","overlay-opacity":"","overlay-gradient":""},"mobile":{"background-color":"","background-image":"","background-repeat":"repeat","background-position":"center center","background-size":"auto","background-attachment":"scroll","background-type":"","background-media":"","overlay-type":"","overlay-color":"","overlay-opacity":"","overlay-gradient":""}},"ast-content-background-meta":{"desktop":{"background-color":"var(--ast-global-color-5)","background-image":"","background-repeat":"repeat","background-position":"center center","background-size":"auto","background-attachment":"scroll","background-type":"","background-media":"","overlay-type":"","overlay-color":"","overlay-opacity":"","overlay-gradient":""},"tablet":{"background-color":"var(--ast-global-color-5)","background-image":"","background-repeat":"repeat","background-position":"center center","background-size":"auto","background-attachment":"scroll","background-type":"","background-media":"","overlay-type":"","overlay-color":"","overlay-opacity":"","overlay-gradient":""},"mobile":{"background-color":"var(--ast-global-color-5)","background-image":"","background-repeat":"repeat","background-position":"center center","background-size":"auto","background-attachment":"scroll","background-type":"","background-media":"","overlay-type":"","overlay-color":"","overlay-opacity":"","overlay-gradient":""}}},"product_brand":[],"product_cat":[34225],"product_tag":[],"pa_brand_name":[25035],"class_list":{"0":"post-120983","1":"product","2":"type-product","3":"status-publish","4":"has-post-thumbnail","6":"product_cat-summer-tires-pv","7":"pa_brand_name-continental","8":"desktop-align-left","9":"tablet-align-left","10":"mobile-align-left","12":"first","13":"outofstock","14":"taxable","15":"shipping-taxable","16":"purchasable","17":"product-type-simple"},"_links":{"self":[{"href":"https:\/\/shop.rettum.ee\/en\/wp-json\/wp\/v2\/product\/120983","targetHints":{"allow":["GET"]}}],"collection":[{"href":"https:\/\/shop.rettum.ee\/en\/wp-json\/wp\/v2\/product"}],"about":[{"href":"https:\/\/shop.rettum.ee\/en\/wp-json\/wp\/v2\/types\/product"}],"version-history":[{"count":1,"href":"https:\/\/shop.rettum.ee\/en\/wp-json\/wp\/v2\/product\/120983\/revisions"}],"predecessor-version":[{"id":125613,"href":"https:\/\/shop.rettum.ee\/en\/wp-json\/wp\/v2\/product\/120983\/revisions\/125613"}],"wp:featuredmedia":[{"embeddable":true,"href":"https:\/\/shop.rettum.ee\/en\/wp-json\/wp\/v2\/media\/124867"}],"wp:attachment":[{"href":"https:\/\/shop.rettum.ee\/en\/wp-json\/wp\/v2\/media?parent=120983"}],"wp:term":[{"taxonomy":"product_brand","embeddable":true,"href":"https:\/\/shop.rettum.ee\/en\/wp-json\/wp\/v2\/product_brand?post=120983"},{"taxonomy":"product_cat","embeddable":true,"href":"https:\/\/shop.rettum.ee\/en\/wp-json\/wp\/v2\/product_cat?post=120983"},{"taxonomy":"product_tag","embeddable":true,"href":"https:\/\/shop.rettum.ee\/en\/wp-json\/wp\/v2\/product_tag?post=120983"},{"taxonomy":"pa_brand_name","embeddable":true,"href":"https:\/\/shop.rettum.ee\/en\/wp-json\/wp\/v2\/pa_brand_name?post=120983"}],"curies":[{"name":"wp","href":"https:\/\/api.w.org\/{rel}","templated":true}]}}