{"id":120984,"date":"2025-03-31T03:08:46","date_gmt":"2025-03-31T00:08:46","guid":{"rendered":"https:\/\/shop.rettum.ee\/toode\/245-40r19-continental-premiumcontact-6-98y-xl-fr-cab72\/"},"modified":"2026-03-22T03:06:50","modified_gmt":"2026-03-22T01:06:50","slug":"245-40r19-continental-premiumcontact-6-98y-xl-fr-cab72","status":"publish","type":"product","link":"https:\/\/shop.rettum.ee\/en\/product\/245-40r19-continental-premiumcontact-6-98y-xl-fr-cab72\/","title":{"rendered":"245\/40R19 CONTINENTAL PREMIUMCONTACT 6 98Y XL FR CAB72"},"content":{"rendered":"<p>245\/40R19 Continental PremiumContact 6 98Y XL FR CAB72 on tippkvaliteediga suverehv, mis \u00fchendab innovatsiooni ja ohutuse \u00fclimalt sportliku s\u00f5idukogemuse saavutamiseks. Selle eeskujulik disain tagab erakordse veoj\u00f5u nii kuivadel kui ka m\u00e4rgadel teedel, pakkudes l\u00fchikesi pidurdusmatka ja maksimaalset kindlust. XL-klassiga sobivus t\u00e4hendab k\u00f5rgendatud kandev\u00f5imet, v\u00f5imaldades suvekujule optimaalselt reageerivat rehviversiooni isegi n\u00f5udlike olude korral.<\/p>\n<p>Continental PremiumContact 6 on konstrueeritud keskendudes mitte ainult sportlikule d\u00fcnaamikale, vaid ka energiat\u00f5hususele. Madal rullimismoment ja optimeeritud kontaktpind aitavad s\u00e4\u00e4sta k\u00fctust ning v\u00e4hendada keskkonnam\u00f5ju, pakkudes samal ajal stabiilset s\u00f5iduk\u00e4itumist ja mugavust igal kurvil. Uusim tehnoloogia ja kvaliteetne ressursikasutus loovad usaldusv\u00e4\u00e4rse partneri, mis on m\u00f5eldud nii tavas\u00f5itmiseks kui ka intensiivseks juhit\u00f6\u00f6s.<\/p>\n<p>Valides Continental PremiumContact 6, valite tipptasemel innovatsiooni, ohutuse ja soorituse \u2013 rehv, mis on valmis vastama t\u00e4nap\u00e4eva n\u00f5udmistele ja pakkuma maksimaalset s\u00f5idunaudingut.<\/p>","protected":false},"excerpt":{"rendered":"<p>245\/40R19 Continental PremiumContact 6 98Y XL FR CAB72 on tippkvaliteediga suverehv, mis \u00fchendab innovatsiooni ja ohutuse \u00fclimalt sportliku s\u00f5idukogemuse saavutamiseks. Selle eeskujulik disain tagab erakordse veoj\u00f5u nii kuivadel kui ka m\u00e4rgadel teedel, pakkudes l\u00fchikesi pidurdusmatka ja maksimaalset kindlust. XL-klassiga sobivus t\u00e4hendab k\u00f5rgendatud kandev\u00f5imet, v\u00f5imaldades suvekujule optimaalselt reageerivat rehviversiooni isegi n\u00f5udlike olude korral. Continental PremiumContact 6 [&hellip;]<\/p>\n","protected":false},"featured_media":124217,"template":"","meta":{"site-sidebar-layout":"default","site-content-layout":"","ast-site-content-layout":"","site-content-style":"default","site-sidebar-style":"default","ast-global-header-display":"","ast-banner-title-visibility":"","ast-main-header-display":"","ast-hfb-above-header-display":"","ast-hfb-below-header-display":"","ast-hfb-mobile-header-display":"","site-post-title":"","ast-breadcrumbs-content":"","ast-featured-img":"","footer-sml-layout":"","theme-transparent-header-meta":"","adv-header-id-meta":"","stick-header-meta":"","header-above-stick-meta":"","header-main-stick-meta":"","header-below-stick-meta":"","astra-migrate-meta-layouts":"default","ast-page-background-enabled":"default","ast-page-background-meta":{"desktop":{"background-color":"","background-image":"","background-repeat":"repeat","background-position":"center center","background-size":"auto","background-attachment":"scroll","background-type":"","background-media":"","overlay-type":"","overlay-color":"","overlay-opacity":"","overlay-gradient":""},"tablet":{"background-color":"","background-image":"","background-repeat":"repeat","background-position":"center center","background-size":"auto","background-attachment":"scroll","background-type":"","background-media":"","overlay-type":"","overlay-color":"","overlay-opacity":"","overlay-gradient":""},"mobile":{"background-color":"","background-image":"","background-repeat":"repeat","background-position":"center center","background-size":"auto","background-attachment":"scroll","background-type":"","background-media":"","overlay-type":"","overlay-color":"","overlay-opacity":"","overlay-gradient":""}},"ast-content-background-meta":{"desktop":{"background-color":"var(--ast-global-color-5)","background-image":"","background-repeat":"repeat","background-position":"center center","background-size":"auto","background-attachment":"scroll","background-type":"","background-media":"","overlay-type":"","overlay-color":"","overlay-opacity":"","overlay-gradient":""},"tablet":{"background-color":"var(--ast-global-color-5)","background-image":"","background-repeat":"repeat","background-position":"center center","background-size":"auto","background-attachment":"scroll","background-type":"","background-media":"","overlay-type":"","overlay-color":"","overlay-opacity":"","overlay-gradient":""},"mobile":{"background-color":"var(--ast-global-color-5)","background-image":"","background-repeat":"repeat","background-position":"center center","background-size":"auto","background-attachment":"scroll","background-type":"","background-media":"","overlay-type":"","overlay-color":"","overlay-opacity":"","overlay-gradient":""}}},"product_brand":[],"product_cat":[34225],"product_tag":[],"pa_brand_name":[25035],"class_list":{"0":"post-120984","1":"product","2":"type-product","3":"status-publish","4":"has-post-thumbnail","6":"product_cat-summer-tires-pv","7":"pa_brand_name-continental","8":"desktop-align-left","9":"tablet-align-left","10":"mobile-align-left","12":"first","13":"outofstock","14":"taxable","15":"shipping-taxable","16":"purchasable","17":"product-type-simple"},"_links":{"self":[{"href":"https:\/\/shop.rettum.ee\/en\/wp-json\/wp\/v2\/product\/120984","targetHints":{"allow":["GET"]}}],"collection":[{"href":"https:\/\/shop.rettum.ee\/en\/wp-json\/wp\/v2\/product"}],"about":[{"href":"https:\/\/shop.rettum.ee\/en\/wp-json\/wp\/v2\/types\/product"}],"version-history":[{"count":1,"href":"https:\/\/shop.rettum.ee\/en\/wp-json\/wp\/v2\/product\/120984\/revisions"}],"predecessor-version":[{"id":125611,"href":"https:\/\/shop.rettum.ee\/en\/wp-json\/wp\/v2\/product\/120984\/revisions\/125611"}],"wp:featuredmedia":[{"embeddable":true,"href":"https:\/\/shop.rettum.ee\/en\/wp-json\/wp\/v2\/media\/124217"}],"wp:attachment":[{"href":"https:\/\/shop.rettum.ee\/en\/wp-json\/wp\/v2\/media?parent=120984"}],"wp:term":[{"taxonomy":"product_brand","embeddable":true,"href":"https:\/\/shop.rettum.ee\/en\/wp-json\/wp\/v2\/product_brand?post=120984"},{"taxonomy":"product_cat","embeddable":true,"href":"https:\/\/shop.rettum.ee\/en\/wp-json\/wp\/v2\/product_cat?post=120984"},{"taxonomy":"product_tag","embeddable":true,"href":"https:\/\/shop.rettum.ee\/en\/wp-json\/wp\/v2\/product_tag?post=120984"},{"taxonomy":"pa_brand_name","embeddable":true,"href":"https:\/\/shop.rettum.ee\/en\/wp-json\/wp\/v2\/pa_brand_name?post=120984"}],"curies":[{"name":"wp","href":"https:\/\/api.w.org\/{rel}","templated":true}]}}