{"id":120985,"date":"2025-03-31T03:08:47","date_gmt":"2025-03-31T00:08:47","guid":{"rendered":"https:\/\/shop.rettum.ee\/toode\/245-40r19-continental-sportcontact-5-98y-xl-mo-fr-bbb72\/"},"modified":"2026-03-12T02:45:24","modified_gmt":"2026-03-12T00:45:24","slug":"245-40r19-continental-sportcontact-5-98y-xl-mo-fr-bbb72","status":"publish","type":"product","link":"https:\/\/shop.rettum.ee\/en\/product\/245-40r19-continental-sportcontact-5-98y-xl-mo-fr-bbb72\/","title":{"rendered":"245\/40R19 CONTINENTAL SPORTCONTACT 5 98Y XL (*) MO FR BBB72"},"content":{"rendered":"<p>Continental SportContact 5 (245\/40R19 98Y XL) on tipptasemel k\u00f5rgj\u00f5udlusega suverehvid, mis \u00fchendavad erakordse s\u00f5idumugavuse ja turvalisuse. Need XL klassi rehvid on konstrueeritud pakkuma \u00fclitugevat s\u00f5idustabiilsust ja t\u00e4pset juhitavust nii kuivadel kui ka m\u00e4rgadel teedel. SportContact 5 disain on optimeeritud maksimaalse pidamise tagamiseks ning nende k\u00f5rge j\u00f5udlus on ideaalne sportlikele sedaanidele ja kupeeridele, kus n\u00f5utakse parimat k\u00f5rvuti kiiruse, ohutuse ja vastupidavuse vahel. <\/p>\n<p>Rehvi tehnilised n\u00e4itajad, sealhulgas 98Y kiirusindeks, tagavad usaldusv\u00e4\u00e4rse j\u00f5udluse ka k\u00f5rgete kiirustega s\u00f5idul, samas kui rehvi XL-lisuseks osutav tugev konstruktsioon v\u00f5imaldab kandma suuremat koormust. M\u00e4rgised MO FR BBB72 lisavad t\u00e4iendavat garantii kvaliteedile ja valmistamisprotsessi usaldusv\u00e4\u00e4rsusele. <\/p>\n<p>Continental SportContact 5 on ideaalne valik juhile, kes otsib tipptasemel kontrolli ja peeneid s\u00f5iduomadusi, kogedes samal ajal maksimaalset turvalisust igas olukorras.<\/p>","protected":false},"excerpt":{"rendered":"<p>Continental SportContact 5 (245\/40R19 98Y XL) on tipptasemel k\u00f5rgj\u00f5udlusega suverehvid, mis \u00fchendavad erakordse s\u00f5idumugavuse ja turvalisuse. Need XL klassi rehvid on konstrueeritud pakkuma \u00fclitugevat s\u00f5idustabiilsust ja t\u00e4pset juhitavust nii kuivadel kui ka m\u00e4rgadel teedel. SportContact 5 disain on optimeeritud maksimaalse pidamise tagamiseks ning nende k\u00f5rge j\u00f5udlus on ideaalne sportlikele sedaanidele ja kupeeridele, kus n\u00f5utakse parimat [&hellip;]<\/p>\n","protected":false},"featured_media":122715,"template":"","meta":{"site-sidebar-layout":"default","site-content-layout":"","ast-site-content-layout":"","site-content-style":"default","site-sidebar-style":"default","ast-global-header-display":"","ast-banner-title-visibility":"","ast-main-header-display":"","ast-hfb-above-header-display":"","ast-hfb-below-header-display":"","ast-hfb-mobile-header-display":"","site-post-title":"","ast-breadcrumbs-content":"","ast-featured-img":"","footer-sml-layout":"","theme-transparent-header-meta":"","adv-header-id-meta":"","stick-header-meta":"","header-above-stick-meta":"","header-main-stick-meta":"","header-below-stick-meta":"","astra-migrate-meta-layouts":"default","ast-page-background-enabled":"default","ast-page-background-meta":{"desktop":{"background-color":"","background-image":"","background-repeat":"repeat","background-position":"center center","background-size":"auto","background-attachment":"scroll","background-type":"","background-media":"","overlay-type":"","overlay-color":"","overlay-opacity":"","overlay-gradient":""},"tablet":{"background-color":"","background-image":"","background-repeat":"repeat","background-position":"center center","background-size":"auto","background-attachment":"scroll","background-type":"","background-media":"","overlay-type":"","overlay-color":"","overlay-opacity":"","overlay-gradient":""},"mobile":{"background-color":"","background-image":"","background-repeat":"repeat","background-position":"center center","background-size":"auto","background-attachment":"scroll","background-type":"","background-media":"","overlay-type":"","overlay-color":"","overlay-opacity":"","overlay-gradient":""}},"ast-content-background-meta":{"desktop":{"background-color":"var(--ast-global-color-5)","background-image":"","background-repeat":"repeat","background-position":"center center","background-size":"auto","background-attachment":"scroll","background-type":"","background-media":"","overlay-type":"","overlay-color":"","overlay-opacity":"","overlay-gradient":""},"tablet":{"background-color":"var(--ast-global-color-5)","background-image":"","background-repeat":"repeat","background-position":"center center","background-size":"auto","background-attachment":"scroll","background-type":"","background-media":"","overlay-type":"","overlay-color":"","overlay-opacity":"","overlay-gradient":""},"mobile":{"background-color":"var(--ast-global-color-5)","background-image":"","background-repeat":"repeat","background-position":"center center","background-size":"auto","background-attachment":"scroll","background-type":"","background-media":"","overlay-type":"","overlay-color":"","overlay-opacity":"","overlay-gradient":""}}},"product_brand":[],"product_cat":[34225],"product_tag":[],"pa_brand_name":[25035],"class_list":{"0":"post-120985","1":"product","2":"type-product","3":"status-publish","4":"has-post-thumbnail","6":"product_cat-summer-tires-pv","7":"pa_brand_name-continental","8":"desktop-align-left","9":"tablet-align-left","10":"mobile-align-left","12":"first","13":"outofstock","14":"taxable","15":"shipping-taxable","16":"purchasable","17":"product-type-simple"},"_links":{"self":[{"href":"https:\/\/shop.rettum.ee\/en\/wp-json\/wp\/v2\/product\/120985","targetHints":{"allow":["GET"]}}],"collection":[{"href":"https:\/\/shop.rettum.ee\/en\/wp-json\/wp\/v2\/product"}],"about":[{"href":"https:\/\/shop.rettum.ee\/en\/wp-json\/wp\/v2\/types\/product"}],"version-history":[{"count":1,"href":"https:\/\/shop.rettum.ee\/en\/wp-json\/wp\/v2\/product\/120985\/revisions"}],"predecessor-version":[{"id":125609,"href":"https:\/\/shop.rettum.ee\/en\/wp-json\/wp\/v2\/product\/120985\/revisions\/125609"}],"wp:featuredmedia":[{"embeddable":true,"href":"https:\/\/shop.rettum.ee\/en\/wp-json\/wp\/v2\/media\/122715"}],"wp:attachment":[{"href":"https:\/\/shop.rettum.ee\/en\/wp-json\/wp\/v2\/media?parent=120985"}],"wp:term":[{"taxonomy":"product_brand","embeddable":true,"href":"https:\/\/shop.rettum.ee\/en\/wp-json\/wp\/v2\/product_brand?post=120985"},{"taxonomy":"product_cat","embeddable":true,"href":"https:\/\/shop.rettum.ee\/en\/wp-json\/wp\/v2\/product_cat?post=120985"},{"taxonomy":"product_tag","embeddable":true,"href":"https:\/\/shop.rettum.ee\/en\/wp-json\/wp\/v2\/product_tag?post=120985"},{"taxonomy":"pa_brand_name","embeddable":true,"href":"https:\/\/shop.rettum.ee\/en\/wp-json\/wp\/v2\/pa_brand_name?post=120985"}],"curies":[{"name":"wp","href":"https:\/\/api.w.org\/{rel}","templated":true}]}}