{"id":120986,"date":"2025-03-31T03:08:47","date_gmt":"2025-03-31T00:08:47","guid":{"rendered":"https:\/\/shop.rettum.ee\/toode\/255-35r19-continental-sportcontact-5-96y-xl-mo-fr-dbb73\/"},"modified":"2026-03-22T03:06:51","modified_gmt":"2026-03-22T01:06:51","slug":"255-35r19-continental-sportcontact-5-96y-xl-mo-fr-dbb73","status":"publish","type":"product","link":"https:\/\/shop.rettum.ee\/en\/product\/255-35r19-continental-sportcontact-5-96y-xl-mo-fr-dbb73\/","title":{"rendered":"255\/35R19 CONTINENTAL SPORTCONTACT 5 96Y XL MO FR DBB73"},"content":{"rendered":"<p>Avasta Continental SportContact 5 255\/35R19 \u2013 rehvitootmise tippklassi n\u00e4ide, mis \u00fchendab sportliku d\u00fcnaamika ja \u00fclimalt t\u00e4psuse k\u00e4sitlusomadused. See k\u00f5rge j\u00f5udlusega suvestehhnoomiline rehv on loodud pakkuma tipptasemel haarduvust nii kuivadel kui ka m\u00e4rgadel teedel. SportContact 5 on disainitud nii, et see tagab l\u00fchikese pidurdusraadiuse ja kindla juhtimiskontrolli k\u00f5rgetel kiirustel, mida n\u00e4itab ka 96Y nimetus, mis kinnitab rehvile antud k\u00f5rgkiiruslikkuse v\u00f5imekust.<\/p>\n<p>XL-versioon lisab rehvile lisakoormuse taluvuse, muutes selle ideaalseks valikuks n\u00f5udlikele s\u00f5idukitele ja juhtidele, kes hindavad stabiilsust ning ohutust ka keerukates man\u00f6\u00f6vrites. MO FR ja DBB73 koodid s\u00fcmboliseerivad Continentali ranget kvaliteedikontrolli ja innovatsiooni, mis on taganud rehvide usaldusv\u00e4\u00e4rsuse \u00fcle kogu maailma.<\/p>\n<p>Valides Continental SportContact 5, investeerid mitte ainult sportlikku s\u00f5iduelamusse, vaid ka ohutusesse ja kestvusesse \u2013 omadustesse, mis loovad tipptasemel s\u00f5idukogemuse igal teekonnal.<\/p>","protected":false},"excerpt":{"rendered":"<p>Avasta Continental SportContact 5 255\/35R19 \u2013 rehvitootmise tippklassi n\u00e4ide, mis \u00fchendab sportliku d\u00fcnaamika ja \u00fclimalt t\u00e4psuse k\u00e4sitlusomadused. See k\u00f5rge j\u00f5udlusega suvestehhnoomiline rehv on loodud pakkuma tipptasemel haarduvust nii kuivadel kui ka m\u00e4rgadel teedel. SportContact 5 on disainitud nii, et see tagab l\u00fchikese pidurdusraadiuse ja kindla juhtimiskontrolli k\u00f5rgetel kiirustel, mida n\u00e4itab ka 96Y nimetus, mis kinnitab [&hellip;]<\/p>\n","protected":false},"featured_media":122715,"template":"","meta":{"site-sidebar-layout":"default","site-content-layout":"","ast-site-content-layout":"","site-content-style":"default","site-sidebar-style":"default","ast-global-header-display":"","ast-banner-title-visibility":"","ast-main-header-display":"","ast-hfb-above-header-display":"","ast-hfb-below-header-display":"","ast-hfb-mobile-header-display":"","site-post-title":"","ast-breadcrumbs-content":"","ast-featured-img":"","footer-sml-layout":"","theme-transparent-header-meta":"","adv-header-id-meta":"","stick-header-meta":"","header-above-stick-meta":"","header-main-stick-meta":"","header-below-stick-meta":"","astra-migrate-meta-layouts":"default","ast-page-background-enabled":"default","ast-page-background-meta":{"desktop":{"background-color":"","background-image":"","background-repeat":"repeat","background-position":"center center","background-size":"auto","background-attachment":"scroll","background-type":"","background-media":"","overlay-type":"","overlay-color":"","overlay-opacity":"","overlay-gradient":""},"tablet":{"background-color":"","background-image":"","background-repeat":"repeat","background-position":"center center","background-size":"auto","background-attachment":"scroll","background-type":"","background-media":"","overlay-type":"","overlay-color":"","overlay-opacity":"","overlay-gradient":""},"mobile":{"background-color":"","background-image":"","background-repeat":"repeat","background-position":"center center","background-size":"auto","background-attachment":"scroll","background-type":"","background-media":"","overlay-type":"","overlay-color":"","overlay-opacity":"","overlay-gradient":""}},"ast-content-background-meta":{"desktop":{"background-color":"var(--ast-global-color-5)","background-image":"","background-repeat":"repeat","background-position":"center center","background-size":"auto","background-attachment":"scroll","background-type":"","background-media":"","overlay-type":"","overlay-color":"","overlay-opacity":"","overlay-gradient":""},"tablet":{"background-color":"var(--ast-global-color-5)","background-image":"","background-repeat":"repeat","background-position":"center center","background-size":"auto","background-attachment":"scroll","background-type":"","background-media":"","overlay-type":"","overlay-color":"","overlay-opacity":"","overlay-gradient":""},"mobile":{"background-color":"var(--ast-global-color-5)","background-image":"","background-repeat":"repeat","background-position":"center center","background-size":"auto","background-attachment":"scroll","background-type":"","background-media":"","overlay-type":"","overlay-color":"","overlay-opacity":"","overlay-gradient":""}}},"product_brand":[],"product_cat":[34225],"product_tag":[],"pa_brand_name":[25035],"class_list":{"0":"post-120986","1":"product","2":"type-product","3":"status-publish","4":"has-post-thumbnail","6":"product_cat-summer-tires-pv","7":"pa_brand_name-continental","8":"desktop-align-left","9":"tablet-align-left","10":"mobile-align-left","12":"first","13":"outofstock","14":"taxable","15":"shipping-taxable","16":"purchasable","17":"product-type-simple"},"_links":{"self":[{"href":"https:\/\/shop.rettum.ee\/en\/wp-json\/wp\/v2\/product\/120986","targetHints":{"allow":["GET"]}}],"collection":[{"href":"https:\/\/shop.rettum.ee\/en\/wp-json\/wp\/v2\/product"}],"about":[{"href":"https:\/\/shop.rettum.ee\/en\/wp-json\/wp\/v2\/types\/product"}],"version-history":[{"count":1,"href":"https:\/\/shop.rettum.ee\/en\/wp-json\/wp\/v2\/product\/120986\/revisions"}],"predecessor-version":[{"id":125610,"href":"https:\/\/shop.rettum.ee\/en\/wp-json\/wp\/v2\/product\/120986\/revisions\/125610"}],"wp:featuredmedia":[{"embeddable":true,"href":"https:\/\/shop.rettum.ee\/en\/wp-json\/wp\/v2\/media\/122715"}],"wp:attachment":[{"href":"https:\/\/shop.rettum.ee\/en\/wp-json\/wp\/v2\/media?parent=120986"}],"wp:term":[{"taxonomy":"product_brand","embeddable":true,"href":"https:\/\/shop.rettum.ee\/en\/wp-json\/wp\/v2\/product_brand?post=120986"},{"taxonomy":"product_cat","embeddable":true,"href":"https:\/\/shop.rettum.ee\/en\/wp-json\/wp\/v2\/product_cat?post=120986"},{"taxonomy":"product_tag","embeddable":true,"href":"https:\/\/shop.rettum.ee\/en\/wp-json\/wp\/v2\/product_tag?post=120986"},{"taxonomy":"pa_brand_name","embeddable":true,"href":"https:\/\/shop.rettum.ee\/en\/wp-json\/wp\/v2\/pa_brand_name?post=120986"}],"curies":[{"name":"wp","href":"https:\/\/api.w.org\/{rel}","templated":true}]}}