{"id":120987,"date":"2025-03-31T03:08:48","date_gmt":"2025-03-31T00:08:48","guid":{"rendered":"https:\/\/shop.rettum.ee\/toode\/255-40r19-continental-sportcontact-5-100w-xl-vol-fr-cab73\/"},"modified":"2026-03-22T03:06:51","modified_gmt":"2026-03-22T01:06:51","slug":"255-40r19-continental-sportcontact-5-100w-xl-vol-fr-cab73","status":"publish","type":"product","link":"https:\/\/shop.rettum.ee\/en\/product\/255-40r19-continental-sportcontact-5-100w-xl-vol-fr-cab73\/","title":{"rendered":"255\/40R19 CONTINENTAL SPORTCONTACT 5 100W XL VOL FR CAB73"},"content":{"rendered":"<p>Continental SportContact 5 rehvid pakuvad erakordset s\u00f5idud\u00fcnaamikat ja turvalisust nii kuival kui m\u00e4rjal teel. Rehvi m\u00f5\u00f5tmed 255\/40R19 tagavad ideaalse tasakaalu sportliku juhtimise ja suurep\u00e4rase veoj\u00f5u vahel, v\u00f5imaldades s\u00f5idukil reageerida kiiresti ja t\u00e4pselt. 100W kiirusindeks koos XL koormuskategooriaga annab kindlustunde ka k\u00f5rgetel kiirustel ning rakendab t\u00e4iendavat vastupidavust n\u00f5udlikes s\u00f5idutingimustes.<\/p>\n<p>Suverehvide tehnoloogiliselt t\u00e4iustatud kummisegu ja optimeeritud s\u00f5rmed tagavad maksimaalse pidamise nii kurvides kui samuti otseses pidurdamises, pakkudes juhtidele kindlat taju igal rajal. VOL FR CAB73 sobib suurep\u00e4raselt sportlike ja j\u00f5udlusp\u00f5histe s\u00f5idukite jaoks, kus on esmat\u00e4htis reageerimisv\u00f5ime ning stabiilsus ka ekstreemsetes tingimustes.<\/p>\n<p>Continental SportContact 5 on loodud neile, kes hindavad kvaliteeti ja tipptasemel s\u00f5idukogemust. T\u00e4nu oma uuenduslikule disainile ja insenerit\u00f6\u00f6le pakub see rehv maksimaalset kontaktpinda teepiirkonnas, tagades nii parem man\u00f6\u00f6verdusv\u00f5ime kui ka s\u00f5idumugavuse. Valides sellise rehvi, investeerid oma s\u00f5idukisse ja ohutusse.<\/p>","protected":false},"excerpt":{"rendered":"<p>Continental SportContact 5 rehvid pakuvad erakordset s\u00f5idud\u00fcnaamikat ja turvalisust nii kuival kui m\u00e4rjal teel. Rehvi m\u00f5\u00f5tmed 255\/40R19 tagavad ideaalse tasakaalu sportliku juhtimise ja suurep\u00e4rase veoj\u00f5u vahel, v\u00f5imaldades s\u00f5idukil reageerida kiiresti ja t\u00e4pselt. 100W kiirusindeks koos XL koormuskategooriaga annab kindlustunde ka k\u00f5rgetel kiirustel ning rakendab t\u00e4iendavat vastupidavust n\u00f5udlikes s\u00f5idutingimustes. Suverehvide tehnoloogiliselt t\u00e4iustatud kummisegu ja optimeeritud s\u00f5rmed [&hellip;]<\/p>\n","protected":false},"featured_media":122715,"template":"","meta":{"site-sidebar-layout":"default","site-content-layout":"","ast-site-content-layout":"","site-content-style":"default","site-sidebar-style":"default","ast-global-header-display":"","ast-banner-title-visibility":"","ast-main-header-display":"","ast-hfb-above-header-display":"","ast-hfb-below-header-display":"","ast-hfb-mobile-header-display":"","site-post-title":"","ast-breadcrumbs-content":"","ast-featured-img":"","footer-sml-layout":"","theme-transparent-header-meta":"","adv-header-id-meta":"","stick-header-meta":"","header-above-stick-meta":"","header-main-stick-meta":"","header-below-stick-meta":"","astra-migrate-meta-layouts":"default","ast-page-background-enabled":"default","ast-page-background-meta":{"desktop":{"background-color":"","background-image":"","background-repeat":"repeat","background-position":"center center","background-size":"auto","background-attachment":"scroll","background-type":"","background-media":"","overlay-type":"","overlay-color":"","overlay-opacity":"","overlay-gradient":""},"tablet":{"background-color":"","background-image":"","background-repeat":"repeat","background-position":"center center","background-size":"auto","background-attachment":"scroll","background-type":"","background-media":"","overlay-type":"","overlay-color":"","overlay-opacity":"","overlay-gradient":""},"mobile":{"background-color":"","background-image":"","background-repeat":"repeat","background-position":"center center","background-size":"auto","background-attachment":"scroll","background-type":"","background-media":"","overlay-type":"","overlay-color":"","overlay-opacity":"","overlay-gradient":""}},"ast-content-background-meta":{"desktop":{"background-color":"var(--ast-global-color-5)","background-image":"","background-repeat":"repeat","background-position":"center center","background-size":"auto","background-attachment":"scroll","background-type":"","background-media":"","overlay-type":"","overlay-color":"","overlay-opacity":"","overlay-gradient":""},"tablet":{"background-color":"var(--ast-global-color-5)","background-image":"","background-repeat":"repeat","background-position":"center center","background-size":"auto","background-attachment":"scroll","background-type":"","background-media":"","overlay-type":"","overlay-color":"","overlay-opacity":"","overlay-gradient":""},"mobile":{"background-color":"var(--ast-global-color-5)","background-image":"","background-repeat":"repeat","background-position":"center center","background-size":"auto","background-attachment":"scroll","background-type":"","background-media":"","overlay-type":"","overlay-color":"","overlay-opacity":"","overlay-gradient":""}}},"product_brand":[],"product_cat":[34225],"product_tag":[],"pa_brand_name":[25035],"class_list":{"0":"post-120987","1":"product","2":"type-product","3":"status-publish","4":"has-post-thumbnail","6":"product_cat-summer-tires-pv","7":"pa_brand_name-continental","8":"desktop-align-left","9":"tablet-align-left","10":"mobile-align-left","12":"first","13":"outofstock","14":"taxable","15":"shipping-taxable","16":"purchasable","17":"product-type-simple"},"_links":{"self":[{"href":"https:\/\/shop.rettum.ee\/en\/wp-json\/wp\/v2\/product\/120987","targetHints":{"allow":["GET"]}}],"collection":[{"href":"https:\/\/shop.rettum.ee\/en\/wp-json\/wp\/v2\/product"}],"about":[{"href":"https:\/\/shop.rettum.ee\/en\/wp-json\/wp\/v2\/types\/product"}],"version-history":[{"count":1,"href":"https:\/\/shop.rettum.ee\/en\/wp-json\/wp\/v2\/product\/120987\/revisions"}],"predecessor-version":[{"id":125607,"href":"https:\/\/shop.rettum.ee\/en\/wp-json\/wp\/v2\/product\/120987\/revisions\/125607"}],"wp:featuredmedia":[{"embeddable":true,"href":"https:\/\/shop.rettum.ee\/en\/wp-json\/wp\/v2\/media\/122715"}],"wp:attachment":[{"href":"https:\/\/shop.rettum.ee\/en\/wp-json\/wp\/v2\/media?parent=120987"}],"wp:term":[{"taxonomy":"product_brand","embeddable":true,"href":"https:\/\/shop.rettum.ee\/en\/wp-json\/wp\/v2\/product_brand?post=120987"},{"taxonomy":"product_cat","embeddable":true,"href":"https:\/\/shop.rettum.ee\/en\/wp-json\/wp\/v2\/product_cat?post=120987"},{"taxonomy":"product_tag","embeddable":true,"href":"https:\/\/shop.rettum.ee\/en\/wp-json\/wp\/v2\/product_tag?post=120987"},{"taxonomy":"pa_brand_name","embeddable":true,"href":"https:\/\/shop.rettum.ee\/en\/wp-json\/wp\/v2\/pa_brand_name?post=120987"}],"curies":[{"name":"wp","href":"https:\/\/api.w.org\/{rel}","templated":true}]}}