{"id":120988,"date":"2025-03-31T03:08:49","date_gmt":"2025-03-31T00:08:49","guid":{"rendered":"https:\/\/shop.rettum.ee\/toode\/255-45r19-continental-sportcontact-5-100v-fr-cab72\/"},"modified":"2025-07-30T02:51:30","modified_gmt":"2025-07-29T23:51:30","slug":"255-45r19-continental-sportcontact-5-100v-fr-cab72","status":"publish","type":"product","link":"https:\/\/shop.rettum.ee\/en\/product\/255-45r19-continental-sportcontact-5-100v-fr-cab72\/","title":{"rendered":"255\/45R19 CONTINENTAL SPORTCONTACT 5 100V FR CAB72"},"content":{"rendered":"<p>Continental SportContact 5 rehv on tipptasemel sportrehv, mis on loodud n\u00f5udlikele s\u00f5idutingimustele ja sportlikele s\u00f5idukitele. Mootori v\u00f5imsust ja s\u00f5iduomadusi v\u00e4\u00e4rtustavale s\u00f5idukile pakub see rehv laitmatut teek\u00e4iku ning maksimaalset haardumist nii kuivadel kui ka m\u00e4rgadel teedel. M\u00f5\u00f5tmed 255\/45R19 tagavad suurep\u00e4rase kontakti ja stabiilsuse, mis suurendab s\u00f5idu kindlustunnet isegi k\u00f5rgetel kiirustel.<\/p>\n<p>100V klassifitseering ja FR-tehnoloogia annavad kindlustunnet ka n\u00f5udlikes olukordades, v\u00f5imaldades optimaalse j\u00f5udluse ja ohutuse kompromissita. Unikaalne CAB72-kood on tunnus, mis s\u00fcmboliseerib rehvi tipptasemel kvaliteeti ning Continental\u2019i p\u00fchendumust innovatsioonile ja usaldusv\u00e4\u00e4rsusele. Selle rehvi uuenduslik mustrikav\u00e4ljakume tagab parima v\u00f5imaliku side tee-sisuga, v\u00e4hendades aquaplaning&#8217;u riski ja pakkudes erakordset pidurdusj\u00f5udlust.<\/p>\n<p>Continental SportContact 5 on ideaalne valik neile, kes otsivad \u00fclimat sportlikkust, k\u00fctuses\u00e4\u00e4stlikkust ning ohutut ja d\u00fcnaamilist s\u00f5idukogemust.<\/p>","protected":false},"excerpt":{"rendered":"<p>Continental SportContact 5 rehv on tipptasemel sportrehv, mis on loodud n\u00f5udlikele s\u00f5idutingimustele ja sportlikele s\u00f5idukitele. Mootori v\u00f5imsust ja s\u00f5iduomadusi v\u00e4\u00e4rtustavale s\u00f5idukile pakub see rehv laitmatut teek\u00e4iku ning maksimaalset haardumist nii kuivadel kui ka m\u00e4rgadel teedel. M\u00f5\u00f5tmed 255\/45R19 tagavad suurep\u00e4rase kontakti ja stabiilsuse, mis suurendab s\u00f5idu kindlustunnet isegi k\u00f5rgetel kiirustel. 100V klassifitseering ja FR-tehnoloogia annavad kindlustunnet [&hellip;]<\/p>\n","protected":false},"featured_media":122715,"template":"","meta":{"site-sidebar-layout":"default","site-content-layout":"","ast-site-content-layout":"","site-content-style":"default","site-sidebar-style":"default","ast-global-header-display":"","ast-banner-title-visibility":"","ast-main-header-display":"","ast-hfb-above-header-display":"","ast-hfb-below-header-display":"","ast-hfb-mobile-header-display":"","site-post-title":"","ast-breadcrumbs-content":"","ast-featured-img":"","footer-sml-layout":"","theme-transparent-header-meta":"","adv-header-id-meta":"","stick-header-meta":"","header-above-stick-meta":"","header-main-stick-meta":"","header-below-stick-meta":"","astra-migrate-meta-layouts":"default","ast-page-background-enabled":"default","ast-page-background-meta":{"desktop":{"background-color":"","background-image":"","background-repeat":"repeat","background-position":"center center","background-size":"auto","background-attachment":"scroll","background-type":"","background-media":"","overlay-type":"","overlay-color":"","overlay-opacity":"","overlay-gradient":""},"tablet":{"background-color":"","background-image":"","background-repeat":"repeat","background-position":"center center","background-size":"auto","background-attachment":"scroll","background-type":"","background-media":"","overlay-type":"","overlay-color":"","overlay-opacity":"","overlay-gradient":""},"mobile":{"background-color":"","background-image":"","background-repeat":"repeat","background-position":"center center","background-size":"auto","background-attachment":"scroll","background-type":"","background-media":"","overlay-type":"","overlay-color":"","overlay-opacity":"","overlay-gradient":""}},"ast-content-background-meta":{"desktop":{"background-color":"var(--ast-global-color-5)","background-image":"","background-repeat":"repeat","background-position":"center center","background-size":"auto","background-attachment":"scroll","background-type":"","background-media":"","overlay-type":"","overlay-color":"","overlay-opacity":"","overlay-gradient":""},"tablet":{"background-color":"var(--ast-global-color-5)","background-image":"","background-repeat":"repeat","background-position":"center center","background-size":"auto","background-attachment":"scroll","background-type":"","background-media":"","overlay-type":"","overlay-color":"","overlay-opacity":"","overlay-gradient":""},"mobile":{"background-color":"var(--ast-global-color-5)","background-image":"","background-repeat":"repeat","background-position":"center center","background-size":"auto","background-attachment":"scroll","background-type":"","background-media":"","overlay-type":"","overlay-color":"","overlay-opacity":"","overlay-gradient":""}}},"product_brand":[],"product_cat":[34225],"product_tag":[],"pa_brand_name":[25035],"class_list":{"0":"post-120988","1":"product","2":"type-product","3":"status-publish","4":"has-post-thumbnail","6":"product_cat-summer-tires-pv","7":"pa_brand_name-continental","8":"desktop-align-left","9":"tablet-align-left","10":"mobile-align-left","12":"first","13":"outofstock","14":"taxable","15":"shipping-taxable","16":"purchasable","17":"product-type-simple"},"_links":{"self":[{"href":"https:\/\/shop.rettum.ee\/en\/wp-json\/wp\/v2\/product\/120988","targetHints":{"allow":["GET"]}}],"collection":[{"href":"https:\/\/shop.rettum.ee\/en\/wp-json\/wp\/v2\/product"}],"about":[{"href":"https:\/\/shop.rettum.ee\/en\/wp-json\/wp\/v2\/types\/product"}],"version-history":[{"count":1,"href":"https:\/\/shop.rettum.ee\/en\/wp-json\/wp\/v2\/product\/120988\/revisions"}],"predecessor-version":[{"id":125606,"href":"https:\/\/shop.rettum.ee\/en\/wp-json\/wp\/v2\/product\/120988\/revisions\/125606"}],"wp:featuredmedia":[{"embeddable":true,"href":"https:\/\/shop.rettum.ee\/en\/wp-json\/wp\/v2\/media\/122715"}],"wp:attachment":[{"href":"https:\/\/shop.rettum.ee\/en\/wp-json\/wp\/v2\/media?parent=120988"}],"wp:term":[{"taxonomy":"product_brand","embeddable":true,"href":"https:\/\/shop.rettum.ee\/en\/wp-json\/wp\/v2\/product_brand?post=120988"},{"taxonomy":"product_cat","embeddable":true,"href":"https:\/\/shop.rettum.ee\/en\/wp-json\/wp\/v2\/product_cat?post=120988"},{"taxonomy":"product_tag","embeddable":true,"href":"https:\/\/shop.rettum.ee\/en\/wp-json\/wp\/v2\/product_tag?post=120988"},{"taxonomy":"pa_brand_name","embeddable":true,"href":"https:\/\/shop.rettum.ee\/en\/wp-json\/wp\/v2\/pa_brand_name?post=120988"}],"curies":[{"name":"wp","href":"https:\/\/api.w.org\/{rel}","templated":true}]}}