{"id":120989,"date":"2025-03-31T03:08:50","date_gmt":"2025-03-31T00:08:50","guid":{"rendered":"https:\/\/shop.rettum.ee\/toode\/275-35r19-continental-ecocontact-6-100y-xl-mo-abb73\/"},"modified":"2026-03-22T03:06:52","modified_gmt":"2026-03-22T01:06:52","slug":"275-35r19-continental-ecocontact-6-100y-xl-mo-abb73","status":"publish","type":"product","link":"https:\/\/shop.rettum.ee\/en\/product\/275-35r19-continental-ecocontact-6-100y-xl-mo-abb73\/","title":{"rendered":"275\/35R19 CONTINENTAL ECOCONTACT 6 100Y XL MO ABB73"},"content":{"rendered":"<p>275\/35R19 CONTINENTAL ECOCONTACT 6 100Y XL MO ABB73 on tipptasemel rehvid, mis \u00fchendavad sportliku d\u00fcnaamika ja keskkonnas\u00f5bralikkuse. Need rehvid on konstrueeritud uuendusliku ECOCONTACT 6 tehnoloogia abil, pakkudes suurep\u00e4rast pidamist ja reageerimist igas s\u00f5iduolukorras. Sportlik 275\/35R19 m\u00f5\u00f5t tagab kindla haarde ning t\u00e4pse juhtimiskogemuse ka k\u00f5rgeimatel kiirustel, milleks reisis\u00fcmbooliks on 100Y kiirusklassi. XL klassi struktuur suurendab koormustaluvust ja vastupidavust, muutes need ideaalseks valikuks n\u00f5udlikumatele s\u00f5idutingimustele.<\/p>\n<p>Keskendudes madalama k\u00fctusekulu ja v\u00e4hendatud rullimise vastupanu saavutamisele, aitavad need rehvid v\u00e4hendada s\u00f5iduki \u00fcldist energiatarbimist, toetades seel\u00e4bi s\u00e4\u00e4stlikku ja keskkonnas\u00f5bralikku s\u00f5itu. T\u00e4iustatud mustri ja materjalide disain v\u00f5imaldab optimeerida m\u00e4rgade ja kuivate pindade pidamist, pakkudes igak\u00fclgset turvalisust. Vali CONTINENTAL ECOCONTACT 6, et kogeda innovatsiooni ja usaldusv\u00e4\u00e4rsust igal teekonnal.<\/p>","protected":false},"excerpt":{"rendered":"<p>275\/35R19 CONTINENTAL ECOCONTACT 6 100Y XL MO ABB73 on tipptasemel rehvid, mis \u00fchendavad sportliku d\u00fcnaamika ja keskkonnas\u00f5bralikkuse. Need rehvid on konstrueeritud uuendusliku ECOCONTACT 6 tehnoloogia abil, pakkudes suurep\u00e4rast pidamist ja reageerimist igas s\u00f5iduolukorras. Sportlik 275\/35R19 m\u00f5\u00f5t tagab kindla haarde ning t\u00e4pse juhtimiskogemuse ka k\u00f5rgeimatel kiirustel, milleks reisis\u00fcmbooliks on 100Y kiirusklassi. XL klassi struktuur suurendab koormustaluvust [&hellip;]<\/p>\n","protected":false},"featured_media":124867,"template":"","meta":{"site-sidebar-layout":"default","site-content-layout":"","ast-site-content-layout":"","site-content-style":"default","site-sidebar-style":"default","ast-global-header-display":"","ast-banner-title-visibility":"","ast-main-header-display":"","ast-hfb-above-header-display":"","ast-hfb-below-header-display":"","ast-hfb-mobile-header-display":"","site-post-title":"","ast-breadcrumbs-content":"","ast-featured-img":"","footer-sml-layout":"","theme-transparent-header-meta":"","adv-header-id-meta":"","stick-header-meta":"","header-above-stick-meta":"","header-main-stick-meta":"","header-below-stick-meta":"","astra-migrate-meta-layouts":"default","ast-page-background-enabled":"default","ast-page-background-meta":{"desktop":{"background-color":"","background-image":"","background-repeat":"repeat","background-position":"center center","background-size":"auto","background-attachment":"scroll","background-type":"","background-media":"","overlay-type":"","overlay-color":"","overlay-opacity":"","overlay-gradient":""},"tablet":{"background-color":"","background-image":"","background-repeat":"repeat","background-position":"center center","background-size":"auto","background-attachment":"scroll","background-type":"","background-media":"","overlay-type":"","overlay-color":"","overlay-opacity":"","overlay-gradient":""},"mobile":{"background-color":"","background-image":"","background-repeat":"repeat","background-position":"center center","background-size":"auto","background-attachment":"scroll","background-type":"","background-media":"","overlay-type":"","overlay-color":"","overlay-opacity":"","overlay-gradient":""}},"ast-content-background-meta":{"desktop":{"background-color":"var(--ast-global-color-5)","background-image":"","background-repeat":"repeat","background-position":"center center","background-size":"auto","background-attachment":"scroll","background-type":"","background-media":"","overlay-type":"","overlay-color":"","overlay-opacity":"","overlay-gradient":""},"tablet":{"background-color":"var(--ast-global-color-5)","background-image":"","background-repeat":"repeat","background-position":"center center","background-size":"auto","background-attachment":"scroll","background-type":"","background-media":"","overlay-type":"","overlay-color":"","overlay-opacity":"","overlay-gradient":""},"mobile":{"background-color":"var(--ast-global-color-5)","background-image":"","background-repeat":"repeat","background-position":"center center","background-size":"auto","background-attachment":"scroll","background-type":"","background-media":"","overlay-type":"","overlay-color":"","overlay-opacity":"","overlay-gradient":""}}},"product_brand":[],"product_cat":[34225],"product_tag":[],"pa_brand_name":[25035],"class_list":{"0":"post-120989","1":"product","2":"type-product","3":"status-publish","4":"has-post-thumbnail","6":"product_cat-summer-tires-pv","7":"pa_brand_name-continental","8":"desktop-align-left","9":"tablet-align-left","10":"mobile-align-left","12":"first","13":"outofstock","14":"taxable","15":"shipping-taxable","16":"purchasable","17":"product-type-simple"},"_links":{"self":[{"href":"https:\/\/shop.rettum.ee\/en\/wp-json\/wp\/v2\/product\/120989","targetHints":{"allow":["GET"]}}],"collection":[{"href":"https:\/\/shop.rettum.ee\/en\/wp-json\/wp\/v2\/product"}],"about":[{"href":"https:\/\/shop.rettum.ee\/en\/wp-json\/wp\/v2\/types\/product"}],"version-history":[{"count":1,"href":"https:\/\/shop.rettum.ee\/en\/wp-json\/wp\/v2\/product\/120989\/revisions"}],"predecessor-version":[{"id":125605,"href":"https:\/\/shop.rettum.ee\/en\/wp-json\/wp\/v2\/product\/120989\/revisions\/125605"}],"wp:featuredmedia":[{"embeddable":true,"href":"https:\/\/shop.rettum.ee\/en\/wp-json\/wp\/v2\/media\/124867"}],"wp:attachment":[{"href":"https:\/\/shop.rettum.ee\/en\/wp-json\/wp\/v2\/media?parent=120989"}],"wp:term":[{"taxonomy":"product_brand","embeddable":true,"href":"https:\/\/shop.rettum.ee\/en\/wp-json\/wp\/v2\/product_brand?post=120989"},{"taxonomy":"product_cat","embeddable":true,"href":"https:\/\/shop.rettum.ee\/en\/wp-json\/wp\/v2\/product_cat?post=120989"},{"taxonomy":"product_tag","embeddable":true,"href":"https:\/\/shop.rettum.ee\/en\/wp-json\/wp\/v2\/product_tag?post=120989"},{"taxonomy":"pa_brand_name","embeddable":true,"href":"https:\/\/shop.rettum.ee\/en\/wp-json\/wp\/v2\/pa_brand_name?post=120989"}],"curies":[{"name":"wp","href":"https:\/\/api.w.org\/{rel}","templated":true}]}}