{"id":120991,"date":"2025-03-31T03:08:51","date_gmt":"2025-03-31T00:08:51","guid":{"rendered":"https:\/\/shop.rettum.ee\/toode\/175-55r20-continental-ecocontact-6-85q-bbb70\/"},"modified":"2026-03-22T03:06:54","modified_gmt":"2026-03-22T01:06:54","slug":"175-55r20-continental-ecocontact-6-85q-bbb70","status":"publish","type":"product","link":"https:\/\/shop.rettum.ee\/en\/product\/175-55r20-continental-ecocontact-6-85q-bbb70\/","title":{"rendered":"175\/55R20 CONTINENTAL ECOCONTACT 6 85Q BBB70"},"content":{"rendered":"<p>Continental ECOCONTACT 6 rehv 175\/55R20 on loodud pakkuma kaasaegsetele s\u00f5idutingimustele optimaalseid omadusi nii \u00f6konoomsuse kui ka ohutuse osas. See rehv on m\u00f5eldud 20-tolmustele velgedele ning sobib ideaalselt nii linnaliikluseks kui ka pikemateks reisideks, pakkudes suurep\u00e4rast stabiilsust kuival ja m\u00e4rjal teel.<\/p>\n<p>Rehvi kaasaegne tehnoloogia tagab madala veeretakistuse, mis aitab v\u00e4hendada k\u00fctusekulu ja v\u00e4hendada heitgaase \u2013 ideaalne valik keskkonnas\u00f5bralikuks s\u00f5iduks. Laadimisindeks 85 ja kiirusklass Q annavad kindlustunde, et rehv suudab pakkuda vajalikku j\u00f5udlust ja vastupidavust igas olukorras. Lisaks on Continentali tuntud kvaliteedikontroll ja innovaatilised disainilahendused taganud, et ECOCONTACT 6 vastab k\u00f5rgeimatele ohutusstandarditele.<\/p>\n<p>Valides Continental ECOCONTACT 6, investeerid kindlasse s\u00f5idumugavusesse, paremas juhikaitses ja \u00f6konoomsusesse, pakkudes igale juhile usaldusv\u00e4\u00e4rset ja kvaliteetset s\u00f5iduelamust.<\/p>","protected":false},"excerpt":{"rendered":"<p>Continental ECOCONTACT 6 rehv 175\/55R20 on loodud pakkuma kaasaegsetele s\u00f5idutingimustele optimaalseid omadusi nii \u00f6konoomsuse kui ka ohutuse osas. See rehv on m\u00f5eldud 20-tolmustele velgedele ning sobib ideaalselt nii linnaliikluseks kui ka pikemateks reisideks, pakkudes suurep\u00e4rast stabiilsust kuival ja m\u00e4rjal teel. Rehvi kaasaegne tehnoloogia tagab madala veeretakistuse, mis aitab v\u00e4hendada k\u00fctusekulu ja v\u00e4hendada heitgaase \u2013 ideaalne [&hellip;]<\/p>\n","protected":false},"featured_media":124867,"template":"","meta":{"site-sidebar-layout":"default","site-content-layout":"","ast-site-content-layout":"","site-content-style":"default","site-sidebar-style":"default","ast-global-header-display":"","ast-banner-title-visibility":"","ast-main-header-display":"","ast-hfb-above-header-display":"","ast-hfb-below-header-display":"","ast-hfb-mobile-header-display":"","site-post-title":"","ast-breadcrumbs-content":"","ast-featured-img":"","footer-sml-layout":"","theme-transparent-header-meta":"","adv-header-id-meta":"","stick-header-meta":"","header-above-stick-meta":"","header-main-stick-meta":"","header-below-stick-meta":"","astra-migrate-meta-layouts":"default","ast-page-background-enabled":"default","ast-page-background-meta":{"desktop":{"background-color":"","background-image":"","background-repeat":"repeat","background-position":"center center","background-size":"auto","background-attachment":"scroll","background-type":"","background-media":"","overlay-type":"","overlay-color":"","overlay-opacity":"","overlay-gradient":""},"tablet":{"background-color":"","background-image":"","background-repeat":"repeat","background-position":"center center","background-size":"auto","background-attachment":"scroll","background-type":"","background-media":"","overlay-type":"","overlay-color":"","overlay-opacity":"","overlay-gradient":""},"mobile":{"background-color":"","background-image":"","background-repeat":"repeat","background-position":"center center","background-size":"auto","background-attachment":"scroll","background-type":"","background-media":"","overlay-type":"","overlay-color":"","overlay-opacity":"","overlay-gradient":""}},"ast-content-background-meta":{"desktop":{"background-color":"var(--ast-global-color-5)","background-image":"","background-repeat":"repeat","background-position":"center center","background-size":"auto","background-attachment":"scroll","background-type":"","background-media":"","overlay-type":"","overlay-color":"","overlay-opacity":"","overlay-gradient":""},"tablet":{"background-color":"var(--ast-global-color-5)","background-image":"","background-repeat":"repeat","background-position":"center center","background-size":"auto","background-attachment":"scroll","background-type":"","background-media":"","overlay-type":"","overlay-color":"","overlay-opacity":"","overlay-gradient":""},"mobile":{"background-color":"var(--ast-global-color-5)","background-image":"","background-repeat":"repeat","background-position":"center center","background-size":"auto","background-attachment":"scroll","background-type":"","background-media":"","overlay-type":"","overlay-color":"","overlay-opacity":"","overlay-gradient":""}}},"product_brand":[],"product_cat":[34225],"product_tag":[],"pa_brand_name":[25035],"class_list":{"0":"post-120991","1":"product","2":"type-product","3":"status-publish","4":"has-post-thumbnail","6":"product_cat-summer-tires-pv","7":"pa_brand_name-continental","8":"desktop-align-left","9":"tablet-align-left","10":"mobile-align-left","12":"first","13":"outofstock","14":"taxable","15":"shipping-taxable","16":"purchasable","17":"product-type-simple"},"_links":{"self":[{"href":"https:\/\/shop.rettum.ee\/en\/wp-json\/wp\/v2\/product\/120991","targetHints":{"allow":["GET"]}}],"collection":[{"href":"https:\/\/shop.rettum.ee\/en\/wp-json\/wp\/v2\/product"}],"about":[{"href":"https:\/\/shop.rettum.ee\/en\/wp-json\/wp\/v2\/types\/product"}],"version-history":[{"count":1,"href":"https:\/\/shop.rettum.ee\/en\/wp-json\/wp\/v2\/product\/120991\/revisions"}],"predecessor-version":[{"id":125604,"href":"https:\/\/shop.rettum.ee\/en\/wp-json\/wp\/v2\/product\/120991\/revisions\/125604"}],"wp:featuredmedia":[{"embeddable":true,"href":"https:\/\/shop.rettum.ee\/en\/wp-json\/wp\/v2\/media\/124867"}],"wp:attachment":[{"href":"https:\/\/shop.rettum.ee\/en\/wp-json\/wp\/v2\/media?parent=120991"}],"wp:term":[{"taxonomy":"product_brand","embeddable":true,"href":"https:\/\/shop.rettum.ee\/en\/wp-json\/wp\/v2\/product_brand?post=120991"},{"taxonomy":"product_cat","embeddable":true,"href":"https:\/\/shop.rettum.ee\/en\/wp-json\/wp\/v2\/product_cat?post=120991"},{"taxonomy":"product_tag","embeddable":true,"href":"https:\/\/shop.rettum.ee\/en\/wp-json\/wp\/v2\/product_tag?post=120991"},{"taxonomy":"pa_brand_name","embeddable":true,"href":"https:\/\/shop.rettum.ee\/en\/wp-json\/wp\/v2\/pa_brand_name?post=120991"}],"curies":[{"name":"wp","href":"https:\/\/api.w.org\/{rel}","templated":true}]}}