{"id":120993,"date":"2025-03-31T03:08:53","date_gmt":"2025-03-31T00:08:53","guid":{"rendered":"https:\/\/shop.rettum.ee\/toode\/245-45r20-continental-premiumcontact-6-103v-xl-fr-aab72\/"},"modified":"2026-03-22T03:06:54","modified_gmt":"2026-03-22T01:06:54","slug":"245-45r20-continental-premiumcontact-6-103v-xl-fr-aab72","status":"publish","type":"product","link":"https:\/\/shop.rettum.ee\/en\/product\/245-45r20-continental-premiumcontact-6-103v-xl-fr-aab72\/","title":{"rendered":"245\/45R20 CONTINENTAL PREMIUMCONTACT 6 103V XL FR AAB72"},"content":{"rendered":"<p>Continental PremiumContact 6 245\/45R20 on tippkvaliteediga rehvid, mis \u00fchendavad turvalisuse, j\u00f5udluse ja vastupidavuse. Rehvi m\u00f5\u00f5tmed 245\/45R20 tagavad suurep\u00e4rase stabiilsuse ja juhitavuse ka n\u00f5udlikes s\u00f5iduoludes, pakkudes optimaalset kontakti asfaldiv\u00f6\u00f6tlusega nii kuival kui ka m\u00e4rjal teel. <\/p>\n<p>Load index 103 ning kiiruskategooria V v\u00f5imaldavad s\u00f5idukil saavutada k\u00f5rgeid kiirusi, s\u00e4ilitades samas ohutuse ja stabiilsuse. XL (extra load) versioon lisab t\u00e4iendava koormustaluvuse, muutes rehvid ideaalseks ka raskemate ja k\u00f5rgema j\u00f5udlusega s\u00f5idukite jaoks. <\/p>\n<p>Rehvi spetsiifiline konstruktsioon ja AAB72 kood tagavad, et iga detail on hoolikalt l\u00e4bi m\u00f5eldud, pakkudes s\u00f5idu ajal parem kontrolli ja mugavust. Continental PremiumContact 6 sobib neile, kes hindavad tipptasemel ohutust, k\u00fctuses\u00e4\u00e4stlikkust ja s\u00f5idud\u00fcnaamikat, olles ideaalne valik nii igap\u00e4evaseks s\u00f5iduks kui ka sportlikumaks ajam\u00f5nuks.<\/p>","protected":false},"excerpt":{"rendered":"<p>Continental PremiumContact 6 245\/45R20 on tippkvaliteediga rehvid, mis \u00fchendavad turvalisuse, j\u00f5udluse ja vastupidavuse. Rehvi m\u00f5\u00f5tmed 245\/45R20 tagavad suurep\u00e4rase stabiilsuse ja juhitavuse ka n\u00f5udlikes s\u00f5iduoludes, pakkudes optimaalset kontakti asfaldiv\u00f6\u00f6tlusega nii kuival kui ka m\u00e4rjal teel. Load index 103 ning kiiruskategooria V v\u00f5imaldavad s\u00f5idukil saavutada k\u00f5rgeid kiirusi, s\u00e4ilitades samas ohutuse ja stabiilsuse. XL (extra load) versioon lisab [&hellip;]<\/p>\n","protected":false},"featured_media":124217,"template":"","meta":{"site-sidebar-layout":"default","site-content-layout":"","ast-site-content-layout":"","site-content-style":"default","site-sidebar-style":"default","ast-global-header-display":"","ast-banner-title-visibility":"","ast-main-header-display":"","ast-hfb-above-header-display":"","ast-hfb-below-header-display":"","ast-hfb-mobile-header-display":"","site-post-title":"","ast-breadcrumbs-content":"","ast-featured-img":"","footer-sml-layout":"","theme-transparent-header-meta":"","adv-header-id-meta":"","stick-header-meta":"","header-above-stick-meta":"","header-main-stick-meta":"","header-below-stick-meta":"","astra-migrate-meta-layouts":"default","ast-page-background-enabled":"default","ast-page-background-meta":{"desktop":{"background-color":"","background-image":"","background-repeat":"repeat","background-position":"center center","background-size":"auto","background-attachment":"scroll","background-type":"","background-media":"","overlay-type":"","overlay-color":"","overlay-opacity":"","overlay-gradient":""},"tablet":{"background-color":"","background-image":"","background-repeat":"repeat","background-position":"center center","background-size":"auto","background-attachment":"scroll","background-type":"","background-media":"","overlay-type":"","overlay-color":"","overlay-opacity":"","overlay-gradient":""},"mobile":{"background-color":"","background-image":"","background-repeat":"repeat","background-position":"center center","background-size":"auto","background-attachment":"scroll","background-type":"","background-media":"","overlay-type":"","overlay-color":"","overlay-opacity":"","overlay-gradient":""}},"ast-content-background-meta":{"desktop":{"background-color":"var(--ast-global-color-5)","background-image":"","background-repeat":"repeat","background-position":"center center","background-size":"auto","background-attachment":"scroll","background-type":"","background-media":"","overlay-type":"","overlay-color":"","overlay-opacity":"","overlay-gradient":""},"tablet":{"background-color":"var(--ast-global-color-5)","background-image":"","background-repeat":"repeat","background-position":"center center","background-size":"auto","background-attachment":"scroll","background-type":"","background-media":"","overlay-type":"","overlay-color":"","overlay-opacity":"","overlay-gradient":""},"mobile":{"background-color":"var(--ast-global-color-5)","background-image":"","background-repeat":"repeat","background-position":"center center","background-size":"auto","background-attachment":"scroll","background-type":"","background-media":"","overlay-type":"","overlay-color":"","overlay-opacity":"","overlay-gradient":""}}},"product_brand":[],"product_cat":[34225],"product_tag":[],"pa_brand_name":[25035],"class_list":{"0":"post-120993","1":"product","2":"type-product","3":"status-publish","4":"has-post-thumbnail","6":"product_cat-summer-tires-pv","7":"pa_brand_name-continental","8":"desktop-align-left","9":"tablet-align-left","10":"mobile-align-left","12":"first","13":"outofstock","14":"taxable","15":"shipping-taxable","16":"purchasable","17":"product-type-simple"},"_links":{"self":[{"href":"https:\/\/shop.rettum.ee\/en\/wp-json\/wp\/v2\/product\/120993","targetHints":{"allow":["GET"]}}],"collection":[{"href":"https:\/\/shop.rettum.ee\/en\/wp-json\/wp\/v2\/product"}],"about":[{"href":"https:\/\/shop.rettum.ee\/en\/wp-json\/wp\/v2\/types\/product"}],"version-history":[{"count":1,"href":"https:\/\/shop.rettum.ee\/en\/wp-json\/wp\/v2\/product\/120993\/revisions"}],"predecessor-version":[{"id":125600,"href":"https:\/\/shop.rettum.ee\/en\/wp-json\/wp\/v2\/product\/120993\/revisions\/125600"}],"wp:featuredmedia":[{"embeddable":true,"href":"https:\/\/shop.rettum.ee\/en\/wp-json\/wp\/v2\/media\/124217"}],"wp:attachment":[{"href":"https:\/\/shop.rettum.ee\/en\/wp-json\/wp\/v2\/media?parent=120993"}],"wp:term":[{"taxonomy":"product_brand","embeddable":true,"href":"https:\/\/shop.rettum.ee\/en\/wp-json\/wp\/v2\/product_brand?post=120993"},{"taxonomy":"product_cat","embeddable":true,"href":"https:\/\/shop.rettum.ee\/en\/wp-json\/wp\/v2\/product_cat?post=120993"},{"taxonomy":"product_tag","embeddable":true,"href":"https:\/\/shop.rettum.ee\/en\/wp-json\/wp\/v2\/product_tag?post=120993"},{"taxonomy":"pa_brand_name","embeddable":true,"href":"https:\/\/shop.rettum.ee\/en\/wp-json\/wp\/v2\/pa_brand_name?post=120993"}],"curies":[{"name":"wp","href":"https:\/\/api.w.org\/{rel}","templated":true}]}}