{"id":120995,"date":"2025-03-31T03:08:54","date_gmt":"2025-03-31T00:08:54","guid":{"rendered":"https:\/\/shop.rettum.ee\/toode\/255-40r20-continental-sportcontact-5-101y-xl-n0-fr-cab73\/"},"modified":"2026-03-22T03:06:55","modified_gmt":"2026-03-22T01:06:55","slug":"255-40r20-continental-sportcontact-5-101y-xl-n0-fr-cab73","status":"publish","type":"product","link":"https:\/\/shop.rettum.ee\/en\/product\/255-40r20-continental-sportcontact-5-101y-xl-n0-fr-cab73\/","title":{"rendered":"255\/40R20 CONTINENTAL SPORTCONTACT 5 101Y XL N0 FR CAB73"},"content":{"rendered":"<p>Continental SportContact 5 255\/40R20 on erakordselt k\u00f5rgetasemeline suverehv, mis pakub sportlikes tingimustes tipptasemel s\u00f5idukogemust. Selle innovaatiline kummisegu ja optimeeritud mustri disain tagavad erakordse pidamise nii kuival kui ka m\u00e4rjal teel, pakkudes kiiret reageerimist ja kindlat kurvides s\u00f5idu stabiilsust. Rehvi XL-indeks ja 101Y koormusindeks tagavad lisavastupidavuse ning v\u00f5imaldavad s\u00f5idukil kanda suuremaid koormusi kiirete s\u00f5idutingimuste korral, s\u00e4ilitades samas k\u00f5rge soorituse. <\/p>\n<p>SportContact 5 tehnoloogia keskendub madala veespea moodustamisele ja efektiivsele veoj\u00f5u tagamisele, mis on eriti oluline kiire s\u00f5idu ajal ja ootamatutes oludes. Rehvi kerge konstrueerimine ja optimeeritud mustrid annavad sportautojuhtidele kindlustunde ning t\u00e4pse juhtitavuse igas s\u00f5idutingimuses. Vajaliku m\u00e4rgistusega N0 FR ja CAB73 tagavad kvaliteedi ning j\u00e4rjepideva tootmise standardid, mis moodustavad koost\u00f6\u00f6s Continental&#8217;i tuntud uuendusliku tehnoloogiaga t\u00e4iusliku lahenduse kausatundliku ja nautlevale s\u00f5idukogemusele.<\/p>","protected":false},"excerpt":{"rendered":"<p>Continental SportContact 5 255\/40R20 on erakordselt k\u00f5rgetasemeline suverehv, mis pakub sportlikes tingimustes tipptasemel s\u00f5idukogemust. Selle innovaatiline kummisegu ja optimeeritud mustri disain tagavad erakordse pidamise nii kuival kui ka m\u00e4rjal teel, pakkudes kiiret reageerimist ja kindlat kurvides s\u00f5idu stabiilsust. Rehvi XL-indeks ja 101Y koormusindeks tagavad lisavastupidavuse ning v\u00f5imaldavad s\u00f5idukil kanda suuremaid koormusi kiirete s\u00f5idutingimuste korral, s\u00e4ilitades [&hellip;]<\/p>\n","protected":false},"featured_media":122715,"template":"","meta":{"site-sidebar-layout":"default","site-content-layout":"","ast-site-content-layout":"","site-content-style":"default","site-sidebar-style":"default","ast-global-header-display":"","ast-banner-title-visibility":"","ast-main-header-display":"","ast-hfb-above-header-display":"","ast-hfb-below-header-display":"","ast-hfb-mobile-header-display":"","site-post-title":"","ast-breadcrumbs-content":"","ast-featured-img":"","footer-sml-layout":"","theme-transparent-header-meta":"","adv-header-id-meta":"","stick-header-meta":"","header-above-stick-meta":"","header-main-stick-meta":"","header-below-stick-meta":"","astra-migrate-meta-layouts":"default","ast-page-background-enabled":"default","ast-page-background-meta":{"desktop":{"background-color":"","background-image":"","background-repeat":"repeat","background-position":"center center","background-size":"auto","background-attachment":"scroll","background-type":"","background-media":"","overlay-type":"","overlay-color":"","overlay-opacity":"","overlay-gradient":""},"tablet":{"background-color":"","background-image":"","background-repeat":"repeat","background-position":"center center","background-size":"auto","background-attachment":"scroll","background-type":"","background-media":"","overlay-type":"","overlay-color":"","overlay-opacity":"","overlay-gradient":""},"mobile":{"background-color":"","background-image":"","background-repeat":"repeat","background-position":"center center","background-size":"auto","background-attachment":"scroll","background-type":"","background-media":"","overlay-type":"","overlay-color":"","overlay-opacity":"","overlay-gradient":""}},"ast-content-background-meta":{"desktop":{"background-color":"var(--ast-global-color-5)","background-image":"","background-repeat":"repeat","background-position":"center center","background-size":"auto","background-attachment":"scroll","background-type":"","background-media":"","overlay-type":"","overlay-color":"","overlay-opacity":"","overlay-gradient":""},"tablet":{"background-color":"var(--ast-global-color-5)","background-image":"","background-repeat":"repeat","background-position":"center center","background-size":"auto","background-attachment":"scroll","background-type":"","background-media":"","overlay-type":"","overlay-color":"","overlay-opacity":"","overlay-gradient":""},"mobile":{"background-color":"var(--ast-global-color-5)","background-image":"","background-repeat":"repeat","background-position":"center center","background-size":"auto","background-attachment":"scroll","background-type":"","background-media":"","overlay-type":"","overlay-color":"","overlay-opacity":"","overlay-gradient":""}}},"product_brand":[],"product_cat":[34225],"product_tag":[],"pa_brand_name":[25035],"class_list":{"0":"post-120995","1":"product","2":"type-product","3":"status-publish","4":"has-post-thumbnail","6":"product_cat-summer-tires-pv","7":"pa_brand_name-continental","8":"desktop-align-left","9":"tablet-align-left","10":"mobile-align-left","12":"first","13":"outofstock","14":"taxable","15":"shipping-taxable","16":"purchasable","17":"product-type-simple"},"_links":{"self":[{"href":"https:\/\/shop.rettum.ee\/en\/wp-json\/wp\/v2\/product\/120995","targetHints":{"allow":["GET"]}}],"collection":[{"href":"https:\/\/shop.rettum.ee\/en\/wp-json\/wp\/v2\/product"}],"about":[{"href":"https:\/\/shop.rettum.ee\/en\/wp-json\/wp\/v2\/types\/product"}],"version-history":[{"count":1,"href":"https:\/\/shop.rettum.ee\/en\/wp-json\/wp\/v2\/product\/120995\/revisions"}],"predecessor-version":[{"id":125599,"href":"https:\/\/shop.rettum.ee\/en\/wp-json\/wp\/v2\/product\/120995\/revisions\/125599"}],"wp:featuredmedia":[{"embeddable":true,"href":"https:\/\/shop.rettum.ee\/en\/wp-json\/wp\/v2\/media\/122715"}],"wp:attachment":[{"href":"https:\/\/shop.rettum.ee\/en\/wp-json\/wp\/v2\/media?parent=120995"}],"wp:term":[{"taxonomy":"product_brand","embeddable":true,"href":"https:\/\/shop.rettum.ee\/en\/wp-json\/wp\/v2\/product_brand?post=120995"},{"taxonomy":"product_cat","embeddable":true,"href":"https:\/\/shop.rettum.ee\/en\/wp-json\/wp\/v2\/product_cat?post=120995"},{"taxonomy":"product_tag","embeddable":true,"href":"https:\/\/shop.rettum.ee\/en\/wp-json\/wp\/v2\/product_tag?post=120995"},{"taxonomy":"pa_brand_name","embeddable":true,"href":"https:\/\/shop.rettum.ee\/en\/wp-json\/wp\/v2\/pa_brand_name?post=120995"}],"curies":[{"name":"wp","href":"https:\/\/api.w.org\/{rel}","templated":true}]}}