{"id":120996,"date":"2025-03-31T03:08:55","date_gmt":"2025-03-31T00:08:55","guid":{"rendered":"https:\/\/shop.rettum.ee\/toode\/275-30r20-continental-sportcontact-6-97y-xl-ao-ncs-fr-cab73\/"},"modified":"2026-03-22T03:06:55","modified_gmt":"2026-03-22T01:06:55","slug":"275-30r20-continental-sportcontact-6-97y-xl-ao-ncs-fr-cab73","status":"publish","type":"product","link":"https:\/\/shop.rettum.ee\/en\/product\/275-30r20-continental-sportcontact-6-97y-xl-ao-ncs-fr-cab73\/","title":{"rendered":"275\/30R20 CONTINENTAL SPORTCONTACT 6 97Y XL AO NCS FR CAB73"},"content":{"rendered":"<p>275\/30R20 Continental Sportcontact 6 on tippkvaliteediga suvetekk, mis on loodud pakkuma maksimaalset haarduvust ja tipptasemel jumaldust nii kuival kui ka m\u00e4rjal teel. Selle innovatiivne mustrimuster ja tipptasemel tehnoloogia tagavad kindla kontakti tee ja rehvi vahel, v\u00f5imaldades kiiret reageerimist ja t\u00e4pseid man\u00f6\u00f6vreid ka n\u00f5udlikes s\u00f5idutingimustes. XL klassi rehvin\u00e4idud tagavad suurema koormuskindluse, samal ajal kui 97Y koormus- ja kiirusindeks kinnitavad selle vastupidavust ja j\u00f5udlust isegi k\u00f5rgetel kiirustel.<\/p>\n<p>Continental Sportcontact 6 on loodud k\u00f5rgj\u00f5udlusega s\u00f5idukitele, pakkudes sportliku juhitavuse ja optimaalse turvalisuse kombinatsiooni. Rehvi uuenduslik disain mitte ainult ei paranda s\u00f5idumugavust, vaid aitab ka kaasa k\u00fctuses\u00e4\u00e4stule ja pikemas elueas. Ideaalne valik neile, kes hindavad ohutust, stabiilsust ja sportlikku ilmet igas s\u00f5idus.<\/p>","protected":false},"excerpt":{"rendered":"<p>275\/30R20 Continental Sportcontact 6 on tippkvaliteediga suvetekk, mis on loodud pakkuma maksimaalset haarduvust ja tipptasemel jumaldust nii kuival kui ka m\u00e4rjal teel. Selle innovatiivne mustrimuster ja tipptasemel tehnoloogia tagavad kindla kontakti tee ja rehvi vahel, v\u00f5imaldades kiiret reageerimist ja t\u00e4pseid man\u00f6\u00f6vreid ka n\u00f5udlikes s\u00f5idutingimustes. XL klassi rehvin\u00e4idud tagavad suurema koormuskindluse, samal ajal kui 97Y koormus- [&hellip;]<\/p>\n","protected":false},"featured_media":124866,"template":"","meta":{"site-sidebar-layout":"default","site-content-layout":"","ast-site-content-layout":"","site-content-style":"default","site-sidebar-style":"default","ast-global-header-display":"","ast-banner-title-visibility":"","ast-main-header-display":"","ast-hfb-above-header-display":"","ast-hfb-below-header-display":"","ast-hfb-mobile-header-display":"","site-post-title":"","ast-breadcrumbs-content":"","ast-featured-img":"","footer-sml-layout":"","theme-transparent-header-meta":"","adv-header-id-meta":"","stick-header-meta":"","header-above-stick-meta":"","header-main-stick-meta":"","header-below-stick-meta":"","astra-migrate-meta-layouts":"default","ast-page-background-enabled":"default","ast-page-background-meta":{"desktop":{"background-color":"","background-image":"","background-repeat":"repeat","background-position":"center center","background-size":"auto","background-attachment":"scroll","background-type":"","background-media":"","overlay-type":"","overlay-color":"","overlay-opacity":"","overlay-gradient":""},"tablet":{"background-color":"","background-image":"","background-repeat":"repeat","background-position":"center center","background-size":"auto","background-attachment":"scroll","background-type":"","background-media":"","overlay-type":"","overlay-color":"","overlay-opacity":"","overlay-gradient":""},"mobile":{"background-color":"","background-image":"","background-repeat":"repeat","background-position":"center center","background-size":"auto","background-attachment":"scroll","background-type":"","background-media":"","overlay-type":"","overlay-color":"","overlay-opacity":"","overlay-gradient":""}},"ast-content-background-meta":{"desktop":{"background-color":"var(--ast-global-color-5)","background-image":"","background-repeat":"repeat","background-position":"center center","background-size":"auto","background-attachment":"scroll","background-type":"","background-media":"","overlay-type":"","overlay-color":"","overlay-opacity":"","overlay-gradient":""},"tablet":{"background-color":"var(--ast-global-color-5)","background-image":"","background-repeat":"repeat","background-position":"center center","background-size":"auto","background-attachment":"scroll","background-type":"","background-media":"","overlay-type":"","overlay-color":"","overlay-opacity":"","overlay-gradient":""},"mobile":{"background-color":"var(--ast-global-color-5)","background-image":"","background-repeat":"repeat","background-position":"center center","background-size":"auto","background-attachment":"scroll","background-type":"","background-media":"","overlay-type":"","overlay-color":"","overlay-opacity":"","overlay-gradient":""}}},"product_brand":[],"product_cat":[34225],"product_tag":[],"pa_brand_name":[25035],"class_list":{"0":"post-120996","1":"product","2":"type-product","3":"status-publish","4":"has-post-thumbnail","6":"product_cat-summer-tires-pv","7":"pa_brand_name-continental","8":"desktop-align-left","9":"tablet-align-left","10":"mobile-align-left","12":"first","13":"outofstock","14":"taxable","15":"shipping-taxable","16":"purchasable","17":"product-type-simple"},"_links":{"self":[{"href":"https:\/\/shop.rettum.ee\/en\/wp-json\/wp\/v2\/product\/120996","targetHints":{"allow":["GET"]}}],"collection":[{"href":"https:\/\/shop.rettum.ee\/en\/wp-json\/wp\/v2\/product"}],"about":[{"href":"https:\/\/shop.rettum.ee\/en\/wp-json\/wp\/v2\/types\/product"}],"version-history":[{"count":1,"href":"https:\/\/shop.rettum.ee\/en\/wp-json\/wp\/v2\/product\/120996\/revisions"}],"predecessor-version":[{"id":125598,"href":"https:\/\/shop.rettum.ee\/en\/wp-json\/wp\/v2\/product\/120996\/revisions\/125598"}],"wp:featuredmedia":[{"embeddable":true,"href":"https:\/\/shop.rettum.ee\/en\/wp-json\/wp\/v2\/media\/124866"}],"wp:attachment":[{"href":"https:\/\/shop.rettum.ee\/en\/wp-json\/wp\/v2\/media?parent=120996"}],"wp:term":[{"taxonomy":"product_brand","embeddable":true,"href":"https:\/\/shop.rettum.ee\/en\/wp-json\/wp\/v2\/product_brand?post=120996"},{"taxonomy":"product_cat","embeddable":true,"href":"https:\/\/shop.rettum.ee\/en\/wp-json\/wp\/v2\/product_cat?post=120996"},{"taxonomy":"product_tag","embeddable":true,"href":"https:\/\/shop.rettum.ee\/en\/wp-json\/wp\/v2\/product_tag?post=120996"},{"taxonomy":"pa_brand_name","embeddable":true,"href":"https:\/\/shop.rettum.ee\/en\/wp-json\/wp\/v2\/pa_brand_name?post=120996"}],"curies":[{"name":"wp","href":"https:\/\/api.w.org\/{rel}","templated":true}]}}