{"id":120997,"date":"2025-03-31T03:08:56","date_gmt":"2025-03-31T00:08:56","guid":{"rendered":"https:\/\/shop.rettum.ee\/toode\/295-35r20-continental-sportcontact-5-105y-xl-n0-fr-cab75\/"},"modified":"2026-03-22T03:06:55","modified_gmt":"2026-03-22T01:06:55","slug":"295-35r20-continental-sportcontact-5-105y-xl-n0-fr-cab75","status":"publish","type":"product","link":"https:\/\/shop.rettum.ee\/en\/product\/295-35r20-continental-sportcontact-5-105y-xl-n0-fr-cab75\/","title":{"rendered":"295\/35R20 CONTINENTAL SPORTCONTACT 5 105Y XL N0 FR CAB75"},"content":{"rendered":"<p>295\/35R20 Continental SportContact 5 105Y XL N0 FR CAB75 on tipptasemel suvised rehv, mis loodi n\u00f5udlikele autojuhtidele ja sportauto omanikutele. See mudel \u00fchendab innovatiivse tehnoloogia ja renoveeritud disaini, tagades erakordse haarduvuse nii kuivadel kui m\u00e4rgadel teedel. <\/p>\n<p>Rehvi m\u00f5\u00f5tmed ja 105Y klaasindeks kindlustavad, et s\u00f5idurada ja stabiilsus ei j\u00e4\u00e4 kunagi k\u00f5rvale, v\u00f5imaldades s\u00e4ilitada maksimaalse soorituse ka \u00e4\u00e4rmuslikes oludes. XL-t\u00fc\u00fcp lisab rehvile t\u00e4iendava koormustaluvuse, muutes selle ideaalseks nii sportautodele kui ka suurematele s\u00f5idukitele. <\/p>\n<p>Continental SportContact 5 pakub kiiret ja t\u00e4pset reageerimisv\u00f5imet, mis annab juhile t\u00e4iendava kindluse ka k\u00f5rgtasemel s\u00f5iduoludes. T\u00e4iuslik kombinatsioon ohutust, sooritusv\u00f5imest ja innovatsioonist tagab, et iga s\u00f5it on nauditav ja enesekindel. Valides selle rehvi, usaldad endale tipptasemel kvaliteedi ja kaasaegse disaini, mis on loodud pakkuma parimat s\u00f5idukogemust.<\/p>","protected":false},"excerpt":{"rendered":"<p>295\/35R20 Continental SportContact 5 105Y XL N0 FR CAB75 on tipptasemel suvised rehv, mis loodi n\u00f5udlikele autojuhtidele ja sportauto omanikutele. See mudel \u00fchendab innovatiivse tehnoloogia ja renoveeritud disaini, tagades erakordse haarduvuse nii kuivadel kui m\u00e4rgadel teedel. Rehvi m\u00f5\u00f5tmed ja 105Y klaasindeks kindlustavad, et s\u00f5idurada ja stabiilsus ei j\u00e4\u00e4 kunagi k\u00f5rvale, v\u00f5imaldades s\u00e4ilitada maksimaalse soorituse ka [&hellip;]<\/p>\n","protected":false},"featured_media":122715,"template":"","meta":{"site-sidebar-layout":"default","site-content-layout":"","ast-site-content-layout":"","site-content-style":"default","site-sidebar-style":"default","ast-global-header-display":"","ast-banner-title-visibility":"","ast-main-header-display":"","ast-hfb-above-header-display":"","ast-hfb-below-header-display":"","ast-hfb-mobile-header-display":"","site-post-title":"","ast-breadcrumbs-content":"","ast-featured-img":"","footer-sml-layout":"","theme-transparent-header-meta":"","adv-header-id-meta":"","stick-header-meta":"","header-above-stick-meta":"","header-main-stick-meta":"","header-below-stick-meta":"","astra-migrate-meta-layouts":"default","ast-page-background-enabled":"default","ast-page-background-meta":{"desktop":{"background-color":"","background-image":"","background-repeat":"repeat","background-position":"center center","background-size":"auto","background-attachment":"scroll","background-type":"","background-media":"","overlay-type":"","overlay-color":"","overlay-opacity":"","overlay-gradient":""},"tablet":{"background-color":"","background-image":"","background-repeat":"repeat","background-position":"center center","background-size":"auto","background-attachment":"scroll","background-type":"","background-media":"","overlay-type":"","overlay-color":"","overlay-opacity":"","overlay-gradient":""},"mobile":{"background-color":"","background-image":"","background-repeat":"repeat","background-position":"center center","background-size":"auto","background-attachment":"scroll","background-type":"","background-media":"","overlay-type":"","overlay-color":"","overlay-opacity":"","overlay-gradient":""}},"ast-content-background-meta":{"desktop":{"background-color":"var(--ast-global-color-5)","background-image":"","background-repeat":"repeat","background-position":"center center","background-size":"auto","background-attachment":"scroll","background-type":"","background-media":"","overlay-type":"","overlay-color":"","overlay-opacity":"","overlay-gradient":""},"tablet":{"background-color":"var(--ast-global-color-5)","background-image":"","background-repeat":"repeat","background-position":"center center","background-size":"auto","background-attachment":"scroll","background-type":"","background-media":"","overlay-type":"","overlay-color":"","overlay-opacity":"","overlay-gradient":""},"mobile":{"background-color":"var(--ast-global-color-5)","background-image":"","background-repeat":"repeat","background-position":"center center","background-size":"auto","background-attachment":"scroll","background-type":"","background-media":"","overlay-type":"","overlay-color":"","overlay-opacity":"","overlay-gradient":""}}},"product_brand":[],"product_cat":[34225],"product_tag":[],"pa_brand_name":[25035],"class_list":{"0":"post-120997","1":"product","2":"type-product","3":"status-publish","4":"has-post-thumbnail","6":"product_cat-summer-tires-pv","7":"pa_brand_name-continental","8":"desktop-align-left","9":"tablet-align-left","10":"mobile-align-left","12":"first","13":"outofstock","14":"taxable","15":"shipping-taxable","16":"purchasable","17":"product-type-simple"},"_links":{"self":[{"href":"https:\/\/shop.rettum.ee\/en\/wp-json\/wp\/v2\/product\/120997","targetHints":{"allow":["GET"]}}],"collection":[{"href":"https:\/\/shop.rettum.ee\/en\/wp-json\/wp\/v2\/product"}],"about":[{"href":"https:\/\/shop.rettum.ee\/en\/wp-json\/wp\/v2\/types\/product"}],"version-history":[{"count":1,"href":"https:\/\/shop.rettum.ee\/en\/wp-json\/wp\/v2\/product\/120997\/revisions"}],"predecessor-version":[{"id":125596,"href":"https:\/\/shop.rettum.ee\/en\/wp-json\/wp\/v2\/product\/120997\/revisions\/125596"}],"wp:featuredmedia":[{"embeddable":true,"href":"https:\/\/shop.rettum.ee\/en\/wp-json\/wp\/v2\/media\/122715"}],"wp:attachment":[{"href":"https:\/\/shop.rettum.ee\/en\/wp-json\/wp\/v2\/media?parent=120997"}],"wp:term":[{"taxonomy":"product_brand","embeddable":true,"href":"https:\/\/shop.rettum.ee\/en\/wp-json\/wp\/v2\/product_brand?post=120997"},{"taxonomy":"product_cat","embeddable":true,"href":"https:\/\/shop.rettum.ee\/en\/wp-json\/wp\/v2\/product_cat?post=120997"},{"taxonomy":"product_tag","embeddable":true,"href":"https:\/\/shop.rettum.ee\/en\/wp-json\/wp\/v2\/product_tag?post=120997"},{"taxonomy":"pa_brand_name","embeddable":true,"href":"https:\/\/shop.rettum.ee\/en\/wp-json\/wp\/v2\/pa_brand_name?post=120997"}],"curies":[{"name":"wp","href":"https:\/\/api.w.org\/{rel}","templated":true}]}}