{"id":120998,"date":"2025-03-31T03:08:56","date_gmt":"2025-03-31T00:08:56","guid":{"rendered":"https:\/\/shop.rettum.ee\/toode\/295-35r20-continental-sportcontact-6-105y-xl-mo1b-fr-bab75\/"},"modified":"2026-03-25T02:49:48","modified_gmt":"2026-03-25T00:49:48","slug":"295-35r20-continental-sportcontact-6-105y-xl-mo1b-fr-bab75","status":"publish","type":"product","link":"https:\/\/shop.rettum.ee\/en\/product\/295-35r20-continental-sportcontact-6-105y-xl-mo1b-fr-bab75\/","title":{"rendered":"295\/35R20 CONTINENTAL SPORTCONTACT 6 105Y XL MO1B FR BAB75"},"content":{"rendered":"<p>Tutvustame Continental SportContact 6 suverehvi, mille m\u00f5\u00f5tmed 295\/35R20 annavad tipptasemel haarduvuse ja sportliku s\u00f5idukogemuse. See mudel on loodud pakkuma erakordset juhitavust ja stabiilsust ka k\u00f5rgetel kiirustel \u2013 105Y kiirusindeks tagab kindla soorituse ka n\u00f5udlikes tingimustes. XL-klass v\u00f5imaldab rehvil taluda suuremaid koormusi, muutes selle ideaalseks nii sportautodele kui ka veidi n\u00f5udlikumatele s\u00f5idutingimustele. <\/p>\n<p>Continental SportContact 6 on inseneritud pakkuma sujuvat ja t\u00e4pset reagimist, v\u00e4hendades veeretakistust ning parandades k\u00fctuses\u00e4\u00e4stlikkust. Mo1B ja FR m\u00e4rgised kinnitavad rehvi vastupidavust ning kohanemisv\u00f5imet erinevates s\u00f5idutingimustes. BAB75 lisab omap\u00e4rase disaini, mis mitte ainult ei r\u00f5hutaSportContact 6 sportlikku elegantsi, vaid ka tagab maksimaalse teekaalu ja turvalisuse.<\/p>\n<p>Kui otsid rehvivahetust, mis \u00fchendab tipptasemel tehnoloogia, julge disaini ja usaldusv\u00e4\u00e4rse j\u00f5udluse, on Continental SportContact 6 m\u00f5eldud just Sulle. Vali kvaliteet ja innovatsioon \u2013 vali Continental SportContact 6!<\/p>","protected":false},"excerpt":{"rendered":"<p>Tutvustame Continental SportContact 6 suverehvi, mille m\u00f5\u00f5tmed 295\/35R20 annavad tipptasemel haarduvuse ja sportliku s\u00f5idukogemuse. See mudel on loodud pakkuma erakordset juhitavust ja stabiilsust ka k\u00f5rgetel kiirustel \u2013 105Y kiirusindeks tagab kindla soorituse ka n\u00f5udlikes tingimustes. XL-klass v\u00f5imaldab rehvil taluda suuremaid koormusi, muutes selle ideaalseks nii sportautodele kui ka veidi n\u00f5udlikumatele s\u00f5idutingimustele. Continental SportContact 6 on [&hellip;]<\/p>\n","protected":false},"featured_media":124866,"template":"","meta":{"site-sidebar-layout":"default","site-content-layout":"","ast-site-content-layout":"","site-content-style":"default","site-sidebar-style":"default","ast-global-header-display":"","ast-banner-title-visibility":"","ast-main-header-display":"","ast-hfb-above-header-display":"","ast-hfb-below-header-display":"","ast-hfb-mobile-header-display":"","site-post-title":"","ast-breadcrumbs-content":"","ast-featured-img":"","footer-sml-layout":"","theme-transparent-header-meta":"","adv-header-id-meta":"","stick-header-meta":"","header-above-stick-meta":"","header-main-stick-meta":"","header-below-stick-meta":"","astra-migrate-meta-layouts":"default","ast-page-background-enabled":"default","ast-page-background-meta":{"desktop":{"background-color":"","background-image":"","background-repeat":"repeat","background-position":"center center","background-size":"auto","background-attachment":"scroll","background-type":"","background-media":"","overlay-type":"","overlay-color":"","overlay-opacity":"","overlay-gradient":""},"tablet":{"background-color":"","background-image":"","background-repeat":"repeat","background-position":"center center","background-size":"auto","background-attachment":"scroll","background-type":"","background-media":"","overlay-type":"","overlay-color":"","overlay-opacity":"","overlay-gradient":""},"mobile":{"background-color":"","background-image":"","background-repeat":"repeat","background-position":"center center","background-size":"auto","background-attachment":"scroll","background-type":"","background-media":"","overlay-type":"","overlay-color":"","overlay-opacity":"","overlay-gradient":""}},"ast-content-background-meta":{"desktop":{"background-color":"var(--ast-global-color-5)","background-image":"","background-repeat":"repeat","background-position":"center center","background-size":"auto","background-attachment":"scroll","background-type":"","background-media":"","overlay-type":"","overlay-color":"","overlay-opacity":"","overlay-gradient":""},"tablet":{"background-color":"var(--ast-global-color-5)","background-image":"","background-repeat":"repeat","background-position":"center center","background-size":"auto","background-attachment":"scroll","background-type":"","background-media":"","overlay-type":"","overlay-color":"","overlay-opacity":"","overlay-gradient":""},"mobile":{"background-color":"var(--ast-global-color-5)","background-image":"","background-repeat":"repeat","background-position":"center center","background-size":"auto","background-attachment":"scroll","background-type":"","background-media":"","overlay-type":"","overlay-color":"","overlay-opacity":"","overlay-gradient":""}}},"product_brand":[],"product_cat":[34225],"product_tag":[],"pa_brand_name":[25035],"class_list":{"0":"post-120998","1":"product","2":"type-product","3":"status-publish","4":"has-post-thumbnail","6":"product_cat-summer-tires-pv","7":"pa_brand_name-continental","8":"desktop-align-left","9":"tablet-align-left","10":"mobile-align-left","12":"first","13":"instock","14":"taxable","15":"shipping-taxable","16":"purchasable","17":"product-type-simple"},"_links":{"self":[{"href":"https:\/\/shop.rettum.ee\/en\/wp-json\/wp\/v2\/product\/120998","targetHints":{"allow":["GET"]}}],"collection":[{"href":"https:\/\/shop.rettum.ee\/en\/wp-json\/wp\/v2\/product"}],"about":[{"href":"https:\/\/shop.rettum.ee\/en\/wp-json\/wp\/v2\/types\/product"}],"version-history":[{"count":1,"href":"https:\/\/shop.rettum.ee\/en\/wp-json\/wp\/v2\/product\/120998\/revisions"}],"predecessor-version":[{"id":125597,"href":"https:\/\/shop.rettum.ee\/en\/wp-json\/wp\/v2\/product\/120998\/revisions\/125597"}],"wp:featuredmedia":[{"embeddable":true,"href":"https:\/\/shop.rettum.ee\/en\/wp-json\/wp\/v2\/media\/124866"}],"wp:attachment":[{"href":"https:\/\/shop.rettum.ee\/en\/wp-json\/wp\/v2\/media?parent=120998"}],"wp:term":[{"taxonomy":"product_brand","embeddable":true,"href":"https:\/\/shop.rettum.ee\/en\/wp-json\/wp\/v2\/product_brand?post=120998"},{"taxonomy":"product_cat","embeddable":true,"href":"https:\/\/shop.rettum.ee\/en\/wp-json\/wp\/v2\/product_cat?post=120998"},{"taxonomy":"product_tag","embeddable":true,"href":"https:\/\/shop.rettum.ee\/en\/wp-json\/wp\/v2\/product_tag?post=120998"},{"taxonomy":"pa_brand_name","embeddable":true,"href":"https:\/\/shop.rettum.ee\/en\/wp-json\/wp\/v2\/pa_brand_name?post=120998"}],"curies":[{"name":"wp","href":"https:\/\/api.w.org\/{rel}","templated":true}]}}