{"id":121000,"date":"2025-03-31T03:08:58","date_gmt":"2025-03-31T00:08:58","guid":{"rendered":"https:\/\/shop.rettum.ee\/toode\/245-40r21-continental-premiumcontact-6-100y-xl-fr-cab72\/"},"modified":"2026-03-22T03:06:56","modified_gmt":"2026-03-22T01:06:56","slug":"245-40r21-continental-premiumcontact-6-100y-xl-fr-cab72","status":"publish","type":"product","link":"https:\/\/shop.rettum.ee\/en\/product\/245-40r21-continental-premiumcontact-6-100y-xl-fr-cab72\/","title":{"rendered":"245\/40R21 CONTINENTAL PREMIUMCONTACT 6 100Y XL FR CAB72"},"content":{"rendered":"<p>Continental PremiumContact 6 rehv m\u00f5\u00f5tmetega 245\/40R21 \u00fchendab tipptasemel j\u00f5udluse ja ohutuse. XL klassi ja 100Y indeksiga pakkumine tagab suurep\u00e4rase kandev\u00f5ime ja stabiilsuse ka n\u00f5udlikes s\u00f5iduoludes, v\u00f5imaldades ohutut s\u00f5itu kuni k\u00f5rgemate kiirusteni.  <\/p>\n<p>Unikaalne mustridisain tagab maksimaalse kontaktpinna teega, mis parandab pidamist nii kuival kui m\u00e4rjal pinnal. FR tehnoloogia v\u00f5imaldab s\u00f5ita ka rehvi defekti korral, pakkudes t\u00e4iendavat turvalisust ja kindlustunnet etten\u00e4gematutes olukordades. <\/p>\n<p>PremiumContact 6 on konstrueeritud kaasaegsete insenertehnikate abil, et tagada madal veeretakistus ja optimeeritud k\u00fctuses\u00e4\u00e4st, muutes selle ideaalseks nii sportlikuks kui ka igap\u00e4evaseks kasutamiseks. Valides Continental PremiumContact 6, tagate endale innovatsiooni, usaldusv\u00e4\u00e4rsuse ja maksimaalse s\u00f5idumugavuse.<\/p>","protected":false},"excerpt":{"rendered":"<p>Continental PremiumContact 6 rehv m\u00f5\u00f5tmetega 245\/40R21 \u00fchendab tipptasemel j\u00f5udluse ja ohutuse. XL klassi ja 100Y indeksiga pakkumine tagab suurep\u00e4rase kandev\u00f5ime ja stabiilsuse ka n\u00f5udlikes s\u00f5iduoludes, v\u00f5imaldades ohutut s\u00f5itu kuni k\u00f5rgemate kiirusteni. Unikaalne mustridisain tagab maksimaalse kontaktpinna teega, mis parandab pidamist nii kuival kui m\u00e4rjal pinnal. FR tehnoloogia v\u00f5imaldab s\u00f5ita ka rehvi defekti korral, pakkudes t\u00e4iendavat [&hellip;]<\/p>\n","protected":false},"featured_media":124217,"template":"","meta":{"site-sidebar-layout":"default","site-content-layout":"","ast-site-content-layout":"","site-content-style":"default","site-sidebar-style":"default","ast-global-header-display":"","ast-banner-title-visibility":"","ast-main-header-display":"","ast-hfb-above-header-display":"","ast-hfb-below-header-display":"","ast-hfb-mobile-header-display":"","site-post-title":"","ast-breadcrumbs-content":"","ast-featured-img":"","footer-sml-layout":"","theme-transparent-header-meta":"","adv-header-id-meta":"","stick-header-meta":"","header-above-stick-meta":"","header-main-stick-meta":"","header-below-stick-meta":"","astra-migrate-meta-layouts":"default","ast-page-background-enabled":"default","ast-page-background-meta":{"desktop":{"background-color":"","background-image":"","background-repeat":"repeat","background-position":"center center","background-size":"auto","background-attachment":"scroll","background-type":"","background-media":"","overlay-type":"","overlay-color":"","overlay-opacity":"","overlay-gradient":""},"tablet":{"background-color":"","background-image":"","background-repeat":"repeat","background-position":"center center","background-size":"auto","background-attachment":"scroll","background-type":"","background-media":"","overlay-type":"","overlay-color":"","overlay-opacity":"","overlay-gradient":""},"mobile":{"background-color":"","background-image":"","background-repeat":"repeat","background-position":"center center","background-size":"auto","background-attachment":"scroll","background-type":"","background-media":"","overlay-type":"","overlay-color":"","overlay-opacity":"","overlay-gradient":""}},"ast-content-background-meta":{"desktop":{"background-color":"var(--ast-global-color-5)","background-image":"","background-repeat":"repeat","background-position":"center center","background-size":"auto","background-attachment":"scroll","background-type":"","background-media":"","overlay-type":"","overlay-color":"","overlay-opacity":"","overlay-gradient":""},"tablet":{"background-color":"var(--ast-global-color-5)","background-image":"","background-repeat":"repeat","background-position":"center center","background-size":"auto","background-attachment":"scroll","background-type":"","background-media":"","overlay-type":"","overlay-color":"","overlay-opacity":"","overlay-gradient":""},"mobile":{"background-color":"var(--ast-global-color-5)","background-image":"","background-repeat":"repeat","background-position":"center center","background-size":"auto","background-attachment":"scroll","background-type":"","background-media":"","overlay-type":"","overlay-color":"","overlay-opacity":"","overlay-gradient":""}}},"product_brand":[],"product_cat":[34225],"product_tag":[],"pa_brand_name":[25035],"class_list":{"0":"post-121000","1":"product","2":"type-product","3":"status-publish","4":"has-post-thumbnail","6":"product_cat-summer-tires-pv","7":"pa_brand_name-continental","8":"desktop-align-left","9":"tablet-align-left","10":"mobile-align-left","12":"first","13":"outofstock","14":"taxable","15":"shipping-taxable","16":"purchasable","17":"product-type-simple"},"_links":{"self":[{"href":"https:\/\/shop.rettum.ee\/en\/wp-json\/wp\/v2\/product\/121000","targetHints":{"allow":["GET"]}}],"collection":[{"href":"https:\/\/shop.rettum.ee\/en\/wp-json\/wp\/v2\/product"}],"about":[{"href":"https:\/\/shop.rettum.ee\/en\/wp-json\/wp\/v2\/types\/product"}],"version-history":[{"count":1,"href":"https:\/\/shop.rettum.ee\/en\/wp-json\/wp\/v2\/product\/121000\/revisions"}],"predecessor-version":[{"id":125594,"href":"https:\/\/shop.rettum.ee\/en\/wp-json\/wp\/v2\/product\/121000\/revisions\/125594"}],"wp:featuredmedia":[{"embeddable":true,"href":"https:\/\/shop.rettum.ee\/en\/wp-json\/wp\/v2\/media\/124217"}],"wp:attachment":[{"href":"https:\/\/shop.rettum.ee\/en\/wp-json\/wp\/v2\/media?parent=121000"}],"wp:term":[{"taxonomy":"product_brand","embeddable":true,"href":"https:\/\/shop.rettum.ee\/en\/wp-json\/wp\/v2\/product_brand?post=121000"},{"taxonomy":"product_cat","embeddable":true,"href":"https:\/\/shop.rettum.ee\/en\/wp-json\/wp\/v2\/product_cat?post=121000"},{"taxonomy":"product_tag","embeddable":true,"href":"https:\/\/shop.rettum.ee\/en\/wp-json\/wp\/v2\/product_tag?post=121000"},{"taxonomy":"pa_brand_name","embeddable":true,"href":"https:\/\/shop.rettum.ee\/en\/wp-json\/wp\/v2\/pa_brand_name?post=121000"}],"curies":[{"name":"wp","href":"https:\/\/api.w.org\/{rel}","templated":true}]}}