{"id":121002,"date":"2025-03-31T03:08:59","date_gmt":"2025-03-31T00:08:59","guid":{"rendered":"https:\/\/shop.rettum.ee\/toode\/265-40r21-continental-premiumcontact-6-105y-xl-fr-cab73\/"},"modified":"2026-03-22T03:06:56","modified_gmt":"2026-03-22T01:06:56","slug":"265-40r21-continental-premiumcontact-6-105y-xl-fr-cab73","status":"publish","type":"product","link":"https:\/\/shop.rettum.ee\/en\/product\/265-40r21-continental-premiumcontact-6-105y-xl-fr-cab73\/","title":{"rendered":"265\/40R21 CONTINENTAL PREMIUMCONTACT 6 105Y XL FR CAB73"},"content":{"rendered":"<p>Avasta tipptasemel s\u00f5idumugavus ja ohutus Continental PremiumContact 6 265\/40R21 rehviga. See tippkvaliteediga rehv on loodud sportlikule ja luksuslikule s\u00f5idus\u00f5idule, pakkudes erakordset haarduvust nii kuivatel kui m\u00e4rgadel teedel. Edumeelne mustrilahendus ja innovatiivsed tehnoloogiad tagavad kiire reageerimise ning stabiilse juhitavuse, toetades ohutut s\u00f5itu ka k\u00f5rgetel kiirustel ja keerulistes olukordades.<\/p>\n<p>Rehvi spetsifikatsioonid \u2013 265\/40R21, XL kandev\u00f5ime ja 105Y kiirusklassi \u2013 t\u00f5estavad selle vastupidavust ja j\u00f5udlust, pakkudes s\u00f5idukile t\u00e4iendavat tuge ja turvalisust. Continental PremiumContact 6 disain on loodud pakkuma optimaalseid s\u00f5idutingimusi igal teel, muutes selle ideaalseks valikuks neile, kes hindavad tipptasemel kvaliteeti ja s\u00f5iduomadusi.<\/p>\n<p>Investeeri oma s\u00f5idumugavusse ja ohutusse, valides Continental PremiumContact 6 265\/40R21 rehvi \u2013 \u00fchendus \u00fclemaailmse Continental kvaliteedi, j\u00f5udluse ja kaasaegse disaini vahel.<\/p>","protected":false},"excerpt":{"rendered":"<p>Avasta tipptasemel s\u00f5idumugavus ja ohutus Continental PremiumContact 6 265\/40R21 rehviga. See tippkvaliteediga rehv on loodud sportlikule ja luksuslikule s\u00f5idus\u00f5idule, pakkudes erakordset haarduvust nii kuivatel kui m\u00e4rgadel teedel. Edumeelne mustrilahendus ja innovatiivsed tehnoloogiad tagavad kiire reageerimise ning stabiilse juhitavuse, toetades ohutut s\u00f5itu ka k\u00f5rgetel kiirustel ja keerulistes olukordades. Rehvi spetsifikatsioonid \u2013 265\/40R21, XL kandev\u00f5ime ja 105Y [&hellip;]<\/p>\n","protected":false},"featured_media":124217,"template":"","meta":{"site-sidebar-layout":"default","site-content-layout":"","ast-site-content-layout":"","site-content-style":"default","site-sidebar-style":"default","ast-global-header-display":"","ast-banner-title-visibility":"","ast-main-header-display":"","ast-hfb-above-header-display":"","ast-hfb-below-header-display":"","ast-hfb-mobile-header-display":"","site-post-title":"","ast-breadcrumbs-content":"","ast-featured-img":"","footer-sml-layout":"","theme-transparent-header-meta":"","adv-header-id-meta":"","stick-header-meta":"","header-above-stick-meta":"","header-main-stick-meta":"","header-below-stick-meta":"","astra-migrate-meta-layouts":"default","ast-page-background-enabled":"default","ast-page-background-meta":{"desktop":{"background-color":"","background-image":"","background-repeat":"repeat","background-position":"center center","background-size":"auto","background-attachment":"scroll","background-type":"","background-media":"","overlay-type":"","overlay-color":"","overlay-opacity":"","overlay-gradient":""},"tablet":{"background-color":"","background-image":"","background-repeat":"repeat","background-position":"center center","background-size":"auto","background-attachment":"scroll","background-type":"","background-media":"","overlay-type":"","overlay-color":"","overlay-opacity":"","overlay-gradient":""},"mobile":{"background-color":"","background-image":"","background-repeat":"repeat","background-position":"center center","background-size":"auto","background-attachment":"scroll","background-type":"","background-media":"","overlay-type":"","overlay-color":"","overlay-opacity":"","overlay-gradient":""}},"ast-content-background-meta":{"desktop":{"background-color":"var(--ast-global-color-5)","background-image":"","background-repeat":"repeat","background-position":"center center","background-size":"auto","background-attachment":"scroll","background-type":"","background-media":"","overlay-type":"","overlay-color":"","overlay-opacity":"","overlay-gradient":""},"tablet":{"background-color":"var(--ast-global-color-5)","background-image":"","background-repeat":"repeat","background-position":"center center","background-size":"auto","background-attachment":"scroll","background-type":"","background-media":"","overlay-type":"","overlay-color":"","overlay-opacity":"","overlay-gradient":""},"mobile":{"background-color":"var(--ast-global-color-5)","background-image":"","background-repeat":"repeat","background-position":"center center","background-size":"auto","background-attachment":"scroll","background-type":"","background-media":"","overlay-type":"","overlay-color":"","overlay-opacity":"","overlay-gradient":""}}},"product_brand":[],"product_cat":[34225],"product_tag":[],"pa_brand_name":[25035],"class_list":{"0":"post-121002","1":"product","2":"type-product","3":"status-publish","4":"has-post-thumbnail","6":"product_cat-summer-tires-pv","7":"pa_brand_name-continental","8":"desktop-align-left","9":"tablet-align-left","10":"mobile-align-left","12":"first","13":"outofstock","14":"taxable","15":"shipping-taxable","16":"purchasable","17":"product-type-simple"},"_links":{"self":[{"href":"https:\/\/shop.rettum.ee\/en\/wp-json\/wp\/v2\/product\/121002","targetHints":{"allow":["GET"]}}],"collection":[{"href":"https:\/\/shop.rettum.ee\/en\/wp-json\/wp\/v2\/product"}],"about":[{"href":"https:\/\/shop.rettum.ee\/en\/wp-json\/wp\/v2\/types\/product"}],"version-history":[{"count":1,"href":"https:\/\/shop.rettum.ee\/en\/wp-json\/wp\/v2\/product\/121002\/revisions"}],"predecessor-version":[{"id":125593,"href":"https:\/\/shop.rettum.ee\/en\/wp-json\/wp\/v2\/product\/121002\/revisions\/125593"}],"wp:featuredmedia":[{"embeddable":true,"href":"https:\/\/shop.rettum.ee\/en\/wp-json\/wp\/v2\/media\/124217"}],"wp:attachment":[{"href":"https:\/\/shop.rettum.ee\/en\/wp-json\/wp\/v2\/media?parent=121002"}],"wp:term":[{"taxonomy":"product_brand","embeddable":true,"href":"https:\/\/shop.rettum.ee\/en\/wp-json\/wp\/v2\/product_brand?post=121002"},{"taxonomy":"product_cat","embeddable":true,"href":"https:\/\/shop.rettum.ee\/en\/wp-json\/wp\/v2\/product_cat?post=121002"},{"taxonomy":"product_tag","embeddable":true,"href":"https:\/\/shop.rettum.ee\/en\/wp-json\/wp\/v2\/product_tag?post=121002"},{"taxonomy":"pa_brand_name","embeddable":true,"href":"https:\/\/shop.rettum.ee\/en\/wp-json\/wp\/v2\/pa_brand_name?post=121002"}],"curies":[{"name":"wp","href":"https:\/\/api.w.org\/{rel}","templated":true}]}}