{"id":121003,"date":"2025-03-31T03:09:00","date_gmt":"2025-03-31T00:09:00","guid":{"rendered":"https:\/\/shop.rettum.ee\/toode\/265-40r21-continental-sportcontact-5-101y-n0-fr-cab72\/"},"modified":"2026-03-25T02:47:21","modified_gmt":"2026-03-25T00:47:21","slug":"265-40r21-continental-sportcontact-5-101y-n0-fr-cab72","status":"publish","type":"product","link":"https:\/\/shop.rettum.ee\/en\/product\/265-40r21-continental-sportcontact-5-101y-n0-fr-cab72\/","title":{"rendered":"265\/40R21 CONTINENTAL SPORTCONTACT 5 101Y N0 FR CAB72"},"content":{"rendered":"<p>265\/40R21 CONTINENTAL SPORTCONTACT 5 101Y N0 FR CAB72 on k\u00f5rgetasemeline suvine rehv, mis on loodud pakkuma maksimaalset haarduvust, stabiilsust ja ohutust nii kuivadel kui ka m\u00e4rgadel teedel. Rehvi m\u00f5\u00f5tmed ja disain tagavad optimaalse kontaktala, mis omakorda v\u00f5imaldab suurep\u00e4rast juhitavust ning t\u00e4pset reageerimist ka kiirete man\u00f6\u00f6vrite ajal.<\/p>\n<p>Selle rehvi tehnoloogiline uuendus, mis kajastub osas CAB72, \u00fchendab kaasaegse kummisegu ja mikrotehnoloogilised lahendused. 101Y m\u00e4rk n\u00e4itab rehvi k\u00f5rget koormusv\u00f5imet ja kiiruspiirangut, mis on ideaalne sportlikele ja tippklassi s\u00f5idukitele. CONTINENTAL SPORTCONTACT 5 on konstrueeritud nii, et see pakub erakordset pidamist ja v\u00e4hendab veeplaadi tekkimise ohtu, muutes s\u00f5idu sujuvaks ja turvaliseks ka ootamatutes ilmastikutingimustes.<\/p>\n<p>Valides selle rehvi, panustad Sa mitte ainult s\u00f5idumugavusse, vaid ka s\u00f5iduohutusse ja k\u00fctuseefektiivsusesse. Perfektne kombinatsioon innovatsioonist ja onelisest kvaliteedist teeb sellest mudelist usaldusv\u00e4\u00e4rse partneri igap\u00e4evases liikluses.<\/p>","protected":false},"excerpt":{"rendered":"<p>265\/40R21 CONTINENTAL SPORTCONTACT 5 101Y N0 FR CAB72 on k\u00f5rgetasemeline suvine rehv, mis on loodud pakkuma maksimaalset haarduvust, stabiilsust ja ohutust nii kuivadel kui ka m\u00e4rgadel teedel. Rehvi m\u00f5\u00f5tmed ja disain tagavad optimaalse kontaktala, mis omakorda v\u00f5imaldab suurep\u00e4rast juhitavust ning t\u00e4pset reageerimist ka kiirete man\u00f6\u00f6vrite ajal. Selle rehvi tehnoloogiline uuendus, mis kajastub osas CAB72, \u00fchendab [&hellip;]<\/p>\n","protected":false},"featured_media":122715,"template":"","meta":{"site-sidebar-layout":"default","site-content-layout":"","ast-site-content-layout":"","site-content-style":"default","site-sidebar-style":"default","ast-global-header-display":"","ast-banner-title-visibility":"","ast-main-header-display":"","ast-hfb-above-header-display":"","ast-hfb-below-header-display":"","ast-hfb-mobile-header-display":"","site-post-title":"","ast-breadcrumbs-content":"","ast-featured-img":"","footer-sml-layout":"","theme-transparent-header-meta":"","adv-header-id-meta":"","stick-header-meta":"","header-above-stick-meta":"","header-main-stick-meta":"","header-below-stick-meta":"","astra-migrate-meta-layouts":"default","ast-page-background-enabled":"default","ast-page-background-meta":{"desktop":{"background-color":"","background-image":"","background-repeat":"repeat","background-position":"center center","background-size":"auto","background-attachment":"scroll","background-type":"","background-media":"","overlay-type":"","overlay-color":"","overlay-opacity":"","overlay-gradient":""},"tablet":{"background-color":"","background-image":"","background-repeat":"repeat","background-position":"center center","background-size":"auto","background-attachment":"scroll","background-type":"","background-media":"","overlay-type":"","overlay-color":"","overlay-opacity":"","overlay-gradient":""},"mobile":{"background-color":"","background-image":"","background-repeat":"repeat","background-position":"center center","background-size":"auto","background-attachment":"scroll","background-type":"","background-media":"","overlay-type":"","overlay-color":"","overlay-opacity":"","overlay-gradient":""}},"ast-content-background-meta":{"desktop":{"background-color":"var(--ast-global-color-5)","background-image":"","background-repeat":"repeat","background-position":"center center","background-size":"auto","background-attachment":"scroll","background-type":"","background-media":"","overlay-type":"","overlay-color":"","overlay-opacity":"","overlay-gradient":""},"tablet":{"background-color":"var(--ast-global-color-5)","background-image":"","background-repeat":"repeat","background-position":"center center","background-size":"auto","background-attachment":"scroll","background-type":"","background-media":"","overlay-type":"","overlay-color":"","overlay-opacity":"","overlay-gradient":""},"mobile":{"background-color":"var(--ast-global-color-5)","background-image":"","background-repeat":"repeat","background-position":"center center","background-size":"auto","background-attachment":"scroll","background-type":"","background-media":"","overlay-type":"","overlay-color":"","overlay-opacity":"","overlay-gradient":""}}},"product_brand":[],"product_cat":[34225],"product_tag":[],"pa_brand_name":[25035],"class_list":{"0":"post-121003","1":"product","2":"type-product","3":"status-publish","4":"has-post-thumbnail","6":"product_cat-summer-tires-pv","7":"pa_brand_name-continental","8":"desktop-align-left","9":"tablet-align-left","10":"mobile-align-left","12":"first","13":"instock","14":"taxable","15":"shipping-taxable","16":"purchasable","17":"product-type-simple"},"_links":{"self":[{"href":"https:\/\/shop.rettum.ee\/en\/wp-json\/wp\/v2\/product\/121003","targetHints":{"allow":["GET"]}}],"collection":[{"href":"https:\/\/shop.rettum.ee\/en\/wp-json\/wp\/v2\/product"}],"about":[{"href":"https:\/\/shop.rettum.ee\/en\/wp-json\/wp\/v2\/types\/product"}],"version-history":[{"count":1,"href":"https:\/\/shop.rettum.ee\/en\/wp-json\/wp\/v2\/product\/121003\/revisions"}],"predecessor-version":[{"id":125591,"href":"https:\/\/shop.rettum.ee\/en\/wp-json\/wp\/v2\/product\/121003\/revisions\/125591"}],"wp:featuredmedia":[{"embeddable":true,"href":"https:\/\/shop.rettum.ee\/en\/wp-json\/wp\/v2\/media\/122715"}],"wp:attachment":[{"href":"https:\/\/shop.rettum.ee\/en\/wp-json\/wp\/v2\/media?parent=121003"}],"wp:term":[{"taxonomy":"product_brand","embeddable":true,"href":"https:\/\/shop.rettum.ee\/en\/wp-json\/wp\/v2\/product_brand?post=121003"},{"taxonomy":"product_cat","embeddable":true,"href":"https:\/\/shop.rettum.ee\/en\/wp-json\/wp\/v2\/product_cat?post=121003"},{"taxonomy":"product_tag","embeddable":true,"href":"https:\/\/shop.rettum.ee\/en\/wp-json\/wp\/v2\/product_tag?post=121003"},{"taxonomy":"pa_brand_name","embeddable":true,"href":"https:\/\/shop.rettum.ee\/en\/wp-json\/wp\/v2\/pa_brand_name?post=121003"}],"curies":[{"name":"wp","href":"https:\/\/api.w.org\/{rel}","templated":true}]}}