{"id":121004,"date":"2025-03-31T03:09:01","date_gmt":"2025-03-31T00:09:01","guid":{"rendered":"https:\/\/shop.rettum.ee\/toode\/275-35r21-continental-sportcontact-5-103y-xl-nd0-fr-cab73\/"},"modified":"2026-03-26T02:47:59","modified_gmt":"2026-03-26T00:47:59","slug":"275-35r21-continental-sportcontact-5-103y-xl-nd0-fr-cab73","status":"publish","type":"product","link":"https:\/\/shop.rettum.ee\/en\/product\/275-35r21-continental-sportcontact-5-103y-xl-nd0-fr-cab73\/","title":{"rendered":"275\/35R21 CONTINENTAL SPORTCONTACT 5 103Y XL ND0 FR CAB73"},"content":{"rendered":"<p>275\/35R21 Continental SportContact 5 on k\u00f5rge j\u00f5udlusega suver\u00f5u, mis on loodud pakkuma maksimaalset s\u00f5idumugavust ja ohutust sportautodele ning k\u00f5rgj\u00f5udlusega s\u00f5idukitele. Rehvi uuenduslik disain tagab tipptasemel pidurdusj\u00f5udluse nii kuival kui m\u00e4rjal teel, pakkudes kindlat haardumist isegi n\u00f5rkades tingimustes. Optimeeritud mustrikujundus v\u00e4hendab rollimiskindlust ja aitab hoida k\u00fctusekulu madalal, muutes s\u00f5idu sujuvaks ja \u00f6konoomseks.<\/p>\n<p>XL klassi ja 103Y m\u00e4rgiloend lisavad rehvile kindlustunnetatavat koormuskindlust ning tagavad ohutu s\u00f5idukiiruspiiri kasutamise. T\u00e4iendavad tehnilised parameetrid ND0, FR ja CAB73 kinnitavad tootmisstandardeid, mis tagavad rehvile \u00fclimuse ja pika eluea ka n\u00f5udlikes s\u00f5idutingimustes. <\/p>\n<p>Continental SportContact 5 on ideaalne valik neile, kes hindavad tipptasemel j\u00f5udlust ja ohutust, pakkudes usaldusv\u00e4\u00e4rset s\u00f5idukogemust igap\u00e4evaelus ning ka sportlikul rajal. Valides selle rehviga, investeerid oma s\u00f5iduki potentsiaali ning naudid stabiilset ja kindlat juhitavust igal teel.<\/p>","protected":false},"excerpt":{"rendered":"<p>275\/35R21 Continental SportContact 5 on k\u00f5rge j\u00f5udlusega suver\u00f5u, mis on loodud pakkuma maksimaalset s\u00f5idumugavust ja ohutust sportautodele ning k\u00f5rgj\u00f5udlusega s\u00f5idukitele. Rehvi uuenduslik disain tagab tipptasemel pidurdusj\u00f5udluse nii kuival kui m\u00e4rjal teel, pakkudes kindlat haardumist isegi n\u00f5rkades tingimustes. Optimeeritud mustrikujundus v\u00e4hendab rollimiskindlust ja aitab hoida k\u00fctusekulu madalal, muutes s\u00f5idu sujuvaks ja \u00f6konoomseks. XL klassi ja 103Y [&hellip;]<\/p>\n","protected":false},"featured_media":122715,"template":"","meta":{"site-sidebar-layout":"default","site-content-layout":"","ast-site-content-layout":"","site-content-style":"default","site-sidebar-style":"default","ast-global-header-display":"","ast-banner-title-visibility":"","ast-main-header-display":"","ast-hfb-above-header-display":"","ast-hfb-below-header-display":"","ast-hfb-mobile-header-display":"","site-post-title":"","ast-breadcrumbs-content":"","ast-featured-img":"","footer-sml-layout":"","theme-transparent-header-meta":"","adv-header-id-meta":"","stick-header-meta":"","header-above-stick-meta":"","header-main-stick-meta":"","header-below-stick-meta":"","astra-migrate-meta-layouts":"default","ast-page-background-enabled":"default","ast-page-background-meta":{"desktop":{"background-color":"","background-image":"","background-repeat":"repeat","background-position":"center center","background-size":"auto","background-attachment":"scroll","background-type":"","background-media":"","overlay-type":"","overlay-color":"","overlay-opacity":"","overlay-gradient":""},"tablet":{"background-color":"","background-image":"","background-repeat":"repeat","background-position":"center center","background-size":"auto","background-attachment":"scroll","background-type":"","background-media":"","overlay-type":"","overlay-color":"","overlay-opacity":"","overlay-gradient":""},"mobile":{"background-color":"","background-image":"","background-repeat":"repeat","background-position":"center center","background-size":"auto","background-attachment":"scroll","background-type":"","background-media":"","overlay-type":"","overlay-color":"","overlay-opacity":"","overlay-gradient":""}},"ast-content-background-meta":{"desktop":{"background-color":"var(--ast-global-color-5)","background-image":"","background-repeat":"repeat","background-position":"center center","background-size":"auto","background-attachment":"scroll","background-type":"","background-media":"","overlay-type":"","overlay-color":"","overlay-opacity":"","overlay-gradient":""},"tablet":{"background-color":"var(--ast-global-color-5)","background-image":"","background-repeat":"repeat","background-position":"center center","background-size":"auto","background-attachment":"scroll","background-type":"","background-media":"","overlay-type":"","overlay-color":"","overlay-opacity":"","overlay-gradient":""},"mobile":{"background-color":"var(--ast-global-color-5)","background-image":"","background-repeat":"repeat","background-position":"center center","background-size":"auto","background-attachment":"scroll","background-type":"","background-media":"","overlay-type":"","overlay-color":"","overlay-opacity":"","overlay-gradient":""}}},"product_brand":[],"product_cat":[34225],"product_tag":[],"pa_brand_name":[25035],"class_list":{"0":"post-121004","1":"product","2":"type-product","3":"status-publish","4":"has-post-thumbnail","6":"product_cat-summer-tires-pv","7":"pa_brand_name-continental","8":"desktop-align-left","9":"tablet-align-left","10":"mobile-align-left","12":"first","13":"instock","14":"taxable","15":"shipping-taxable","16":"purchasable","17":"product-type-simple"},"_links":{"self":[{"href":"https:\/\/shop.rettum.ee\/en\/wp-json\/wp\/v2\/product\/121004","targetHints":{"allow":["GET"]}}],"collection":[{"href":"https:\/\/shop.rettum.ee\/en\/wp-json\/wp\/v2\/product"}],"about":[{"href":"https:\/\/shop.rettum.ee\/en\/wp-json\/wp\/v2\/types\/product"}],"version-history":[{"count":1,"href":"https:\/\/shop.rettum.ee\/en\/wp-json\/wp\/v2\/product\/121004\/revisions"}],"predecessor-version":[{"id":125590,"href":"https:\/\/shop.rettum.ee\/en\/wp-json\/wp\/v2\/product\/121004\/revisions\/125590"}],"wp:featuredmedia":[{"embeddable":true,"href":"https:\/\/shop.rettum.ee\/en\/wp-json\/wp\/v2\/media\/122715"}],"wp:attachment":[{"href":"https:\/\/shop.rettum.ee\/en\/wp-json\/wp\/v2\/media?parent=121004"}],"wp:term":[{"taxonomy":"product_brand","embeddable":true,"href":"https:\/\/shop.rettum.ee\/en\/wp-json\/wp\/v2\/product_brand?post=121004"},{"taxonomy":"product_cat","embeddable":true,"href":"https:\/\/shop.rettum.ee\/en\/wp-json\/wp\/v2\/product_cat?post=121004"},{"taxonomy":"product_tag","embeddable":true,"href":"https:\/\/shop.rettum.ee\/en\/wp-json\/wp\/v2\/product_tag?post=121004"},{"taxonomy":"pa_brand_name","embeddable":true,"href":"https:\/\/shop.rettum.ee\/en\/wp-json\/wp\/v2\/pa_brand_name?post=121004"}],"curies":[{"name":"wp","href":"https:\/\/api.w.org\/{rel}","templated":true}]}}