{"id":121005,"date":"2025-03-31T03:09:02","date_gmt":"2025-03-31T00:09:02","guid":{"rendered":"https:\/\/shop.rettum.ee\/toode\/315-30r21-continental-sportcontact-5-105y-xl-nd0-fr-cab74\/"},"modified":"2026-03-26T02:48:00","modified_gmt":"2026-03-26T00:48:00","slug":"315-30r21-continental-sportcontact-5-105y-xl-nd0-fr-cab74","status":"publish","type":"product","link":"https:\/\/shop.rettum.ee\/en\/product\/315-30r21-continental-sportcontact-5-105y-xl-nd0-fr-cab74\/","title":{"rendered":"315\/30R21 CONTINENTAL SPORTCONTACT 5 105Y XL ND0 FR CAB74"},"content":{"rendered":"<p>Avasta uus j\u00f5ud ja stiil Continental SportContact 5 rehvi 315\/30R21 maailm \u2013 ideaalne valik sportlikule s\u00f5idukile. See tipptasemel rehv on loodud pakkuma erakordset haarduvust ja t\u00e4pset juhitavust nii kuivadel kui ka m\u00e4rgadel teedel, v\u00f5imaldades sul nautida kindlat ja enesekindlat s\u00f5idukogemust ka k\u00f5rgematel kiirustel.<\/p>\n<p>SportContact 5 disain ja kvaliteetsed materjalid tagavad suurep\u00e4rase kandev\u00f5ime, mida toetavad 105Y kiirusindeks ja XL klassis kasutatud tugevus. Rehvi efektiivne mustrite disain aitab optimeerida veejooksu omadusi ning parandab pidamist ja stabiilsust igas s\u00f5idusituatsioonis. Sobides ideaalselt 21-tollise velgiga, lisab see rehv sinu s\u00f5idukile ka sportliku ilme ja enesekindla iseloomu.<\/p>\n<p>Continental on tuntud oma innovaatiliste lahenduste poolest, mis tagavad maksimaalse ohutuse ja pikema eluea ka k\u00f5ige n\u00f5udlikumates s\u00f5idutingimustes. Valides Continental SportContact 5, investeerid sa kvaliteeti ja j\u00f5udlusesse, mis viivad sinu s\u00f5iduelamuse uuele tasemele.<\/p>","protected":false},"excerpt":{"rendered":"<p>Avasta uus j\u00f5ud ja stiil Continental SportContact 5 rehvi 315\/30R21 maailm \u2013 ideaalne valik sportlikule s\u00f5idukile. See tipptasemel rehv on loodud pakkuma erakordset haarduvust ja t\u00e4pset juhitavust nii kuivadel kui ka m\u00e4rgadel teedel, v\u00f5imaldades sul nautida kindlat ja enesekindlat s\u00f5idukogemust ka k\u00f5rgematel kiirustel. SportContact 5 disain ja kvaliteetsed materjalid tagavad suurep\u00e4rase kandev\u00f5ime, mida toetavad 105Y [&hellip;]<\/p>\n","protected":false},"featured_media":122715,"template":"","meta":{"site-sidebar-layout":"default","site-content-layout":"","ast-site-content-layout":"","site-content-style":"default","site-sidebar-style":"default","ast-global-header-display":"","ast-banner-title-visibility":"","ast-main-header-display":"","ast-hfb-above-header-display":"","ast-hfb-below-header-display":"","ast-hfb-mobile-header-display":"","site-post-title":"","ast-breadcrumbs-content":"","ast-featured-img":"","footer-sml-layout":"","theme-transparent-header-meta":"","adv-header-id-meta":"","stick-header-meta":"","header-above-stick-meta":"","header-main-stick-meta":"","header-below-stick-meta":"","astra-migrate-meta-layouts":"default","ast-page-background-enabled":"default","ast-page-background-meta":{"desktop":{"background-color":"","background-image":"","background-repeat":"repeat","background-position":"center center","background-size":"auto","background-attachment":"scroll","background-type":"","background-media":"","overlay-type":"","overlay-color":"","overlay-opacity":"","overlay-gradient":""},"tablet":{"background-color":"","background-image":"","background-repeat":"repeat","background-position":"center center","background-size":"auto","background-attachment":"scroll","background-type":"","background-media":"","overlay-type":"","overlay-color":"","overlay-opacity":"","overlay-gradient":""},"mobile":{"background-color":"","background-image":"","background-repeat":"repeat","background-position":"center center","background-size":"auto","background-attachment":"scroll","background-type":"","background-media":"","overlay-type":"","overlay-color":"","overlay-opacity":"","overlay-gradient":""}},"ast-content-background-meta":{"desktop":{"background-color":"var(--ast-global-color-5)","background-image":"","background-repeat":"repeat","background-position":"center center","background-size":"auto","background-attachment":"scroll","background-type":"","background-media":"","overlay-type":"","overlay-color":"","overlay-opacity":"","overlay-gradient":""},"tablet":{"background-color":"var(--ast-global-color-5)","background-image":"","background-repeat":"repeat","background-position":"center center","background-size":"auto","background-attachment":"scroll","background-type":"","background-media":"","overlay-type":"","overlay-color":"","overlay-opacity":"","overlay-gradient":""},"mobile":{"background-color":"var(--ast-global-color-5)","background-image":"","background-repeat":"repeat","background-position":"center center","background-size":"auto","background-attachment":"scroll","background-type":"","background-media":"","overlay-type":"","overlay-color":"","overlay-opacity":"","overlay-gradient":""}}},"product_brand":[],"product_cat":[34225],"product_tag":[],"pa_brand_name":[25035],"class_list":{"0":"post-121005","1":"product","2":"type-product","3":"status-publish","4":"has-post-thumbnail","6":"product_cat-summer-tires-pv","7":"pa_brand_name-continental","8":"desktop-align-left","9":"tablet-align-left","10":"mobile-align-left","12":"first","13":"instock","14":"taxable","15":"shipping-taxable","16":"purchasable","17":"product-type-simple"},"_links":{"self":[{"href":"https:\/\/shop.rettum.ee\/en\/wp-json\/wp\/v2\/product\/121005","targetHints":{"allow":["GET"]}}],"collection":[{"href":"https:\/\/shop.rettum.ee\/en\/wp-json\/wp\/v2\/product"}],"about":[{"href":"https:\/\/shop.rettum.ee\/en\/wp-json\/wp\/v2\/types\/product"}],"version-history":[{"count":1,"href":"https:\/\/shop.rettum.ee\/en\/wp-json\/wp\/v2\/product\/121005\/revisions"}],"predecessor-version":[{"id":125589,"href":"https:\/\/shop.rettum.ee\/en\/wp-json\/wp\/v2\/product\/121005\/revisions\/125589"}],"wp:featuredmedia":[{"embeddable":true,"href":"https:\/\/shop.rettum.ee\/en\/wp-json\/wp\/v2\/media\/122715"}],"wp:attachment":[{"href":"https:\/\/shop.rettum.ee\/en\/wp-json\/wp\/v2\/media?parent=121005"}],"wp:term":[{"taxonomy":"product_brand","embeddable":true,"href":"https:\/\/shop.rettum.ee\/en\/wp-json\/wp\/v2\/product_brand?post=121005"},{"taxonomy":"product_cat","embeddable":true,"href":"https:\/\/shop.rettum.ee\/en\/wp-json\/wp\/v2\/product_cat?post=121005"},{"taxonomy":"product_tag","embeddable":true,"href":"https:\/\/shop.rettum.ee\/en\/wp-json\/wp\/v2\/product_tag?post=121005"},{"taxonomy":"pa_brand_name","embeddable":true,"href":"https:\/\/shop.rettum.ee\/en\/wp-json\/wp\/v2\/pa_brand_name?post=121005"}],"curies":[{"name":"wp","href":"https:\/\/api.w.org\/{rel}","templated":true}]}}