{"id":121007,"date":"2025-03-31T03:09:03","date_gmt":"2025-03-31T00:09:03","guid":{"rendered":"https:\/\/shop.rettum.ee\/toode\/235-65r17-continental-premiumcontact-5-104v-cbb71\/"},"modified":"2026-03-22T03:06:57","modified_gmt":"2026-03-22T01:06:57","slug":"235-65r17-continental-premiumcontact-5-104v-cbb71","status":"publish","type":"product","link":"https:\/\/shop.rettum.ee\/en\/product\/235-65r17-continental-premiumcontact-5-104v-cbb71\/","title":{"rendered":"235\/65R17 CONTINENTAL PREMIUMCONTACT 5 104V CBB71"},"content":{"rendered":"<p>Avasta Continental PremiumContact 5 rehvil 235\/65R17 erakordne \u00fchendus ohutuse ja s\u00f5idumugavuse vahel. See tipptasemel rehvil on loodud pakkuma kindlat haarduvust nii kuivatel kui ka m\u00e4rgadel teedel, tagades l\u00fchema pidurdusteekonna ja t\u00e4pse man\u00f6\u00f6verdamise igas olukorras. Rehvil on muljetavaldav koormusn\u00e4itaja 104 ja kiirusindeks V, mis v\u00f5imaldab s\u00f5ita kuni 240 km\/h, s\u00e4ilitades samal ajal suurep\u00e4rase stabiilsuse ja vastupidavuse pikema s\u00f5idu jooksul.<\/p>\n<p>Continental PremiumContact 5 disain keskendub madalale veeretamisraskusele, mis aitab v\u00e4hendada k\u00fctusekulu ja s\u00fcsinikdioksiidi heitkoguseid. T\u00e4nu k\u00f5rgetele tehnoloogilistele standarditele ja tipptasemel materjalidele tagab see rehvil optimaalse soojusjuhtivuse ja vastupanu kulumisele ka n\u00f5udlikes tingimustes. Kood CBB71 kinnitab selle toote kvaliteeti ja Continental kiiret reageerimist turu muutuvatele n\u00f5udmistele.<\/p>\n<p>Vali Continental PremiumContact 5, et nautida turvalist ja majanduskas\u00f5bralikku s\u00f5idukogemust, kus iga detail on loodud sinu s\u00f5iduelu t\u00e4iustama.<\/p>","protected":false},"excerpt":{"rendered":"<p>Avasta Continental PremiumContact 5 rehvil 235\/65R17 erakordne \u00fchendus ohutuse ja s\u00f5idumugavuse vahel. See tipptasemel rehvil on loodud pakkuma kindlat haarduvust nii kuivatel kui ka m\u00e4rgadel teedel, tagades l\u00fchema pidurdusteekonna ja t\u00e4pse man\u00f6\u00f6verdamise igas olukorras. Rehvil on muljetavaldav koormusn\u00e4itaja 104 ja kiirusindeks V, mis v\u00f5imaldab s\u00f5ita kuni 240 km\/h, s\u00e4ilitades samal ajal suurep\u00e4rase stabiilsuse ja vastupidavuse [&hellip;]<\/p>\n","protected":false},"featured_media":124868,"template":"","meta":{"site-sidebar-layout":"default","site-content-layout":"","ast-site-content-layout":"","site-content-style":"default","site-sidebar-style":"default","ast-global-header-display":"","ast-banner-title-visibility":"","ast-main-header-display":"","ast-hfb-above-header-display":"","ast-hfb-below-header-display":"","ast-hfb-mobile-header-display":"","site-post-title":"","ast-breadcrumbs-content":"","ast-featured-img":"","footer-sml-layout":"","theme-transparent-header-meta":"","adv-header-id-meta":"","stick-header-meta":"","header-above-stick-meta":"","header-main-stick-meta":"","header-below-stick-meta":"","astra-migrate-meta-layouts":"default","ast-page-background-enabled":"default","ast-page-background-meta":{"desktop":{"background-color":"","background-image":"","background-repeat":"repeat","background-position":"center center","background-size":"auto","background-attachment":"scroll","background-type":"","background-media":"","overlay-type":"","overlay-color":"","overlay-opacity":"","overlay-gradient":""},"tablet":{"background-color":"","background-image":"","background-repeat":"repeat","background-position":"center center","background-size":"auto","background-attachment":"scroll","background-type":"","background-media":"","overlay-type":"","overlay-color":"","overlay-opacity":"","overlay-gradient":""},"mobile":{"background-color":"","background-image":"","background-repeat":"repeat","background-position":"center center","background-size":"auto","background-attachment":"scroll","background-type":"","background-media":"","overlay-type":"","overlay-color":"","overlay-opacity":"","overlay-gradient":""}},"ast-content-background-meta":{"desktop":{"background-color":"var(--ast-global-color-5)","background-image":"","background-repeat":"repeat","background-position":"center center","background-size":"auto","background-attachment":"scroll","background-type":"","background-media":"","overlay-type":"","overlay-color":"","overlay-opacity":"","overlay-gradient":""},"tablet":{"background-color":"var(--ast-global-color-5)","background-image":"","background-repeat":"repeat","background-position":"center center","background-size":"auto","background-attachment":"scroll","background-type":"","background-media":"","overlay-type":"","overlay-color":"","overlay-opacity":"","overlay-gradient":""},"mobile":{"background-color":"var(--ast-global-color-5)","background-image":"","background-repeat":"repeat","background-position":"center center","background-size":"auto","background-attachment":"scroll","background-type":"","background-media":"","overlay-type":"","overlay-color":"","overlay-opacity":"","overlay-gradient":""}}},"product_brand":[],"product_cat":[34225],"product_tag":[],"pa_brand_name":[25035],"class_list":{"0":"post-121007","1":"product","2":"type-product","3":"status-publish","4":"has-post-thumbnail","6":"product_cat-summer-tires-pv","7":"pa_brand_name-continental","8":"desktop-align-left","9":"tablet-align-left","10":"mobile-align-left","12":"first","13":"outofstock","14":"taxable","15":"shipping-taxable","16":"purchasable","17":"product-type-simple"},"_links":{"self":[{"href":"https:\/\/shop.rettum.ee\/en\/wp-json\/wp\/v2\/product\/121007","targetHints":{"allow":["GET"]}}],"collection":[{"href":"https:\/\/shop.rettum.ee\/en\/wp-json\/wp\/v2\/product"}],"about":[{"href":"https:\/\/shop.rettum.ee\/en\/wp-json\/wp\/v2\/types\/product"}],"version-history":[{"count":1,"href":"https:\/\/shop.rettum.ee\/en\/wp-json\/wp\/v2\/product\/121007\/revisions"}],"predecessor-version":[{"id":125588,"href":"https:\/\/shop.rettum.ee\/en\/wp-json\/wp\/v2\/product\/121007\/revisions\/125588"}],"wp:featuredmedia":[{"embeddable":true,"href":"https:\/\/shop.rettum.ee\/en\/wp-json\/wp\/v2\/media\/124868"}],"wp:attachment":[{"href":"https:\/\/shop.rettum.ee\/en\/wp-json\/wp\/v2\/media?parent=121007"}],"wp:term":[{"taxonomy":"product_brand","embeddable":true,"href":"https:\/\/shop.rettum.ee\/en\/wp-json\/wp\/v2\/product_brand?post=121007"},{"taxonomy":"product_cat","embeddable":true,"href":"https:\/\/shop.rettum.ee\/en\/wp-json\/wp\/v2\/product_cat?post=121007"},{"taxonomy":"product_tag","embeddable":true,"href":"https:\/\/shop.rettum.ee\/en\/wp-json\/wp\/v2\/product_tag?post=121007"},{"taxonomy":"pa_brand_name","embeddable":true,"href":"https:\/\/shop.rettum.ee\/en\/wp-json\/wp\/v2\/pa_brand_name?post=121007"}],"curies":[{"name":"wp","href":"https:\/\/api.w.org\/{rel}","templated":true}]}}