{"id":121009,"date":"2025-03-31T03:09:05","date_gmt":"2025-03-31T00:09:05","guid":{"rendered":"https:\/\/shop.rettum.ee\/toode\/235-60r18-continental-premiumcontact-6-103v-seal-inside-fr-cab71\/"},"modified":"2026-03-22T03:06:57","modified_gmt":"2026-03-22T01:06:57","slug":"235-60r18-continental-premiumcontact-6-103v-seal-inside-fr-cab71","status":"publish","type":"product","link":"https:\/\/shop.rettum.ee\/en\/product\/235-60r18-continental-premiumcontact-6-103v-seal-inside-fr-cab71\/","title":{"rendered":"235\/60R18 CONTINENTAL PREMIUMCONTACT 6 103V Seal Inside FR CAB71"},"content":{"rendered":"<p>Tutvu Continental PremiumContact 6 rehviv\u00f5\u00f5ruga m\u00f5\u00f5tmetega 235\/60R18 \u2013 disainitud pakkuma \u00fclimat turvalisust ja s\u00f5idumugavust. Selle tipptasemel rehvi k\u00f5rgus ja laius tagavad suurep\u00e4rase haardumise nii kuival kui ka m\u00e4rjal teel, mis v\u00f5imaldab sul nautida stabiilset ja kindlat s\u00f5idukogemust igas olukorras.<\/p>\n<p>Innovatiivne Seal Inside tehnoloogia aitab ennetada rehvile tekkivaid v\u00e4iksemaid kahjustusi ja lekkega seotud riske, s\u00e4ilitades rehvi suurep\u00e4rase seisukorra ka ootamatute olukordade korral. M\u00e4rgis &#8220;103V&#8221; n\u00e4itab rehvi k\u00f5rgeid j\u00f5udlusomadusi, mis sobivad ideaalselt nii igap\u00e4evas\u00f5iduks kui ka pikemateks teekondadeks.<\/p>\n<p>Kvaliteet ja ohutus on Continental PremiumContact 6 rehvide s\u00fcdamikeseks, pakkudes usaldusv\u00e4\u00e4rset ja mugavat s\u00f5idukogemust. Valides selle mudeli, valid tipptasemel tehnoloogia ja disaini, mis vastab t\u00e4nap\u00e4evaste autoentusiastide k\u00f5rgetele n\u00f5udmistele.<\/p>","protected":false},"excerpt":{"rendered":"<p>Tutvu Continental PremiumContact 6 rehviv\u00f5\u00f5ruga m\u00f5\u00f5tmetega 235\/60R18 \u2013 disainitud pakkuma \u00fclimat turvalisust ja s\u00f5idumugavust. Selle tipptasemel rehvi k\u00f5rgus ja laius tagavad suurep\u00e4rase haardumise nii kuival kui ka m\u00e4rjal teel, mis v\u00f5imaldab sul nautida stabiilset ja kindlat s\u00f5idukogemust igas olukorras. Innovatiivne Seal Inside tehnoloogia aitab ennetada rehvile tekkivaid v\u00e4iksemaid kahjustusi ja lekkega seotud riske, s\u00e4ilitades rehvi [&hellip;]<\/p>\n","protected":false},"featured_media":124217,"template":"","meta":{"site-sidebar-layout":"default","site-content-layout":"","ast-site-content-layout":"","site-content-style":"default","site-sidebar-style":"default","ast-global-header-display":"","ast-banner-title-visibility":"","ast-main-header-display":"","ast-hfb-above-header-display":"","ast-hfb-below-header-display":"","ast-hfb-mobile-header-display":"","site-post-title":"","ast-breadcrumbs-content":"","ast-featured-img":"","footer-sml-layout":"","theme-transparent-header-meta":"","adv-header-id-meta":"","stick-header-meta":"","header-above-stick-meta":"","header-main-stick-meta":"","header-below-stick-meta":"","astra-migrate-meta-layouts":"default","ast-page-background-enabled":"default","ast-page-background-meta":{"desktop":{"background-color":"","background-image":"","background-repeat":"repeat","background-position":"center center","background-size":"auto","background-attachment":"scroll","background-type":"","background-media":"","overlay-type":"","overlay-color":"","overlay-opacity":"","overlay-gradient":""},"tablet":{"background-color":"","background-image":"","background-repeat":"repeat","background-position":"center center","background-size":"auto","background-attachment":"scroll","background-type":"","background-media":"","overlay-type":"","overlay-color":"","overlay-opacity":"","overlay-gradient":""},"mobile":{"background-color":"","background-image":"","background-repeat":"repeat","background-position":"center center","background-size":"auto","background-attachment":"scroll","background-type":"","background-media":"","overlay-type":"","overlay-color":"","overlay-opacity":"","overlay-gradient":""}},"ast-content-background-meta":{"desktop":{"background-color":"var(--ast-global-color-5)","background-image":"","background-repeat":"repeat","background-position":"center center","background-size":"auto","background-attachment":"scroll","background-type":"","background-media":"","overlay-type":"","overlay-color":"","overlay-opacity":"","overlay-gradient":""},"tablet":{"background-color":"var(--ast-global-color-5)","background-image":"","background-repeat":"repeat","background-position":"center center","background-size":"auto","background-attachment":"scroll","background-type":"","background-media":"","overlay-type":"","overlay-color":"","overlay-opacity":"","overlay-gradient":""},"mobile":{"background-color":"var(--ast-global-color-5)","background-image":"","background-repeat":"repeat","background-position":"center center","background-size":"auto","background-attachment":"scroll","background-type":"","background-media":"","overlay-type":"","overlay-color":"","overlay-opacity":"","overlay-gradient":""}}},"product_brand":[],"product_cat":[34225],"product_tag":[],"pa_brand_name":[25035],"class_list":{"0":"post-121009","1":"product","2":"type-product","3":"status-publish","4":"has-post-thumbnail","6":"product_cat-summer-tires-pv","7":"pa_brand_name-continental","8":"desktop-align-left","9":"tablet-align-left","10":"mobile-align-left","12":"first","13":"outofstock","14":"taxable","15":"shipping-taxable","16":"purchasable","17":"product-type-simple"},"_links":{"self":[{"href":"https:\/\/shop.rettum.ee\/en\/wp-json\/wp\/v2\/product\/121009","targetHints":{"allow":["GET"]}}],"collection":[{"href":"https:\/\/shop.rettum.ee\/en\/wp-json\/wp\/v2\/product"}],"about":[{"href":"https:\/\/shop.rettum.ee\/en\/wp-json\/wp\/v2\/types\/product"}],"version-history":[{"count":1,"href":"https:\/\/shop.rettum.ee\/en\/wp-json\/wp\/v2\/product\/121009\/revisions"}],"predecessor-version":[{"id":125586,"href":"https:\/\/shop.rettum.ee\/en\/wp-json\/wp\/v2\/product\/121009\/revisions\/125586"}],"wp:featuredmedia":[{"embeddable":true,"href":"https:\/\/shop.rettum.ee\/en\/wp-json\/wp\/v2\/media\/124217"}],"wp:attachment":[{"href":"https:\/\/shop.rettum.ee\/en\/wp-json\/wp\/v2\/media?parent=121009"}],"wp:term":[{"taxonomy":"product_brand","embeddable":true,"href":"https:\/\/shop.rettum.ee\/en\/wp-json\/wp\/v2\/product_brand?post=121009"},{"taxonomy":"product_cat","embeddable":true,"href":"https:\/\/shop.rettum.ee\/en\/wp-json\/wp\/v2\/product_cat?post=121009"},{"taxonomy":"product_tag","embeddable":true,"href":"https:\/\/shop.rettum.ee\/en\/wp-json\/wp\/v2\/product_tag?post=121009"},{"taxonomy":"pa_brand_name","embeddable":true,"href":"https:\/\/shop.rettum.ee\/en\/wp-json\/wp\/v2\/pa_brand_name?post=121009"}],"curies":[{"name":"wp","href":"https:\/\/api.w.org\/{rel}","templated":true}]}}