{"id":121010,"date":"2025-03-31T03:09:06","date_gmt":"2025-03-31T00:09:06","guid":{"rendered":"https:\/\/shop.rettum.ee\/toode\/235-65r18-continental-premiumcontact-6-110h-xl-abb72\/"},"modified":"2026-03-22T03:06:58","modified_gmt":"2026-03-22T01:06:58","slug":"235-65r18-continental-premiumcontact-6-110h-xl-abb72","status":"publish","type":"product","link":"https:\/\/shop.rettum.ee\/en\/product\/235-65r18-continental-premiumcontact-6-110h-xl-abb72\/","title":{"rendered":"235\/65R18 CONTINENTAL PREMIUMCONTACT 6 110H XL ABB72"},"content":{"rendered":"<p>Continental PremiumContact 6 235\/65R18 on tippkvaliteediga rehvid, mis on loodud pakkuma maksimaalset turvalisust ja mugavust igas s\u00f5idutingimustes. Rehvi vastupidav disain tagab suurep\u00e4rase haarduvuse nii m\u00e4rgadel kui kuivadel teedel, v\u00e4hendades pidumisraadiust ja parandades s\u00f5idukontrolli. XL klassi rehvikonstruktsioon v\u00f5imaldab s\u00f5ita suurema kaaluga, pakkudes suuremat stabiilsust ka raskete koormate korral.<\/p>\n<p>Rehvi 110 koormusindeks ja H kiirusklass tagavad, et teie s\u00f5iduk j\u00f5uab kuni 210 km\/h, ilma et ohutus v\u00f5i j\u00f5udlus peaks ohvriks j\u00e4\u00e4ma. Continental PremiumContact 6 on ideaalne valik pikkaks s\u00f5iduks, pakkudes usaldusv\u00e4\u00e4rset s\u00f5idukogemust ja k\u00fctuses\u00e4\u00e4stlikkust t\u00e4nu optimeeritud rehvistruktuurile. See rehvitootis sobib suurep\u00e4raselt nii isiklikule auto- kui ka kergekaubikukasutusele, pakkudes parimat kombinatsiooni innovatsioonist, kvaliteedist ja ohutusest.<\/p>","protected":false},"excerpt":{"rendered":"<p>Continental PremiumContact 6 235\/65R18 on tippkvaliteediga rehvid, mis on loodud pakkuma maksimaalset turvalisust ja mugavust igas s\u00f5idutingimustes. Rehvi vastupidav disain tagab suurep\u00e4rase haarduvuse nii m\u00e4rgadel kui kuivadel teedel, v\u00e4hendades pidumisraadiust ja parandades s\u00f5idukontrolli. XL klassi rehvikonstruktsioon v\u00f5imaldab s\u00f5ita suurema kaaluga, pakkudes suuremat stabiilsust ka raskete koormate korral. Rehvi 110 koormusindeks ja H kiirusklass tagavad, et [&hellip;]<\/p>\n","protected":false},"featured_media":124217,"template":"","meta":{"site-sidebar-layout":"default","site-content-layout":"","ast-site-content-layout":"","site-content-style":"default","site-sidebar-style":"default","ast-global-header-display":"","ast-banner-title-visibility":"","ast-main-header-display":"","ast-hfb-above-header-display":"","ast-hfb-below-header-display":"","ast-hfb-mobile-header-display":"","site-post-title":"","ast-breadcrumbs-content":"","ast-featured-img":"","footer-sml-layout":"","theme-transparent-header-meta":"","adv-header-id-meta":"","stick-header-meta":"","header-above-stick-meta":"","header-main-stick-meta":"","header-below-stick-meta":"","astra-migrate-meta-layouts":"default","ast-page-background-enabled":"default","ast-page-background-meta":{"desktop":{"background-color":"","background-image":"","background-repeat":"repeat","background-position":"center center","background-size":"auto","background-attachment":"scroll","background-type":"","background-media":"","overlay-type":"","overlay-color":"","overlay-opacity":"","overlay-gradient":""},"tablet":{"background-color":"","background-image":"","background-repeat":"repeat","background-position":"center center","background-size":"auto","background-attachment":"scroll","background-type":"","background-media":"","overlay-type":"","overlay-color":"","overlay-opacity":"","overlay-gradient":""},"mobile":{"background-color":"","background-image":"","background-repeat":"repeat","background-position":"center center","background-size":"auto","background-attachment":"scroll","background-type":"","background-media":"","overlay-type":"","overlay-color":"","overlay-opacity":"","overlay-gradient":""}},"ast-content-background-meta":{"desktop":{"background-color":"var(--ast-global-color-5)","background-image":"","background-repeat":"repeat","background-position":"center center","background-size":"auto","background-attachment":"scroll","background-type":"","background-media":"","overlay-type":"","overlay-color":"","overlay-opacity":"","overlay-gradient":""},"tablet":{"background-color":"var(--ast-global-color-5)","background-image":"","background-repeat":"repeat","background-position":"center center","background-size":"auto","background-attachment":"scroll","background-type":"","background-media":"","overlay-type":"","overlay-color":"","overlay-opacity":"","overlay-gradient":""},"mobile":{"background-color":"var(--ast-global-color-5)","background-image":"","background-repeat":"repeat","background-position":"center center","background-size":"auto","background-attachment":"scroll","background-type":"","background-media":"","overlay-type":"","overlay-color":"","overlay-opacity":"","overlay-gradient":""}}},"product_brand":[],"product_cat":[34225],"product_tag":[],"pa_brand_name":[25035],"class_list":{"0":"post-121010","1":"product","2":"type-product","3":"status-publish","4":"has-post-thumbnail","6":"product_cat-summer-tires-pv","7":"pa_brand_name-continental","8":"desktop-align-left","9":"tablet-align-left","10":"mobile-align-left","12":"first","13":"outofstock","14":"taxable","15":"shipping-taxable","16":"purchasable","17":"product-type-simple"},"_links":{"self":[{"href":"https:\/\/shop.rettum.ee\/en\/wp-json\/wp\/v2\/product\/121010","targetHints":{"allow":["GET"]}}],"collection":[{"href":"https:\/\/shop.rettum.ee\/en\/wp-json\/wp\/v2\/product"}],"about":[{"href":"https:\/\/shop.rettum.ee\/en\/wp-json\/wp\/v2\/types\/product"}],"version-history":[{"count":1,"href":"https:\/\/shop.rettum.ee\/en\/wp-json\/wp\/v2\/product\/121010\/revisions"}],"predecessor-version":[{"id":125585,"href":"https:\/\/shop.rettum.ee\/en\/wp-json\/wp\/v2\/product\/121010\/revisions\/125585"}],"wp:featuredmedia":[{"embeddable":true,"href":"https:\/\/shop.rettum.ee\/en\/wp-json\/wp\/v2\/media\/124217"}],"wp:attachment":[{"href":"https:\/\/shop.rettum.ee\/en\/wp-json\/wp\/v2\/media?parent=121010"}],"wp:term":[{"taxonomy":"product_brand","embeddable":true,"href":"https:\/\/shop.rettum.ee\/en\/wp-json\/wp\/v2\/product_brand?post=121010"},{"taxonomy":"product_cat","embeddable":true,"href":"https:\/\/shop.rettum.ee\/en\/wp-json\/wp\/v2\/product_cat?post=121010"},{"taxonomy":"product_tag","embeddable":true,"href":"https:\/\/shop.rettum.ee\/en\/wp-json\/wp\/v2\/product_tag?post=121010"},{"taxonomy":"pa_brand_name","embeddable":true,"href":"https:\/\/shop.rettum.ee\/en\/wp-json\/wp\/v2\/pa_brand_name?post=121010"}],"curies":[{"name":"wp","href":"https:\/\/api.w.org\/{rel}","templated":true}]}}