{"id":121011,"date":"2025-03-31T03:09:07","date_gmt":"2025-03-31T00:09:07","guid":{"rendered":"https:\/\/shop.rettum.ee\/toode\/255-60r18-continental-premiumcontact-6-112h-xl-abb73\/"},"modified":"2026-03-22T03:06:58","modified_gmt":"2026-03-22T01:06:58","slug":"255-60r18-continental-premiumcontact-6-112h-xl-abb73","status":"publish","type":"product","link":"https:\/\/shop.rettum.ee\/en\/product\/255-60r18-continental-premiumcontact-6-112h-xl-abb73\/","title":{"rendered":"255\/60R18 CONTINENTAL PREMIUMCONTACT 6 112H XL ABB73"},"content":{"rendered":"<p>Continental PremiumContact 6 255\/60R18 rehv on ideaalne lahendus s\u00f5iduohutuse ja -mugavuse tagamiseks nii m\u00e4rgadel kui kuivadel teedel. T\u00e4nu uuenduslikule repideeringule ja materjalivalikule pakub see rehv suurep\u00e4rast pidurdust ning stabiilsust intensiivsetel kurvidel. 112H XL t\u00e4his garantii kohaselt tagab rehv t\u00e4iendava koormuskindluse, muutes selle sobivaks n\u00f5udlikumaks igap\u00e4evas\u00f5iduks ja pikemateks teereisideks.<\/p>\n<p>PremiumContact 6 disain on optimeeritud maksimaalse haarduvuse saavutamiseks, v\u00e4hendades veekihi tekkimist rehv ja teepinna vahel ning seel\u00e4bi parandades m\u00e4rgade pindade pidurdust ja juhitavust. Lisaks tagab hoolikalt t\u00f6\u00f6tatud repideering madala ruldebise ja suurep\u00e4rase k\u00fctuses\u00e4\u00e4stlikkuse, v\u00f5imaldades samas vaikset ja sujuvat s\u00f5itu.<\/p>\n<p>T\u00f6\u00f6stuse tipptehnoloogiad ja kvaliteetsete materjalide kasutamine annavad Continental PremiumContact 6 rehvile usaldusv\u00e4\u00e4rsuse, mis sobib nii maanteele kui linnat\u00e4navatele. Tootenumber ABB73 kinnitab selle rehvile kehtestatud rangeid kvaliteedistandardeid, pakkudes turvalist ja d\u00fcnaamilist s\u00f5iduelamust.<\/p>","protected":false},"excerpt":{"rendered":"<p>Continental PremiumContact 6 255\/60R18 rehv on ideaalne lahendus s\u00f5iduohutuse ja -mugavuse tagamiseks nii m\u00e4rgadel kui kuivadel teedel. T\u00e4nu uuenduslikule repideeringule ja materjalivalikule pakub see rehv suurep\u00e4rast pidurdust ning stabiilsust intensiivsetel kurvidel. 112H XL t\u00e4his garantii kohaselt tagab rehv t\u00e4iendava koormuskindluse, muutes selle sobivaks n\u00f5udlikumaks igap\u00e4evas\u00f5iduks ja pikemateks teereisideks. PremiumContact 6 disain on optimeeritud maksimaalse haarduvuse [&hellip;]<\/p>\n","protected":false},"featured_media":124217,"template":"","meta":{"site-sidebar-layout":"default","site-content-layout":"","ast-site-content-layout":"","site-content-style":"default","site-sidebar-style":"default","ast-global-header-display":"","ast-banner-title-visibility":"","ast-main-header-display":"","ast-hfb-above-header-display":"","ast-hfb-below-header-display":"","ast-hfb-mobile-header-display":"","site-post-title":"","ast-breadcrumbs-content":"","ast-featured-img":"","footer-sml-layout":"","theme-transparent-header-meta":"","adv-header-id-meta":"","stick-header-meta":"","header-above-stick-meta":"","header-main-stick-meta":"","header-below-stick-meta":"","astra-migrate-meta-layouts":"default","ast-page-background-enabled":"default","ast-page-background-meta":{"desktop":{"background-color":"","background-image":"","background-repeat":"repeat","background-position":"center center","background-size":"auto","background-attachment":"scroll","background-type":"","background-media":"","overlay-type":"","overlay-color":"","overlay-opacity":"","overlay-gradient":""},"tablet":{"background-color":"","background-image":"","background-repeat":"repeat","background-position":"center center","background-size":"auto","background-attachment":"scroll","background-type":"","background-media":"","overlay-type":"","overlay-color":"","overlay-opacity":"","overlay-gradient":""},"mobile":{"background-color":"","background-image":"","background-repeat":"repeat","background-position":"center center","background-size":"auto","background-attachment":"scroll","background-type":"","background-media":"","overlay-type":"","overlay-color":"","overlay-opacity":"","overlay-gradient":""}},"ast-content-background-meta":{"desktop":{"background-color":"var(--ast-global-color-5)","background-image":"","background-repeat":"repeat","background-position":"center center","background-size":"auto","background-attachment":"scroll","background-type":"","background-media":"","overlay-type":"","overlay-color":"","overlay-opacity":"","overlay-gradient":""},"tablet":{"background-color":"var(--ast-global-color-5)","background-image":"","background-repeat":"repeat","background-position":"center center","background-size":"auto","background-attachment":"scroll","background-type":"","background-media":"","overlay-type":"","overlay-color":"","overlay-opacity":"","overlay-gradient":""},"mobile":{"background-color":"var(--ast-global-color-5)","background-image":"","background-repeat":"repeat","background-position":"center center","background-size":"auto","background-attachment":"scroll","background-type":"","background-media":"","overlay-type":"","overlay-color":"","overlay-opacity":"","overlay-gradient":""}}},"product_brand":[],"product_cat":[34225],"product_tag":[],"pa_brand_name":[25035],"class_list":{"0":"post-121011","1":"product","2":"type-product","3":"status-publish","4":"has-post-thumbnail","6":"product_cat-summer-tires-pv","7":"pa_brand_name-continental","8":"desktop-align-left","9":"tablet-align-left","10":"mobile-align-left","12":"first","13":"outofstock","14":"taxable","15":"shipping-taxable","16":"purchasable","17":"product-type-simple"},"_links":{"self":[{"href":"https:\/\/shop.rettum.ee\/en\/wp-json\/wp\/v2\/product\/121011","targetHints":{"allow":["GET"]}}],"collection":[{"href":"https:\/\/shop.rettum.ee\/en\/wp-json\/wp\/v2\/product"}],"about":[{"href":"https:\/\/shop.rettum.ee\/en\/wp-json\/wp\/v2\/types\/product"}],"version-history":[{"count":1,"href":"https:\/\/shop.rettum.ee\/en\/wp-json\/wp\/v2\/product\/121011\/revisions"}],"predecessor-version":[{"id":125583,"href":"https:\/\/shop.rettum.ee\/en\/wp-json\/wp\/v2\/product\/121011\/revisions\/125583"}],"wp:featuredmedia":[{"embeddable":true,"href":"https:\/\/shop.rettum.ee\/en\/wp-json\/wp\/v2\/media\/124217"}],"wp:attachment":[{"href":"https:\/\/shop.rettum.ee\/en\/wp-json\/wp\/v2\/media?parent=121011"}],"wp:term":[{"taxonomy":"product_brand","embeddable":true,"href":"https:\/\/shop.rettum.ee\/en\/wp-json\/wp\/v2\/product_brand?post=121011"},{"taxonomy":"product_cat","embeddable":true,"href":"https:\/\/shop.rettum.ee\/en\/wp-json\/wp\/v2\/product_cat?post=121011"},{"taxonomy":"product_tag","embeddable":true,"href":"https:\/\/shop.rettum.ee\/en\/wp-json\/wp\/v2\/product_tag?post=121011"},{"taxonomy":"pa_brand_name","embeddable":true,"href":"https:\/\/shop.rettum.ee\/en\/wp-json\/wp\/v2\/pa_brand_name?post=121011"}],"curies":[{"name":"wp","href":"https:\/\/api.w.org\/{rel}","templated":true}]}}