{"id":121012,"date":"2025-03-31T03:09:07","date_gmt":"2025-03-31T00:09:07","guid":{"rendered":"https:\/\/shop.rettum.ee\/toode\/235-50r19-continental-ecocontact-6-103v-xl-vol-abb72\/"},"modified":"2026-03-22T03:06:58","modified_gmt":"2026-03-22T01:06:58","slug":"235-50r19-continental-ecocontact-6-103v-xl-vol-abb72","status":"publish","type":"product","link":"https:\/\/shop.rettum.ee\/en\/product\/235-50r19-continental-ecocontact-6-103v-xl-vol-abb72\/","title":{"rendered":"235\/50R19 CONTINENTAL ECOCONTACT 6 103V XL VOL ABB72"},"content":{"rendered":"<p>Continental ECOCONTACT 6 235\/50R19 on k\u00f5rgtehnoloogia rehvid, mis \u00fchendavad tipptasemel s\u00f5idumugavuse ja suurep\u00e4rase k\u00fctuses\u00e4\u00e4stlikkuse. Rehvi disain vastab k\u00f5rgeimatele ohutus- ja j\u00f5udlusn\u00f5uetele, pakkudes paremat veeretakistust ning v\u00e4hendades k\u00fctusekulu igap\u00e4evases s\u00f5iduolukorras.  <\/p>\n<p>Selle mudeli load-indeks 103V tagab kindla vastupidavuse ja optimaalse tempotoetuseni kuni 240 km\/h, samal ajal kui XL-variant v\u00f5imaldab suuremat koormust ja pikendab rehvide t\u00f6\u00f6iga. Eraldi v\u00e4ljat\u00f6\u00f6tatud mustriga pintslus maksimeerib veoharu efektiivsust m\u00e4rgal teedel, kindlustades stabiilse pidurdust\u00f6\u00f6 ja t\u00e4pse juhitavuse erinevates ilmastikutingimustes.  <\/p>\n<p>ECOCONTACT 6 on loodud kaasaegse inseneri t\u00f6\u00f6 tulemuseks, pidades silmas nii keskkonnas\u00f5bralikkust kui ka s\u00f5iduohutust. Tootenumber ABB72 kinnitab rehvide k\u00f5rge kvaliteedi ja usaldusv\u00e4\u00e4rsuse, mida n\u00f5uavad ka k\u00f5ige n\u00f5udlikumad s\u00f5idutingimused. Valides Continental ECOCONTACT 6, tagad endale efektiivse ja turvalise s\u00f5idu igal teekonnal.<\/p>","protected":false},"excerpt":{"rendered":"<p>Continental ECOCONTACT 6 235\/50R19 on k\u00f5rgtehnoloogia rehvid, mis \u00fchendavad tipptasemel s\u00f5idumugavuse ja suurep\u00e4rase k\u00fctuses\u00e4\u00e4stlikkuse. Rehvi disain vastab k\u00f5rgeimatele ohutus- ja j\u00f5udlusn\u00f5uetele, pakkudes paremat veeretakistust ning v\u00e4hendades k\u00fctusekulu igap\u00e4evases s\u00f5iduolukorras. Selle mudeli load-indeks 103V tagab kindla vastupidavuse ja optimaalse tempotoetuseni kuni 240 km\/h, samal ajal kui XL-variant v\u00f5imaldab suuremat koormust ja pikendab rehvide t\u00f6\u00f6iga. Eraldi v\u00e4ljat\u00f6\u00f6tatud [&hellip;]<\/p>\n","protected":false},"featured_media":124867,"template":"","meta":{"site-sidebar-layout":"default","site-content-layout":"","ast-site-content-layout":"","site-content-style":"default","site-sidebar-style":"default","ast-global-header-display":"","ast-banner-title-visibility":"","ast-main-header-display":"","ast-hfb-above-header-display":"","ast-hfb-below-header-display":"","ast-hfb-mobile-header-display":"","site-post-title":"","ast-breadcrumbs-content":"","ast-featured-img":"","footer-sml-layout":"","theme-transparent-header-meta":"","adv-header-id-meta":"","stick-header-meta":"","header-above-stick-meta":"","header-main-stick-meta":"","header-below-stick-meta":"","astra-migrate-meta-layouts":"default","ast-page-background-enabled":"default","ast-page-background-meta":{"desktop":{"background-color":"","background-image":"","background-repeat":"repeat","background-position":"center center","background-size":"auto","background-attachment":"scroll","background-type":"","background-media":"","overlay-type":"","overlay-color":"","overlay-opacity":"","overlay-gradient":""},"tablet":{"background-color":"","background-image":"","background-repeat":"repeat","background-position":"center center","background-size":"auto","background-attachment":"scroll","background-type":"","background-media":"","overlay-type":"","overlay-color":"","overlay-opacity":"","overlay-gradient":""},"mobile":{"background-color":"","background-image":"","background-repeat":"repeat","background-position":"center center","background-size":"auto","background-attachment":"scroll","background-type":"","background-media":"","overlay-type":"","overlay-color":"","overlay-opacity":"","overlay-gradient":""}},"ast-content-background-meta":{"desktop":{"background-color":"var(--ast-global-color-5)","background-image":"","background-repeat":"repeat","background-position":"center center","background-size":"auto","background-attachment":"scroll","background-type":"","background-media":"","overlay-type":"","overlay-color":"","overlay-opacity":"","overlay-gradient":""},"tablet":{"background-color":"var(--ast-global-color-5)","background-image":"","background-repeat":"repeat","background-position":"center center","background-size":"auto","background-attachment":"scroll","background-type":"","background-media":"","overlay-type":"","overlay-color":"","overlay-opacity":"","overlay-gradient":""},"mobile":{"background-color":"var(--ast-global-color-5)","background-image":"","background-repeat":"repeat","background-position":"center center","background-size":"auto","background-attachment":"scroll","background-type":"","background-media":"","overlay-type":"","overlay-color":"","overlay-opacity":"","overlay-gradient":""}}},"product_brand":[],"product_cat":[34225],"product_tag":[],"pa_brand_name":[25035],"class_list":{"0":"post-121012","1":"product","2":"type-product","3":"status-publish","4":"has-post-thumbnail","6":"product_cat-summer-tires-pv","7":"pa_brand_name-continental","8":"desktop-align-left","9":"tablet-align-left","10":"mobile-align-left","12":"first","13":"outofstock","14":"taxable","15":"shipping-taxable","16":"purchasable","17":"product-type-simple"},"_links":{"self":[{"href":"https:\/\/shop.rettum.ee\/en\/wp-json\/wp\/v2\/product\/121012","targetHints":{"allow":["GET"]}}],"collection":[{"href":"https:\/\/shop.rettum.ee\/en\/wp-json\/wp\/v2\/product"}],"about":[{"href":"https:\/\/shop.rettum.ee\/en\/wp-json\/wp\/v2\/types\/product"}],"version-history":[{"count":1,"href":"https:\/\/shop.rettum.ee\/en\/wp-json\/wp\/v2\/product\/121012\/revisions"}],"predecessor-version":[{"id":125584,"href":"https:\/\/shop.rettum.ee\/en\/wp-json\/wp\/v2\/product\/121012\/revisions\/125584"}],"wp:featuredmedia":[{"embeddable":true,"href":"https:\/\/shop.rettum.ee\/en\/wp-json\/wp\/v2\/media\/124867"}],"wp:attachment":[{"href":"https:\/\/shop.rettum.ee\/en\/wp-json\/wp\/v2\/media?parent=121012"}],"wp:term":[{"taxonomy":"product_brand","embeddable":true,"href":"https:\/\/shop.rettum.ee\/en\/wp-json\/wp\/v2\/product_brand?post=121012"},{"taxonomy":"product_cat","embeddable":true,"href":"https:\/\/shop.rettum.ee\/en\/wp-json\/wp\/v2\/product_cat?post=121012"},{"taxonomy":"product_tag","embeddable":true,"href":"https:\/\/shop.rettum.ee\/en\/wp-json\/wp\/v2\/product_tag?post=121012"},{"taxonomy":"pa_brand_name","embeddable":true,"href":"https:\/\/shop.rettum.ee\/en\/wp-json\/wp\/v2\/pa_brand_name?post=121012"}],"curies":[{"name":"wp","href":"https:\/\/api.w.org\/{rel}","templated":true}]}}