{"id":121013,"date":"2025-03-31T03:09:08","date_gmt":"2025-03-31T00:09:08","guid":{"rendered":"https:\/\/shop.rettum.ee\/toode\/235-50r19-continental-ecocontact-6-99v-aab71\/"},"modified":"2026-01-17T02:46:17","modified_gmt":"2026-01-17T00:46:17","slug":"235-50r19-continental-ecocontact-6-99v-aab71","status":"publish","type":"product","link":"https:\/\/shop.rettum.ee\/en\/product\/235-50r19-continental-ecocontact-6-99v-aab71\/","title":{"rendered":"235\/50R19 CONTINENTAL ECOCONTACT 6 99V AAB71"},"content":{"rendered":"<p>235\/50R19 Continental ECOCONTACT 6 on tipptasemel rehv, mis \u00fchendab kaasaegse innovatsiooni, ohutuse ja keskkonnas\u00f5bralikkuse. Sellel rehvil on optimeeritud mustrilahendus, mis tagab suurep\u00e4rase haarduvuse nii kuivadel kui m\u00e4rgadel teedel ning tagab kindla s\u00f5iduk\u00e4itumise ka n\u00f5udlikes oludes. Suurus 235\/50R19 sobib kaasaegsetele s\u00f5iduautodele, pakkudes suurep\u00e4rast stabiilsust ja keerdumismaneuvre. <\/p>\n<p>Rehvi 99V m\u00e4rge kinnitab k\u00f5rge koormusindeksi ja kiirusv\u00f5imekuse, v\u00f5imaldades ohutut s\u00f5itu kuni 240 km\/h. Spetsiaalselt arendatud disain aitab v\u00e4hendada veoj\u00f5u kadu, mis soodustab madalamat k\u00fctusekulu ja v\u00e4hendab keskkonnajalaj\u00e4lge. Lisaks on AAB71 koodile omane t\u00e4pselt teostatud tehnilised lahendused, mis tagavad reduseeritud m\u00fcrataseme ja suurema s\u00f5idumugavuse.<\/p>\n<p>Continental ECOCONTACT 6 on ideaalne valik n\u00f5udlikele autojuhtidele, kes hindavad ohutut ja energias\u00e4\u00e4stlikku s\u00f5itu. Investeeri usaldusv\u00e4\u00e4rsesse ja innovatiivses tehnoloogiasse ning naudi kvaliteeti igas s\u00f5idusammu.<\/p>","protected":false},"excerpt":{"rendered":"<p>235\/50R19 Continental ECOCONTACT 6 on tipptasemel rehv, mis \u00fchendab kaasaegse innovatsiooni, ohutuse ja keskkonnas\u00f5bralikkuse. Sellel rehvil on optimeeritud mustrilahendus, mis tagab suurep\u00e4rase haarduvuse nii kuivadel kui m\u00e4rgadel teedel ning tagab kindla s\u00f5iduk\u00e4itumise ka n\u00f5udlikes oludes. Suurus 235\/50R19 sobib kaasaegsetele s\u00f5iduautodele, pakkudes suurep\u00e4rast stabiilsust ja keerdumismaneuvre. Rehvi 99V m\u00e4rge kinnitab k\u00f5rge koormusindeksi ja kiirusv\u00f5imekuse, v\u00f5imaldades ohutut [&hellip;]<\/p>\n","protected":false},"featured_media":124867,"template":"","meta":{"site-sidebar-layout":"default","site-content-layout":"","ast-site-content-layout":"","site-content-style":"default","site-sidebar-style":"default","ast-global-header-display":"","ast-banner-title-visibility":"","ast-main-header-display":"","ast-hfb-above-header-display":"","ast-hfb-below-header-display":"","ast-hfb-mobile-header-display":"","site-post-title":"","ast-breadcrumbs-content":"","ast-featured-img":"","footer-sml-layout":"","theme-transparent-header-meta":"","adv-header-id-meta":"","stick-header-meta":"","header-above-stick-meta":"","header-main-stick-meta":"","header-below-stick-meta":"","astra-migrate-meta-layouts":"default","ast-page-background-enabled":"default","ast-page-background-meta":{"desktop":{"background-color":"","background-image":"","background-repeat":"repeat","background-position":"center center","background-size":"auto","background-attachment":"scroll","background-type":"","background-media":"","overlay-type":"","overlay-color":"","overlay-opacity":"","overlay-gradient":""},"tablet":{"background-color":"","background-image":"","background-repeat":"repeat","background-position":"center center","background-size":"auto","background-attachment":"scroll","background-type":"","background-media":"","overlay-type":"","overlay-color":"","overlay-opacity":"","overlay-gradient":""},"mobile":{"background-color":"","background-image":"","background-repeat":"repeat","background-position":"center center","background-size":"auto","background-attachment":"scroll","background-type":"","background-media":"","overlay-type":"","overlay-color":"","overlay-opacity":"","overlay-gradient":""}},"ast-content-background-meta":{"desktop":{"background-color":"var(--ast-global-color-5)","background-image":"","background-repeat":"repeat","background-position":"center center","background-size":"auto","background-attachment":"scroll","background-type":"","background-media":"","overlay-type":"","overlay-color":"","overlay-opacity":"","overlay-gradient":""},"tablet":{"background-color":"var(--ast-global-color-5)","background-image":"","background-repeat":"repeat","background-position":"center center","background-size":"auto","background-attachment":"scroll","background-type":"","background-media":"","overlay-type":"","overlay-color":"","overlay-opacity":"","overlay-gradient":""},"mobile":{"background-color":"var(--ast-global-color-5)","background-image":"","background-repeat":"repeat","background-position":"center center","background-size":"auto","background-attachment":"scroll","background-type":"","background-media":"","overlay-type":"","overlay-color":"","overlay-opacity":"","overlay-gradient":""}}},"product_brand":[],"product_cat":[34225],"product_tag":[],"pa_brand_name":[25035],"class_list":{"0":"post-121013","1":"product","2":"type-product","3":"status-publish","4":"has-post-thumbnail","6":"product_cat-summer-tires-pv","7":"pa_brand_name-continental","8":"desktop-align-left","9":"tablet-align-left","10":"mobile-align-left","12":"first","13":"outofstock","14":"taxable","15":"shipping-taxable","16":"purchasable","17":"product-type-simple"},"_links":{"self":[{"href":"https:\/\/shop.rettum.ee\/en\/wp-json\/wp\/v2\/product\/121013","targetHints":{"allow":["GET"]}}],"collection":[{"href":"https:\/\/shop.rettum.ee\/en\/wp-json\/wp\/v2\/product"}],"about":[{"href":"https:\/\/shop.rettum.ee\/en\/wp-json\/wp\/v2\/types\/product"}],"version-history":[{"count":1,"href":"https:\/\/shop.rettum.ee\/en\/wp-json\/wp\/v2\/product\/121013\/revisions"}],"predecessor-version":[{"id":125582,"href":"https:\/\/shop.rettum.ee\/en\/wp-json\/wp\/v2\/product\/121013\/revisions\/125582"}],"wp:featuredmedia":[{"embeddable":true,"href":"https:\/\/shop.rettum.ee\/en\/wp-json\/wp\/v2\/media\/124867"}],"wp:attachment":[{"href":"https:\/\/shop.rettum.ee\/en\/wp-json\/wp\/v2\/media?parent=121013"}],"wp:term":[{"taxonomy":"product_brand","embeddable":true,"href":"https:\/\/shop.rettum.ee\/en\/wp-json\/wp\/v2\/product_brand?post=121013"},{"taxonomy":"product_cat","embeddable":true,"href":"https:\/\/shop.rettum.ee\/en\/wp-json\/wp\/v2\/product_cat?post=121013"},{"taxonomy":"product_tag","embeddable":true,"href":"https:\/\/shop.rettum.ee\/en\/wp-json\/wp\/v2\/product_tag?post=121013"},{"taxonomy":"pa_brand_name","embeddable":true,"href":"https:\/\/shop.rettum.ee\/en\/wp-json\/wp\/v2\/pa_brand_name?post=121013"}],"curies":[{"name":"wp","href":"https:\/\/api.w.org\/{rel}","templated":true}]}}