{"id":121014,"date":"2025-03-31T03:09:09","date_gmt":"2025-03-31T00:09:09","guid":{"rendered":"https:\/\/shop.rettum.ee\/toode\/235-50r19-continental-premiumcontact-6-99v-vol-bab71\/"},"modified":"2026-03-22T03:06:58","modified_gmt":"2026-03-22T01:06:58","slug":"235-50r19-continental-premiumcontact-6-99v-vol-bab71","status":"publish","type":"product","link":"https:\/\/shop.rettum.ee\/en\/product\/235-50r19-continental-premiumcontact-6-99v-vol-bab71\/","title":{"rendered":"235\/50R19 CONTINENTAL PREMIUMCONTACT 6 99V VOL BAB71"},"content":{"rendered":"<p>Avastage tipptasemel s\u00f5idumugavus ja ohutus 235\/50R19 Continental PremiumContact 6 rehvil. See uuenduslik rehvilahendus \u00fchendab tipptasemel tehnoloogiad, mis tagavad stabiilse k\u00e4sitsemise, suurep\u00e4rase pidamise ja kindla veoj\u00f5u ka niisketel teedel. 99V kiirusindeks kinnitab rehvile k\u00f5rge j\u00f5udluse ja usaldusv\u00e4\u00e4rsuse ka suurematel kiirustel, pakkudes s\u00f5idukogemust, mis vastab t\u00e4nap\u00e4eva s\u00f5itja k\u00f5rgetele ootustele nii ohutuse kui ka mugavuse osas.<\/p>\n<p>Continental PremiumContact 6 on disainitud nii, et pakkudes maksimaalset stabiilsust ja optimaalseid s\u00f5iduomadusi, aitab ta kaasa k\u00fctuses\u00e4\u00e4stlikkusele ja madalamale rehvih\u00f5\u00f5rdumisele. Kvaliteetsed materjalid ja uuenduslik mustrite disain tagavad \u00fcletamatu pidamise ja usaldusv\u00e4\u00e4rse j\u00f5udluse erinevates s\u00f5idutingimustes. Olgu tegemist igap\u00e4evase s\u00f5idu v\u00f5i sportliku teeldusega \u2013 see rehv pakub kindlustunnet ja t\u00e4iuslikku kontrolli, muutes iga s\u00f5idu nauditavaks ja turvaliseks.<\/p>\n<p>Valige Continental PremiumContact 6 235\/50R19 ja kogete s\u00f5idum\u00f5nu, mida \u00fchendab tipptasemel tehnoloogia ja ohutusinnovatsioon.<\/p>","protected":false},"excerpt":{"rendered":"<p>Avastage tipptasemel s\u00f5idumugavus ja ohutus 235\/50R19 Continental PremiumContact 6 rehvil. See uuenduslik rehvilahendus \u00fchendab tipptasemel tehnoloogiad, mis tagavad stabiilse k\u00e4sitsemise, suurep\u00e4rase pidamise ja kindla veoj\u00f5u ka niisketel teedel. 99V kiirusindeks kinnitab rehvile k\u00f5rge j\u00f5udluse ja usaldusv\u00e4\u00e4rsuse ka suurematel kiirustel, pakkudes s\u00f5idukogemust, mis vastab t\u00e4nap\u00e4eva s\u00f5itja k\u00f5rgetele ootustele nii ohutuse kui ka mugavuse osas. Continental PremiumContact [&hellip;]<\/p>\n","protected":false},"featured_media":124217,"template":"","meta":{"site-sidebar-layout":"default","site-content-layout":"","ast-site-content-layout":"","site-content-style":"default","site-sidebar-style":"default","ast-global-header-display":"","ast-banner-title-visibility":"","ast-main-header-display":"","ast-hfb-above-header-display":"","ast-hfb-below-header-display":"","ast-hfb-mobile-header-display":"","site-post-title":"","ast-breadcrumbs-content":"","ast-featured-img":"","footer-sml-layout":"","theme-transparent-header-meta":"","adv-header-id-meta":"","stick-header-meta":"","header-above-stick-meta":"","header-main-stick-meta":"","header-below-stick-meta":"","astra-migrate-meta-layouts":"default","ast-page-background-enabled":"default","ast-page-background-meta":{"desktop":{"background-color":"","background-image":"","background-repeat":"repeat","background-position":"center center","background-size":"auto","background-attachment":"scroll","background-type":"","background-media":"","overlay-type":"","overlay-color":"","overlay-opacity":"","overlay-gradient":""},"tablet":{"background-color":"","background-image":"","background-repeat":"repeat","background-position":"center center","background-size":"auto","background-attachment":"scroll","background-type":"","background-media":"","overlay-type":"","overlay-color":"","overlay-opacity":"","overlay-gradient":""},"mobile":{"background-color":"","background-image":"","background-repeat":"repeat","background-position":"center center","background-size":"auto","background-attachment":"scroll","background-type":"","background-media":"","overlay-type":"","overlay-color":"","overlay-opacity":"","overlay-gradient":""}},"ast-content-background-meta":{"desktop":{"background-color":"var(--ast-global-color-5)","background-image":"","background-repeat":"repeat","background-position":"center center","background-size":"auto","background-attachment":"scroll","background-type":"","background-media":"","overlay-type":"","overlay-color":"","overlay-opacity":"","overlay-gradient":""},"tablet":{"background-color":"var(--ast-global-color-5)","background-image":"","background-repeat":"repeat","background-position":"center center","background-size":"auto","background-attachment":"scroll","background-type":"","background-media":"","overlay-type":"","overlay-color":"","overlay-opacity":"","overlay-gradient":""},"mobile":{"background-color":"var(--ast-global-color-5)","background-image":"","background-repeat":"repeat","background-position":"center center","background-size":"auto","background-attachment":"scroll","background-type":"","background-media":"","overlay-type":"","overlay-color":"","overlay-opacity":"","overlay-gradient":""}}},"product_brand":[],"product_cat":[34225],"product_tag":[],"pa_brand_name":[25035],"class_list":{"0":"post-121014","1":"product","2":"type-product","3":"status-publish","4":"has-post-thumbnail","6":"product_cat-summer-tires-pv","7":"pa_brand_name-continental","8":"desktop-align-left","9":"tablet-align-left","10":"mobile-align-left","12":"first","13":"outofstock","14":"taxable","15":"shipping-taxable","16":"purchasable","17":"product-type-simple"},"_links":{"self":[{"href":"https:\/\/shop.rettum.ee\/en\/wp-json\/wp\/v2\/product\/121014","targetHints":{"allow":["GET"]}}],"collection":[{"href":"https:\/\/shop.rettum.ee\/en\/wp-json\/wp\/v2\/product"}],"about":[{"href":"https:\/\/shop.rettum.ee\/en\/wp-json\/wp\/v2\/types\/product"}],"version-history":[{"count":1,"href":"https:\/\/shop.rettum.ee\/en\/wp-json\/wp\/v2\/product\/121014\/revisions"}],"predecessor-version":[{"id":125581,"href":"https:\/\/shop.rettum.ee\/en\/wp-json\/wp\/v2\/product\/121014\/revisions\/125581"}],"wp:featuredmedia":[{"embeddable":true,"href":"https:\/\/shop.rettum.ee\/en\/wp-json\/wp\/v2\/media\/124217"}],"wp:attachment":[{"href":"https:\/\/shop.rettum.ee\/en\/wp-json\/wp\/v2\/media?parent=121014"}],"wp:term":[{"taxonomy":"product_brand","embeddable":true,"href":"https:\/\/shop.rettum.ee\/en\/wp-json\/wp\/v2\/product_brand?post=121014"},{"taxonomy":"product_cat","embeddable":true,"href":"https:\/\/shop.rettum.ee\/en\/wp-json\/wp\/v2\/product_cat?post=121014"},{"taxonomy":"product_tag","embeddable":true,"href":"https:\/\/shop.rettum.ee\/en\/wp-json\/wp\/v2\/product_tag?post=121014"},{"taxonomy":"pa_brand_name","embeddable":true,"href":"https:\/\/shop.rettum.ee\/en\/wp-json\/wp\/v2\/pa_brand_name?post=121014"}],"curies":[{"name":"wp","href":"https:\/\/api.w.org\/{rel}","templated":true}]}}