{"id":121015,"date":"2025-03-31T03:09:10","date_gmt":"2025-03-31T00:09:10","guid":{"rendered":"https:\/\/shop.rettum.ee\/toode\/235-55r19-continental-ecocontact-6-105v-xl-vol-abb72\/"},"modified":"2026-03-22T03:06:58","modified_gmt":"2026-03-22T01:06:58","slug":"235-55r19-continental-ecocontact-6-105v-xl-vol-abb72","status":"publish","type":"product","link":"https:\/\/shop.rettum.ee\/en\/product\/235-55r19-continental-ecocontact-6-105v-xl-vol-abb72\/","title":{"rendered":"235\/55R19 CONTINENTAL ECOCONTACT 6 105V XL VOL ABB72"},"content":{"rendered":"<p>Continental ECOCONTACT 6 rehvid on loodud pakkuma erakordset s\u00f5idumugavust ja ohutust igas olukorras. Mudel 235\/55R19 sobib ideaalselt nii isiklikuks kui kommertss\u00f5iduks, tagades suurep\u00e4rase juurdep\u00e4\u00e4su teele ja t\u00e4iendava kandev\u00f5ime XL-kategooriast ning 105V klassifitseerimisega, mis sobib ka kiiret kiirust n\u00f5udvateks s\u00f5idutingimusteks.<\/p>\n<p>Need rehvid on konstrueeritud vastama t\u00e4nap\u00e4eva k\u00f5rgetele keskkonna- ja k\u00fctuses\u00e4\u00e4stlikkuse standarditele. ECOCONTACT 6 seriaga on optimeeritud veeretakistus ja niiskete teede pidamine, pakkudes usaldusv\u00e4\u00e4rset haarduvust ning l\u00fchendades pidurdusteekonda vihmases ilmastikus. Rehvi nutikas kavand annab s\u00f5idile stabiilsust ja mugavust kogu s\u00f5idu jooksul, tagades parima v\u00f5imaliku juhitavuse ja turvatunde.<\/p>\n<p>Continental ECOCONTACT 6 rehvid on valmistatud k\u00f5rgeima kvaliteediga materjalidest ja l\u00e4bivad ranged kvaliteedikontrollid, mis t\u00f5stavad nii s\u00f5iduki j\u00f5udlust kui ka s\u00f5idukogemust. Valides need rehvid, koged sicav\u00f5imelisust, \u00f6konoomsust ja ohutust \u2013 samal ajal pakkudes ka keskkonnas\u00f5bralikku lahendust.<\/p>","protected":false},"excerpt":{"rendered":"<p>Continental ECOCONTACT 6 rehvid on loodud pakkuma erakordset s\u00f5idumugavust ja ohutust igas olukorras. Mudel 235\/55R19 sobib ideaalselt nii isiklikuks kui kommertss\u00f5iduks, tagades suurep\u00e4rase juurdep\u00e4\u00e4su teele ja t\u00e4iendava kandev\u00f5ime XL-kategooriast ning 105V klassifitseerimisega, mis sobib ka kiiret kiirust n\u00f5udvateks s\u00f5idutingimusteks. Need rehvid on konstrueeritud vastama t\u00e4nap\u00e4eva k\u00f5rgetele keskkonna- ja k\u00fctuses\u00e4\u00e4stlikkuse standarditele. ECOCONTACT 6 seriaga on optimeeritud [&hellip;]<\/p>\n","protected":false},"featured_media":124867,"template":"","meta":{"site-sidebar-layout":"default","site-content-layout":"","ast-site-content-layout":"","site-content-style":"default","site-sidebar-style":"default","ast-global-header-display":"","ast-banner-title-visibility":"","ast-main-header-display":"","ast-hfb-above-header-display":"","ast-hfb-below-header-display":"","ast-hfb-mobile-header-display":"","site-post-title":"","ast-breadcrumbs-content":"","ast-featured-img":"","footer-sml-layout":"","theme-transparent-header-meta":"","adv-header-id-meta":"","stick-header-meta":"","header-above-stick-meta":"","header-main-stick-meta":"","header-below-stick-meta":"","astra-migrate-meta-layouts":"default","ast-page-background-enabled":"default","ast-page-background-meta":{"desktop":{"background-color":"","background-image":"","background-repeat":"repeat","background-position":"center center","background-size":"auto","background-attachment":"scroll","background-type":"","background-media":"","overlay-type":"","overlay-color":"","overlay-opacity":"","overlay-gradient":""},"tablet":{"background-color":"","background-image":"","background-repeat":"repeat","background-position":"center center","background-size":"auto","background-attachment":"scroll","background-type":"","background-media":"","overlay-type":"","overlay-color":"","overlay-opacity":"","overlay-gradient":""},"mobile":{"background-color":"","background-image":"","background-repeat":"repeat","background-position":"center center","background-size":"auto","background-attachment":"scroll","background-type":"","background-media":"","overlay-type":"","overlay-color":"","overlay-opacity":"","overlay-gradient":""}},"ast-content-background-meta":{"desktop":{"background-color":"var(--ast-global-color-5)","background-image":"","background-repeat":"repeat","background-position":"center center","background-size":"auto","background-attachment":"scroll","background-type":"","background-media":"","overlay-type":"","overlay-color":"","overlay-opacity":"","overlay-gradient":""},"tablet":{"background-color":"var(--ast-global-color-5)","background-image":"","background-repeat":"repeat","background-position":"center center","background-size":"auto","background-attachment":"scroll","background-type":"","background-media":"","overlay-type":"","overlay-color":"","overlay-opacity":"","overlay-gradient":""},"mobile":{"background-color":"var(--ast-global-color-5)","background-image":"","background-repeat":"repeat","background-position":"center center","background-size":"auto","background-attachment":"scroll","background-type":"","background-media":"","overlay-type":"","overlay-color":"","overlay-opacity":"","overlay-gradient":""}}},"product_brand":[],"product_cat":[34225],"product_tag":[],"pa_brand_name":[25035],"class_list":{"0":"post-121015","1":"product","2":"type-product","3":"status-publish","4":"has-post-thumbnail","6":"product_cat-summer-tires-pv","7":"pa_brand_name-continental","8":"desktop-align-left","9":"tablet-align-left","10":"mobile-align-left","12":"first","13":"outofstock","14":"taxable","15":"shipping-taxable","16":"purchasable","17":"product-type-simple"},"_links":{"self":[{"href":"https:\/\/shop.rettum.ee\/en\/wp-json\/wp\/v2\/product\/121015","targetHints":{"allow":["GET"]}}],"collection":[{"href":"https:\/\/shop.rettum.ee\/en\/wp-json\/wp\/v2\/product"}],"about":[{"href":"https:\/\/shop.rettum.ee\/en\/wp-json\/wp\/v2\/types\/product"}],"version-history":[{"count":1,"href":"https:\/\/shop.rettum.ee\/en\/wp-json\/wp\/v2\/product\/121015\/revisions"}],"predecessor-version":[{"id":125579,"href":"https:\/\/shop.rettum.ee\/en\/wp-json\/wp\/v2\/product\/121015\/revisions\/125579"}],"wp:featuredmedia":[{"embeddable":true,"href":"https:\/\/shop.rettum.ee\/en\/wp-json\/wp\/v2\/media\/124867"}],"wp:attachment":[{"href":"https:\/\/shop.rettum.ee\/en\/wp-json\/wp\/v2\/media?parent=121015"}],"wp:term":[{"taxonomy":"product_brand","embeddable":true,"href":"https:\/\/shop.rettum.ee\/en\/wp-json\/wp\/v2\/product_brand?post=121015"},{"taxonomy":"product_cat","embeddable":true,"href":"https:\/\/shop.rettum.ee\/en\/wp-json\/wp\/v2\/product_cat?post=121015"},{"taxonomy":"product_tag","embeddable":true,"href":"https:\/\/shop.rettum.ee\/en\/wp-json\/wp\/v2\/product_tag?post=121015"},{"taxonomy":"pa_brand_name","embeddable":true,"href":"https:\/\/shop.rettum.ee\/en\/wp-json\/wp\/v2\/pa_brand_name?post=121015"}],"curies":[{"name":"wp","href":"https:\/\/api.w.org\/{rel}","templated":true}]}}