{"id":121016,"date":"2025-03-31T03:09:10","date_gmt":"2025-03-31T00:09:10","guid":{"rendered":"https:\/\/shop.rettum.ee\/toode\/235-55r19-continental-sportcontact-5-101y-n0-fr-cab71\/"},"modified":"2026-03-30T02:45:31","modified_gmt":"2026-03-29T23:45:31","slug":"235-55r19-continental-sportcontact-5-101y-n0-fr-cab71","status":"publish","type":"product","link":"https:\/\/shop.rettum.ee\/en\/product\/235-55r19-continental-sportcontact-5-101y-n0-fr-cab71\/","title":{"rendered":"235\/55R19 CONTINENTAL SPORTCONTACT 5 101Y N0 FR CAB71"},"content":{"rendered":"<p>Continental SportContact 5 rehvir\u00fchm (m\u00f5\u00f5tmed 235\/55R19) \u00fchendab tipptasemel tehnoloogia ja sportliku disaini, pakkudes erakordset juhitavust ja turvalisust nii kuival kui niiskel teel. Reeturil on m\u00e4rgitud 101Y \u2013 see n\u00e4itab muljetavaldavat koormusv\u00f5imet ning v\u00f5imalust ohutult s\u00f5ita kuni 300 km\/h kiirustele, muutes selle ideaalseks valikuks nii sportautodele kui ka luksusklassile.<\/p>\n<p>Continental SportContact 5 on optimeeritud pakkuma maksimaalset haardumist ja reageerimisv\u00f5imet, v\u00e4hendades soojuse tekkimist ning tagades \u00fchtlase kulumise. Rehvi disain toetab suurep\u00e4rast pidurdusj\u00f5udlus ning t\u00e4pseid kurvide v\u00f5tmise v\u00f5imalusi, mis omakorda parandab s\u00f5idumugavust ja kindlustunnet igas olukorras. Lisaks sellele on rehvirakendatud uuenduslikud tehnoloogiad, mis aitavad v\u00e4hendada veerullimiskindlust, mis omakorda aitab kaasa madalamale k\u00fctusekulu ning keskkonnas\u00f5bralikumale s\u00f5idule.<\/p>\n<p>Valides Continental SportContact 5, panustad turvalisusesse ja sportlikku s\u00f5idunautssesse \u2013 ideaalne partner nii igap\u00e4evasteks s\u00f5itudeks kui kirevaks kihutamiseks.<\/p>","protected":false},"excerpt":{"rendered":"<p>Continental SportContact 5 rehvir\u00fchm (m\u00f5\u00f5tmed 235\/55R19) \u00fchendab tipptasemel tehnoloogia ja sportliku disaini, pakkudes erakordset juhitavust ja turvalisust nii kuival kui niiskel teel. Reeturil on m\u00e4rgitud 101Y \u2013 see n\u00e4itab muljetavaldavat koormusv\u00f5imet ning v\u00f5imalust ohutult s\u00f5ita kuni 300 km\/h kiirustele, muutes selle ideaalseks valikuks nii sportautodele kui ka luksusklassile. Continental SportContact 5 on optimeeritud pakkuma maksimaalset [&hellip;]<\/p>\n","protected":false},"featured_media":122715,"template":"","meta":{"site-sidebar-layout":"default","site-content-layout":"","ast-site-content-layout":"","site-content-style":"default","site-sidebar-style":"default","ast-global-header-display":"","ast-banner-title-visibility":"","ast-main-header-display":"","ast-hfb-above-header-display":"","ast-hfb-below-header-display":"","ast-hfb-mobile-header-display":"","site-post-title":"","ast-breadcrumbs-content":"","ast-featured-img":"","footer-sml-layout":"","theme-transparent-header-meta":"","adv-header-id-meta":"","stick-header-meta":"","header-above-stick-meta":"","header-main-stick-meta":"","header-below-stick-meta":"","astra-migrate-meta-layouts":"default","ast-page-background-enabled":"default","ast-page-background-meta":{"desktop":{"background-color":"","background-image":"","background-repeat":"repeat","background-position":"center center","background-size":"auto","background-attachment":"scroll","background-type":"","background-media":"","overlay-type":"","overlay-color":"","overlay-opacity":"","overlay-gradient":""},"tablet":{"background-color":"","background-image":"","background-repeat":"repeat","background-position":"center center","background-size":"auto","background-attachment":"scroll","background-type":"","background-media":"","overlay-type":"","overlay-color":"","overlay-opacity":"","overlay-gradient":""},"mobile":{"background-color":"","background-image":"","background-repeat":"repeat","background-position":"center center","background-size":"auto","background-attachment":"scroll","background-type":"","background-media":"","overlay-type":"","overlay-color":"","overlay-opacity":"","overlay-gradient":""}},"ast-content-background-meta":{"desktop":{"background-color":"var(--ast-global-color-5)","background-image":"","background-repeat":"repeat","background-position":"center center","background-size":"auto","background-attachment":"scroll","background-type":"","background-media":"","overlay-type":"","overlay-color":"","overlay-opacity":"","overlay-gradient":""},"tablet":{"background-color":"var(--ast-global-color-5)","background-image":"","background-repeat":"repeat","background-position":"center center","background-size":"auto","background-attachment":"scroll","background-type":"","background-media":"","overlay-type":"","overlay-color":"","overlay-opacity":"","overlay-gradient":""},"mobile":{"background-color":"var(--ast-global-color-5)","background-image":"","background-repeat":"repeat","background-position":"center center","background-size":"auto","background-attachment":"scroll","background-type":"","background-media":"","overlay-type":"","overlay-color":"","overlay-opacity":"","overlay-gradient":""}}},"product_brand":[],"product_cat":[34225],"product_tag":[],"pa_brand_name":[25035],"class_list":{"0":"post-121016","1":"product","2":"type-product","3":"status-publish","4":"has-post-thumbnail","6":"product_cat-summer-tires-pv","7":"pa_brand_name-continental","8":"desktop-align-left","9":"tablet-align-left","10":"mobile-align-left","12":"first","13":"outofstock","14":"taxable","15":"shipping-taxable","16":"purchasable","17":"product-type-simple"},"_links":{"self":[{"href":"https:\/\/shop.rettum.ee\/en\/wp-json\/wp\/v2\/product\/121016","targetHints":{"allow":["GET"]}}],"collection":[{"href":"https:\/\/shop.rettum.ee\/en\/wp-json\/wp\/v2\/product"}],"about":[{"href":"https:\/\/shop.rettum.ee\/en\/wp-json\/wp\/v2\/types\/product"}],"version-history":[{"count":1,"href":"https:\/\/shop.rettum.ee\/en\/wp-json\/wp\/v2\/product\/121016\/revisions"}],"predecessor-version":[{"id":125580,"href":"https:\/\/shop.rettum.ee\/en\/wp-json\/wp\/v2\/product\/121016\/revisions\/125580"}],"wp:featuredmedia":[{"embeddable":true,"href":"https:\/\/shop.rettum.ee\/en\/wp-json\/wp\/v2\/media\/122715"}],"wp:attachment":[{"href":"https:\/\/shop.rettum.ee\/en\/wp-json\/wp\/v2\/media?parent=121016"}],"wp:term":[{"taxonomy":"product_brand","embeddable":true,"href":"https:\/\/shop.rettum.ee\/en\/wp-json\/wp\/v2\/product_brand?post=121016"},{"taxonomy":"product_cat","embeddable":true,"href":"https:\/\/shop.rettum.ee\/en\/wp-json\/wp\/v2\/product_cat?post=121016"},{"taxonomy":"product_tag","embeddable":true,"href":"https:\/\/shop.rettum.ee\/en\/wp-json\/wp\/v2\/product_tag?post=121016"},{"taxonomy":"pa_brand_name","embeddable":true,"href":"https:\/\/shop.rettum.ee\/en\/wp-json\/wp\/v2\/pa_brand_name?post=121016"}],"curies":[{"name":"wp","href":"https:\/\/api.w.org\/{rel}","templated":true}]}}