{"id":121017,"date":"2025-03-31T03:09:11","date_gmt":"2025-03-31T00:09:11","guid":{"rendered":"https:\/\/shop.rettum.ee\/toode\/245-50r19-continental-premiumcontact-6-101y-fr-cab71\/"},"modified":"2026-03-22T03:06:58","modified_gmt":"2026-03-22T01:06:58","slug":"245-50r19-continental-premiumcontact-6-101y-fr-cab71","status":"publish","type":"product","link":"https:\/\/shop.rettum.ee\/en\/product\/245-50r19-continental-premiumcontact-6-101y-fr-cab71\/","title":{"rendered":"245\/50R19 CONTINENTAL PREMIUMCONTACT 6 101Y FR CAB71"},"content":{"rendered":"<p>Continental PremiumContact 6 245\/50R19 rehvid on loodud k\u00f5rgtasemel ohutuse, j\u00f5udluse ja kestvuse tagamiseks. Rehvinimi endas peegeldab innovaatilist disaini ja tipptasemel tehnoloogiat, mida Continental on tuntud oma spetsialiseerunud rehvis\u00fcsteemide poolest. Need rehvid on ideaalne valik sportlikele sedaanidele ja maastikule, pakkudes suurep\u00e4rast veoj\u00f5udu nii kuival kui m\u00e4rjal teel. Erakordne mustri disain ja uus silikoon\u00fchend tagavad optimaalse haarduvuse ning l\u00fchendatud pidurdusteekonna, v\u00f5imaldades kindlat ja turvalist s\u00f5itu ka n\u00f5udlikemates olukordades.<\/p>\n<p>Kontinentaalsed uuendused rehvi struktuuris v\u00e4hendavad veeretakistust, soodustades k\u00fctuses\u00e4\u00e4stu ja madalamat keskkonnam\u00f5ju. Lisaks tagab nende rehvide t\u00e4pne ja stabiilne juhitavus meeldiva s\u00f5idukogemuse igal kiirusel. Rehvi k\u00f5rged koormusindeks ja kiirusindeks 101Y FR CAB71 kindlustavad, et see vastab t\u00e4nap\u00e4evastele k\u00f5rgetele turvastandarditele ja mitmek\u00fclgsetele s\u00f5iduoludele. <\/p>\n<p>Valides Continental PremiumContact 6 rehvid, saad usaldusv\u00e4\u00e4rse ja tippkvaliteediga toodete, mis on loodud pakkuma turvalist ning nauditavat s\u00f5iduomadust igas olukorras.<\/p>","protected":false},"excerpt":{"rendered":"<p>Continental PremiumContact 6 245\/50R19 rehvid on loodud k\u00f5rgtasemel ohutuse, j\u00f5udluse ja kestvuse tagamiseks. Rehvinimi endas peegeldab innovaatilist disaini ja tipptasemel tehnoloogiat, mida Continental on tuntud oma spetsialiseerunud rehvis\u00fcsteemide poolest. Need rehvid on ideaalne valik sportlikele sedaanidele ja maastikule, pakkudes suurep\u00e4rast veoj\u00f5udu nii kuival kui m\u00e4rjal teel. Erakordne mustri disain ja uus silikoon\u00fchend tagavad optimaalse haarduvuse [&hellip;]<\/p>\n","protected":false},"featured_media":124217,"template":"","meta":{"site-sidebar-layout":"default","site-content-layout":"","ast-site-content-layout":"","site-content-style":"default","site-sidebar-style":"default","ast-global-header-display":"","ast-banner-title-visibility":"","ast-main-header-display":"","ast-hfb-above-header-display":"","ast-hfb-below-header-display":"","ast-hfb-mobile-header-display":"","site-post-title":"","ast-breadcrumbs-content":"","ast-featured-img":"","footer-sml-layout":"","theme-transparent-header-meta":"","adv-header-id-meta":"","stick-header-meta":"","header-above-stick-meta":"","header-main-stick-meta":"","header-below-stick-meta":"","astra-migrate-meta-layouts":"default","ast-page-background-enabled":"default","ast-page-background-meta":{"desktop":{"background-color":"","background-image":"","background-repeat":"repeat","background-position":"center center","background-size":"auto","background-attachment":"scroll","background-type":"","background-media":"","overlay-type":"","overlay-color":"","overlay-opacity":"","overlay-gradient":""},"tablet":{"background-color":"","background-image":"","background-repeat":"repeat","background-position":"center center","background-size":"auto","background-attachment":"scroll","background-type":"","background-media":"","overlay-type":"","overlay-color":"","overlay-opacity":"","overlay-gradient":""},"mobile":{"background-color":"","background-image":"","background-repeat":"repeat","background-position":"center center","background-size":"auto","background-attachment":"scroll","background-type":"","background-media":"","overlay-type":"","overlay-color":"","overlay-opacity":"","overlay-gradient":""}},"ast-content-background-meta":{"desktop":{"background-color":"var(--ast-global-color-5)","background-image":"","background-repeat":"repeat","background-position":"center center","background-size":"auto","background-attachment":"scroll","background-type":"","background-media":"","overlay-type":"","overlay-color":"","overlay-opacity":"","overlay-gradient":""},"tablet":{"background-color":"var(--ast-global-color-5)","background-image":"","background-repeat":"repeat","background-position":"center center","background-size":"auto","background-attachment":"scroll","background-type":"","background-media":"","overlay-type":"","overlay-color":"","overlay-opacity":"","overlay-gradient":""},"mobile":{"background-color":"var(--ast-global-color-5)","background-image":"","background-repeat":"repeat","background-position":"center center","background-size":"auto","background-attachment":"scroll","background-type":"","background-media":"","overlay-type":"","overlay-color":"","overlay-opacity":"","overlay-gradient":""}}},"product_brand":[],"product_cat":[34225],"product_tag":[],"pa_brand_name":[25035],"class_list":{"0":"post-121017","1":"product","2":"type-product","3":"status-publish","4":"has-post-thumbnail","6":"product_cat-summer-tires-pv","7":"pa_brand_name-continental","8":"desktop-align-left","9":"tablet-align-left","10":"mobile-align-left","12":"first","13":"outofstock","14":"taxable","15":"shipping-taxable","16":"purchasable","17":"product-type-simple"},"_links":{"self":[{"href":"https:\/\/shop.rettum.ee\/en\/wp-json\/wp\/v2\/product\/121017","targetHints":{"allow":["GET"]}}],"collection":[{"href":"https:\/\/shop.rettum.ee\/en\/wp-json\/wp\/v2\/product"}],"about":[{"href":"https:\/\/shop.rettum.ee\/en\/wp-json\/wp\/v2\/types\/product"}],"version-history":[{"count":1,"href":"https:\/\/shop.rettum.ee\/en\/wp-json\/wp\/v2\/product\/121017\/revisions"}],"predecessor-version":[{"id":125578,"href":"https:\/\/shop.rettum.ee\/en\/wp-json\/wp\/v2\/product\/121017\/revisions\/125578"}],"wp:featuredmedia":[{"embeddable":true,"href":"https:\/\/shop.rettum.ee\/en\/wp-json\/wp\/v2\/media\/124217"}],"wp:attachment":[{"href":"https:\/\/shop.rettum.ee\/en\/wp-json\/wp\/v2\/media?parent=121017"}],"wp:term":[{"taxonomy":"product_brand","embeddable":true,"href":"https:\/\/shop.rettum.ee\/en\/wp-json\/wp\/v2\/product_brand?post=121017"},{"taxonomy":"product_cat","embeddable":true,"href":"https:\/\/shop.rettum.ee\/en\/wp-json\/wp\/v2\/product_cat?post=121017"},{"taxonomy":"product_tag","embeddable":true,"href":"https:\/\/shop.rettum.ee\/en\/wp-json\/wp\/v2\/product_tag?post=121017"},{"taxonomy":"pa_brand_name","embeddable":true,"href":"https:\/\/shop.rettum.ee\/en\/wp-json\/wp\/v2\/pa_brand_name?post=121017"}],"curies":[{"name":"wp","href":"https:\/\/api.w.org\/{rel}","templated":true}]}}