{"id":121018,"date":"2025-03-31T03:09:12","date_gmt":"2025-03-31T00:09:12","guid":{"rendered":"https:\/\/shop.rettum.ee\/toode\/255-55r19-continental-premiumcontact-6-111h-xl-ao-fr-bab73\/"},"modified":"2026-03-22T03:06:59","modified_gmt":"2026-03-22T01:06:59","slug":"255-55r19-continental-premiumcontact-6-111h-xl-ao-fr-bab73","status":"publish","type":"product","link":"https:\/\/shop.rettum.ee\/en\/product\/255-55r19-continental-premiumcontact-6-111h-xl-ao-fr-bab73\/","title":{"rendered":"255\/55R19 CONTINENTAL PREMIUMCONTACT 6 111H XL AO FR BAB73"},"content":{"rendered":"<p>Continental PremiumContact 6 255\/55R19 on tipptasemel rehvid, mis on loodud pakkuma kindlat ja turvalist s\u00f5idukogemust nii kuivatel kui m\u00e4rgadel teedel. Rehvi m\u00f5\u00f5tmed ja spetsifikatsioon (255\/55R19, 111H XL) tagavad tugeva koormuskandvuse ning stabiilse s\u00f5idukiiruse kuni maksimaalse kiirusklassiga H. XL-t\u00fc\u00fcp sobib suuremate koormustega s\u00f5idukitele, v\u00f5imaldades optimaalselt jaotada s\u00f5iduki massi.<\/p>\n<p>Innovatiivse profiili ja uusima tehnoloogiaga Continental PremiumContact 6 rehvid tagavad suurep\u00e4rase pidamisj\u00f5u, t\u00e4pse juhitavuse ja optimaalse veoj\u00f5u. Rehvid on disainitud vastama t\u00e4nap\u00e4evaste s\u00f5idutingimuste n\u00f5udmistele, pakkudes \u00fcheaegset mugavust ja stabiilsust igas olukorras. Lisaks on need rehvid varustatud erilise mustriga, mis v\u00e4hendab veekihi vedeliku h\u00f5\u00f5rdumist, parandades m\u00e4rjatel teedel s\u00f5iduohutust ja v\u00e4hendades akvaplaning\u2019u riski.<\/p>\n<p>Continental PremiumContact 6 rehvid sobivad ideaalselt neile, kes v\u00e4\u00e4rtustavad ohutut ja enesekindlat s\u00f5itu ning soovivad tagada oma s\u00f5idukile parima v\u00f5imaliku haarduvuse ja j\u00f5udluse. Valides need rehvid, valite efektiivsuse ja usaldusv\u00e4\u00e4rsuse, mis on Continental\u2019i kindel lubadus.<\/p>","protected":false},"excerpt":{"rendered":"<p>Continental PremiumContact 6 255\/55R19 on tipptasemel rehvid, mis on loodud pakkuma kindlat ja turvalist s\u00f5idukogemust nii kuivatel kui m\u00e4rgadel teedel. Rehvi m\u00f5\u00f5tmed ja spetsifikatsioon (255\/55R19, 111H XL) tagavad tugeva koormuskandvuse ning stabiilse s\u00f5idukiiruse kuni maksimaalse kiirusklassiga H. XL-t\u00fc\u00fcp sobib suuremate koormustega s\u00f5idukitele, v\u00f5imaldades optimaalselt jaotada s\u00f5iduki massi. Innovatiivse profiili ja uusima tehnoloogiaga Continental PremiumContact 6 [&hellip;]<\/p>\n","protected":false},"featured_media":124217,"template":"","meta":{"site-sidebar-layout":"default","site-content-layout":"","ast-site-content-layout":"","site-content-style":"default","site-sidebar-style":"default","ast-global-header-display":"","ast-banner-title-visibility":"","ast-main-header-display":"","ast-hfb-above-header-display":"","ast-hfb-below-header-display":"","ast-hfb-mobile-header-display":"","site-post-title":"","ast-breadcrumbs-content":"","ast-featured-img":"","footer-sml-layout":"","theme-transparent-header-meta":"","adv-header-id-meta":"","stick-header-meta":"","header-above-stick-meta":"","header-main-stick-meta":"","header-below-stick-meta":"","astra-migrate-meta-layouts":"default","ast-page-background-enabled":"default","ast-page-background-meta":{"desktop":{"background-color":"","background-image":"","background-repeat":"repeat","background-position":"center center","background-size":"auto","background-attachment":"scroll","background-type":"","background-media":"","overlay-type":"","overlay-color":"","overlay-opacity":"","overlay-gradient":""},"tablet":{"background-color":"","background-image":"","background-repeat":"repeat","background-position":"center center","background-size":"auto","background-attachment":"scroll","background-type":"","background-media":"","overlay-type":"","overlay-color":"","overlay-opacity":"","overlay-gradient":""},"mobile":{"background-color":"","background-image":"","background-repeat":"repeat","background-position":"center center","background-size":"auto","background-attachment":"scroll","background-type":"","background-media":"","overlay-type":"","overlay-color":"","overlay-opacity":"","overlay-gradient":""}},"ast-content-background-meta":{"desktop":{"background-color":"var(--ast-global-color-5)","background-image":"","background-repeat":"repeat","background-position":"center center","background-size":"auto","background-attachment":"scroll","background-type":"","background-media":"","overlay-type":"","overlay-color":"","overlay-opacity":"","overlay-gradient":""},"tablet":{"background-color":"var(--ast-global-color-5)","background-image":"","background-repeat":"repeat","background-position":"center center","background-size":"auto","background-attachment":"scroll","background-type":"","background-media":"","overlay-type":"","overlay-color":"","overlay-opacity":"","overlay-gradient":""},"mobile":{"background-color":"var(--ast-global-color-5)","background-image":"","background-repeat":"repeat","background-position":"center center","background-size":"auto","background-attachment":"scroll","background-type":"","background-media":"","overlay-type":"","overlay-color":"","overlay-opacity":"","overlay-gradient":""}}},"product_brand":[],"product_cat":[34225],"product_tag":[],"pa_brand_name":[25035],"class_list":{"0":"post-121018","1":"product","2":"type-product","3":"status-publish","4":"has-post-thumbnail","6":"product_cat-summer-tires-pv","7":"pa_brand_name-continental","8":"desktop-align-left","9":"tablet-align-left","10":"mobile-align-left","12":"first","13":"outofstock","14":"taxable","15":"shipping-taxable","16":"purchasable","17":"product-type-simple"},"_links":{"self":[{"href":"https:\/\/shop.rettum.ee\/en\/wp-json\/wp\/v2\/product\/121018","targetHints":{"allow":["GET"]}}],"collection":[{"href":"https:\/\/shop.rettum.ee\/en\/wp-json\/wp\/v2\/product"}],"about":[{"href":"https:\/\/shop.rettum.ee\/en\/wp-json\/wp\/v2\/types\/product"}],"version-history":[{"count":1,"href":"https:\/\/shop.rettum.ee\/en\/wp-json\/wp\/v2\/product\/121018\/revisions"}],"predecessor-version":[{"id":125577,"href":"https:\/\/shop.rettum.ee\/en\/wp-json\/wp\/v2\/product\/121018\/revisions\/125577"}],"wp:featuredmedia":[{"embeddable":true,"href":"https:\/\/shop.rettum.ee\/en\/wp-json\/wp\/v2\/media\/124217"}],"wp:attachment":[{"href":"https:\/\/shop.rettum.ee\/en\/wp-json\/wp\/v2\/media?parent=121018"}],"wp:term":[{"taxonomy":"product_brand","embeddable":true,"href":"https:\/\/shop.rettum.ee\/en\/wp-json\/wp\/v2\/product_brand?post=121018"},{"taxonomy":"product_cat","embeddable":true,"href":"https:\/\/shop.rettum.ee\/en\/wp-json\/wp\/v2\/product_cat?post=121018"},{"taxonomy":"product_tag","embeddable":true,"href":"https:\/\/shop.rettum.ee\/en\/wp-json\/wp\/v2\/product_tag?post=121018"},{"taxonomy":"pa_brand_name","embeddable":true,"href":"https:\/\/shop.rettum.ee\/en\/wp-json\/wp\/v2\/pa_brand_name?post=121018"}],"curies":[{"name":"wp","href":"https:\/\/api.w.org\/{rel}","templated":true}]}}