{"id":121019,"date":"2025-03-31T03:09:13","date_gmt":"2025-03-31T00:09:13","guid":{"rendered":"https:\/\/shop.rettum.ee\/toode\/235-45r20-continental-ecocontact-6-100t-xl-mo-abb72\/"},"modified":"2026-03-22T03:06:59","modified_gmt":"2026-03-22T01:06:59","slug":"235-45r20-continental-ecocontact-6-100t-xl-mo-abb72","status":"publish","type":"product","link":"https:\/\/shop.rettum.ee\/en\/product\/235-45r20-continental-ecocontact-6-100t-xl-mo-abb72\/","title":{"rendered":"235\/45R20 CONTINENTAL ECOCONTACT 6 100T XL MO ABB72"},"content":{"rendered":"<p>235\/45R20 Continental ECOCONTACT 6 100T XL MO ABB72 on tippkvaliteediga suverehv, mis \u00fchendab endas suurep\u00e4rase s\u00f5idud\u00fcnaamika, turvalisuse ja k\u00fctuses\u00e4\u00e4stu. Selle rehvi 235 mm laius ja 45% k\u00fcljeprofiil tagavad stabiilsuse ka n\u00f5udlikes s\u00f5iduoludes, pakkudes t\u00e4iuslikku kontakti tee pinnaga nii kuival kui m\u00e4rjal asfaldil.  <\/p>\n<p>Rehvi 20-tolline sobivus tagab sobiva paigaldamise erinevatele velgedele, v\u00f5imaldades laiemat valikut ja lihtsat integreerimist s\u00f5idukiga. 100T koormusindeks ja XL m\u00e4rgis annavad kindlustunde ekstra koormusv\u00f5ime osas, v\u00f5imaldades ohutut ja kindlat s\u00f5itu ka suuremate koormate korral.<\/p>\n<p>Continental ECOCONTACT 6 disain on loodud v\u00e4hendama veeretakistust, mis omakorda aitab v\u00e4hendada k\u00fctusekulu ja s\u00fcsinikdioksiidi heitmeid. Rehvi spetsiaalne mustrimuster tagab t\u00f5husa vee \u00e4rajuhtimise ning v\u00e4hendab veekiusluse riski m\u00e4rgadel teedel. Mudeli koodid MO ja ABB72 lisavad t\u00e4iendavat teavet tootmise ja kvaliteedikontrolli kohta.<\/p>\n<p>Vali Continental ECOCONTACT 6, et nautida turvalist, \u00f6konoomset ja keskkonnas\u00f5bralikku s\u00f5itu igal teel!<\/p>","protected":false},"excerpt":{"rendered":"<p>235\/45R20 Continental ECOCONTACT 6 100T XL MO ABB72 on tippkvaliteediga suverehv, mis \u00fchendab endas suurep\u00e4rase s\u00f5idud\u00fcnaamika, turvalisuse ja k\u00fctuses\u00e4\u00e4stu. Selle rehvi 235 mm laius ja 45% k\u00fcljeprofiil tagavad stabiilsuse ka n\u00f5udlikes s\u00f5iduoludes, pakkudes t\u00e4iuslikku kontakti tee pinnaga nii kuival kui m\u00e4rjal asfaldil. Rehvi 20-tolline sobivus tagab sobiva paigaldamise erinevatele velgedele, v\u00f5imaldades laiemat valikut ja lihtsat [&hellip;]<\/p>\n","protected":false},"featured_media":124867,"template":"","meta":{"site-sidebar-layout":"default","site-content-layout":"","ast-site-content-layout":"","site-content-style":"default","site-sidebar-style":"default","ast-global-header-display":"","ast-banner-title-visibility":"","ast-main-header-display":"","ast-hfb-above-header-display":"","ast-hfb-below-header-display":"","ast-hfb-mobile-header-display":"","site-post-title":"","ast-breadcrumbs-content":"","ast-featured-img":"","footer-sml-layout":"","theme-transparent-header-meta":"","adv-header-id-meta":"","stick-header-meta":"","header-above-stick-meta":"","header-main-stick-meta":"","header-below-stick-meta":"","astra-migrate-meta-layouts":"default","ast-page-background-enabled":"default","ast-page-background-meta":{"desktop":{"background-color":"","background-image":"","background-repeat":"repeat","background-position":"center center","background-size":"auto","background-attachment":"scroll","background-type":"","background-media":"","overlay-type":"","overlay-color":"","overlay-opacity":"","overlay-gradient":""},"tablet":{"background-color":"","background-image":"","background-repeat":"repeat","background-position":"center center","background-size":"auto","background-attachment":"scroll","background-type":"","background-media":"","overlay-type":"","overlay-color":"","overlay-opacity":"","overlay-gradient":""},"mobile":{"background-color":"","background-image":"","background-repeat":"repeat","background-position":"center center","background-size":"auto","background-attachment":"scroll","background-type":"","background-media":"","overlay-type":"","overlay-color":"","overlay-opacity":"","overlay-gradient":""}},"ast-content-background-meta":{"desktop":{"background-color":"var(--ast-global-color-5)","background-image":"","background-repeat":"repeat","background-position":"center center","background-size":"auto","background-attachment":"scroll","background-type":"","background-media":"","overlay-type":"","overlay-color":"","overlay-opacity":"","overlay-gradient":""},"tablet":{"background-color":"var(--ast-global-color-5)","background-image":"","background-repeat":"repeat","background-position":"center center","background-size":"auto","background-attachment":"scroll","background-type":"","background-media":"","overlay-type":"","overlay-color":"","overlay-opacity":"","overlay-gradient":""},"mobile":{"background-color":"var(--ast-global-color-5)","background-image":"","background-repeat":"repeat","background-position":"center center","background-size":"auto","background-attachment":"scroll","background-type":"","background-media":"","overlay-type":"","overlay-color":"","overlay-opacity":"","overlay-gradient":""}}},"product_brand":[],"product_cat":[34225],"product_tag":[],"pa_brand_name":[25035],"class_list":{"0":"post-121019","1":"product","2":"type-product","3":"status-publish","4":"has-post-thumbnail","6":"product_cat-summer-tires-pv","7":"pa_brand_name-continental","8":"desktop-align-left","9":"tablet-align-left","10":"mobile-align-left","12":"first","13":"outofstock","14":"taxable","15":"shipping-taxable","16":"purchasable","17":"product-type-simple"},"_links":{"self":[{"href":"https:\/\/shop.rettum.ee\/en\/wp-json\/wp\/v2\/product\/121019","targetHints":{"allow":["GET"]}}],"collection":[{"href":"https:\/\/shop.rettum.ee\/en\/wp-json\/wp\/v2\/product"}],"about":[{"href":"https:\/\/shop.rettum.ee\/en\/wp-json\/wp\/v2\/types\/product"}],"version-history":[{"count":1,"href":"https:\/\/shop.rettum.ee\/en\/wp-json\/wp\/v2\/product\/121019\/revisions"}],"predecessor-version":[{"id":125576,"href":"https:\/\/shop.rettum.ee\/en\/wp-json\/wp\/v2\/product\/121019\/revisions\/125576"}],"wp:featuredmedia":[{"embeddable":true,"href":"https:\/\/shop.rettum.ee\/en\/wp-json\/wp\/v2\/media\/124867"}],"wp:attachment":[{"href":"https:\/\/shop.rettum.ee\/en\/wp-json\/wp\/v2\/media?parent=121019"}],"wp:term":[{"taxonomy":"product_brand","embeddable":true,"href":"https:\/\/shop.rettum.ee\/en\/wp-json\/wp\/v2\/product_brand?post=121019"},{"taxonomy":"product_cat","embeddable":true,"href":"https:\/\/shop.rettum.ee\/en\/wp-json\/wp\/v2\/product_cat?post=121019"},{"taxonomy":"product_tag","embeddable":true,"href":"https:\/\/shop.rettum.ee\/en\/wp-json\/wp\/v2\/product_tag?post=121019"},{"taxonomy":"pa_brand_name","embeddable":true,"href":"https:\/\/shop.rettum.ee\/en\/wp-json\/wp\/v2\/pa_brand_name?post=121019"}],"curies":[{"name":"wp","href":"https:\/\/api.w.org\/{rel}","templated":true}]}}