{"id":121020,"date":"2025-03-31T03:09:14","date_gmt":"2025-03-31T00:09:14","guid":{"rendered":"https:\/\/shop.rettum.ee\/toode\/255-45r20-continental-ecocontact-6-101v-abb72\/"},"modified":"2026-03-22T03:06:59","modified_gmt":"2026-03-22T01:06:59","slug":"255-45r20-continental-ecocontact-6-101v-abb72","status":"publish","type":"product","link":"https:\/\/shop.rettum.ee\/en\/product\/255-45r20-continental-ecocontact-6-101v-abb72\/","title":{"rendered":"255\/45R20 CONTINENTAL ECOCONTACT 6 101V ABB72"},"content":{"rendered":"<p>Avasta Continental ECOCONTACT 6 rehv, mille m\u00f5\u00f5tmed on 255\/45R20 ning mille koormusn\u00e4itaja on 101 ja kiirusindeks V. See tipptasemel suvestehnika on \u00fcles ehitatud maksimaalseks s\u00f5iduohutuseks ja suurep\u00e4raseks k\u00fctuses\u00e4\u00e4stuks, pakkudes nii sportlikku juhitavust kui ka erakordset veoj\u00f5udlust.<\/p>\n<p>Continental ECOCONTACT 6 disain tugineb innovaatilisele tehnoloogiale, mis v\u00e4hendab veeretakistust ja aitab v\u00e4hendada k\u00fctusekulu, s\u00e4ilitades samal ajal erakordse haarduvuse ka m\u00e4rgadel teedel. Spetsiaalselt kujundatud mustrimuster tagab kiire reageerimise ja stabiilsuse ka ootamatutes olukordades, v\u00f5imaldades sul oma s\u00f5idunaudinguid ohutult nautida.<\/p>\n<p>Sobides ideaalselt k\u00f5rgj\u00f5udlusega s\u00f5idukitele, on see rehv loodud pakkuma maksimaalset turvalisust ja mugavust igas s\u00f5idutingimustes. Vali Continental ECOCONTACT 6 ja naudi usaldusv\u00e4\u00e4rset, energiat\u00f5husat ning sportlikku s\u00f5idukogemust, mis kindlustab ohutu ja m\u00f5nusa teekonna igal km-l.<\/p>","protected":false},"excerpt":{"rendered":"<p>Avasta Continental ECOCONTACT 6 rehv, mille m\u00f5\u00f5tmed on 255\/45R20 ning mille koormusn\u00e4itaja on 101 ja kiirusindeks V. See tipptasemel suvestehnika on \u00fcles ehitatud maksimaalseks s\u00f5iduohutuseks ja suurep\u00e4raseks k\u00fctuses\u00e4\u00e4stuks, pakkudes nii sportlikku juhitavust kui ka erakordset veoj\u00f5udlust. Continental ECOCONTACT 6 disain tugineb innovaatilisele tehnoloogiale, mis v\u00e4hendab veeretakistust ja aitab v\u00e4hendada k\u00fctusekulu, s\u00e4ilitades samal ajal erakordse haarduvuse [&hellip;]<\/p>\n","protected":false},"featured_media":124867,"template":"","meta":{"site-sidebar-layout":"default","site-content-layout":"","ast-site-content-layout":"","site-content-style":"default","site-sidebar-style":"default","ast-global-header-display":"","ast-banner-title-visibility":"","ast-main-header-display":"","ast-hfb-above-header-display":"","ast-hfb-below-header-display":"","ast-hfb-mobile-header-display":"","site-post-title":"","ast-breadcrumbs-content":"","ast-featured-img":"","footer-sml-layout":"","theme-transparent-header-meta":"","adv-header-id-meta":"","stick-header-meta":"","header-above-stick-meta":"","header-main-stick-meta":"","header-below-stick-meta":"","astra-migrate-meta-layouts":"default","ast-page-background-enabled":"default","ast-page-background-meta":{"desktop":{"background-color":"","background-image":"","background-repeat":"repeat","background-position":"center center","background-size":"auto","background-attachment":"scroll","background-type":"","background-media":"","overlay-type":"","overlay-color":"","overlay-opacity":"","overlay-gradient":""},"tablet":{"background-color":"","background-image":"","background-repeat":"repeat","background-position":"center center","background-size":"auto","background-attachment":"scroll","background-type":"","background-media":"","overlay-type":"","overlay-color":"","overlay-opacity":"","overlay-gradient":""},"mobile":{"background-color":"","background-image":"","background-repeat":"repeat","background-position":"center center","background-size":"auto","background-attachment":"scroll","background-type":"","background-media":"","overlay-type":"","overlay-color":"","overlay-opacity":"","overlay-gradient":""}},"ast-content-background-meta":{"desktop":{"background-color":"var(--ast-global-color-5)","background-image":"","background-repeat":"repeat","background-position":"center center","background-size":"auto","background-attachment":"scroll","background-type":"","background-media":"","overlay-type":"","overlay-color":"","overlay-opacity":"","overlay-gradient":""},"tablet":{"background-color":"var(--ast-global-color-5)","background-image":"","background-repeat":"repeat","background-position":"center center","background-size":"auto","background-attachment":"scroll","background-type":"","background-media":"","overlay-type":"","overlay-color":"","overlay-opacity":"","overlay-gradient":""},"mobile":{"background-color":"var(--ast-global-color-5)","background-image":"","background-repeat":"repeat","background-position":"center center","background-size":"auto","background-attachment":"scroll","background-type":"","background-media":"","overlay-type":"","overlay-color":"","overlay-opacity":"","overlay-gradient":""}}},"product_brand":[],"product_cat":[34225],"product_tag":[],"pa_brand_name":[25035],"class_list":{"0":"post-121020","1":"product","2":"type-product","3":"status-publish","4":"has-post-thumbnail","6":"product_cat-summer-tires-pv","7":"pa_brand_name-continental","8":"desktop-align-left","9":"tablet-align-left","10":"mobile-align-left","12":"first","13":"outofstock","14":"taxable","15":"shipping-taxable","16":"purchasable","17":"product-type-simple"},"_links":{"self":[{"href":"https:\/\/shop.rettum.ee\/en\/wp-json\/wp\/v2\/product\/121020","targetHints":{"allow":["GET"]}}],"collection":[{"href":"https:\/\/shop.rettum.ee\/en\/wp-json\/wp\/v2\/product"}],"about":[{"href":"https:\/\/shop.rettum.ee\/en\/wp-json\/wp\/v2\/types\/product"}],"version-history":[{"count":1,"href":"https:\/\/shop.rettum.ee\/en\/wp-json\/wp\/v2\/product\/121020\/revisions"}],"predecessor-version":[{"id":125575,"href":"https:\/\/shop.rettum.ee\/en\/wp-json\/wp\/v2\/product\/121020\/revisions\/125575"}],"wp:featuredmedia":[{"embeddable":true,"href":"https:\/\/shop.rettum.ee\/en\/wp-json\/wp\/v2\/media\/124867"}],"wp:attachment":[{"href":"https:\/\/shop.rettum.ee\/en\/wp-json\/wp\/v2\/media?parent=121020"}],"wp:term":[{"taxonomy":"product_brand","embeddable":true,"href":"https:\/\/shop.rettum.ee\/en\/wp-json\/wp\/v2\/product_brand?post=121020"},{"taxonomy":"product_cat","embeddable":true,"href":"https:\/\/shop.rettum.ee\/en\/wp-json\/wp\/v2\/product_cat?post=121020"},{"taxonomy":"product_tag","embeddable":true,"href":"https:\/\/shop.rettum.ee\/en\/wp-json\/wp\/v2\/product_tag?post=121020"},{"taxonomy":"pa_brand_name","embeddable":true,"href":"https:\/\/shop.rettum.ee\/en\/wp-json\/wp\/v2\/pa_brand_name?post=121020"}],"curies":[{"name":"wp","href":"https:\/\/api.w.org\/{rel}","templated":true}]}}