{"id":121021,"date":"2025-03-31T03:09:15","date_gmt":"2025-03-31T00:09:15","guid":{"rendered":"https:\/\/shop.rettum.ee\/toode\/255-45r20-continental-premiumcontact-6-105h-xl-ncs-fr-bab72\/"},"modified":"2026-03-22T03:06:59","modified_gmt":"2026-03-22T01:06:59","slug":"255-45r20-continental-premiumcontact-6-105h-xl-ncs-fr-bab72","status":"publish","type":"product","link":"https:\/\/shop.rettum.ee\/en\/product\/255-45r20-continental-premiumcontact-6-105h-xl-ncs-fr-bab72\/","title":{"rendered":"255\/45R20 CONTINENTAL PREMIUMCONTACT 6 105H XL NCS FR BAB72"},"content":{"rendered":"<p>Avasta \u00fclim s\u00f5idu kvaliteet Continental PremiumContact 6 rehvil, mille m\u00f5\u00f5tmed 255\/45R20 ja loadindeks 105H XL tagavad tipptasemel j\u00f5udluse ja stabiilsuse. See rehvil on v\u00e4lja t\u00f6\u00f6tatud innovaatilise mustri ja tipptasemel materjalidega, mis pakuvad suurep\u00e4rast haarduvust nii m\u00e4rgadel kui kuival teel, aidates tagada l\u00fchikese pidurdusmaatriksi ja kindla juhitavuse igas s\u00f5iduolukorras.<\/p>\n<p>Continental PremiumContact 6 on loodud neile, kes v\u00e4\u00e4rtustavad nii sportlikku d\u00fcnaamikat kui ka turvalist ja mugavat s\u00f5itu. XL-t\u00e4his viitab rehvi v\u00f5imele taluda raskemat koormust, muutes selle ideaalseks valikuks nii k\u00f5rg j\u00f5udlusega s\u00f5idukitele kui igap\u00e4evaseks kasutamiseks. Lisaks toetavad rehvi t\u00e4iustatud disain ja tehnoloogiad efektiivset k\u00fctuses\u00e4\u00e4stu ning v\u00e4hendavad veeretakistust, aidates seel\u00e4bi pakkuda optimaalseid s\u00f5idutingimusi ja keskkonnas\u00f5bralikku lahendust.<\/p>\n<p>Kood BAB72 ja tehnoloogiline lipp \u201cNCS FR\u201d kinnitavad Continental\u2019i p\u00fchendumust kvaliteedile ja uuenduslikele lahendustele. Valides 255\/45R20 CONTINENTAL PREMIUMCONTACT 6 rehvi, investeerid turvalisse, stabiilsesse ja d\u00fcnaamilisse s\u00f5iduelamusse.<\/p>","protected":false},"excerpt":{"rendered":"<p>Avasta \u00fclim s\u00f5idu kvaliteet Continental PremiumContact 6 rehvil, mille m\u00f5\u00f5tmed 255\/45R20 ja loadindeks 105H XL tagavad tipptasemel j\u00f5udluse ja stabiilsuse. See rehvil on v\u00e4lja t\u00f6\u00f6tatud innovaatilise mustri ja tipptasemel materjalidega, mis pakuvad suurep\u00e4rast haarduvust nii m\u00e4rgadel kui kuival teel, aidates tagada l\u00fchikese pidurdusmaatriksi ja kindla juhitavuse igas s\u00f5iduolukorras. Continental PremiumContact 6 on loodud neile, kes [&hellip;]<\/p>\n","protected":false},"featured_media":124217,"template":"","meta":{"site-sidebar-layout":"default","site-content-layout":"","ast-site-content-layout":"","site-content-style":"default","site-sidebar-style":"default","ast-global-header-display":"","ast-banner-title-visibility":"","ast-main-header-display":"","ast-hfb-above-header-display":"","ast-hfb-below-header-display":"","ast-hfb-mobile-header-display":"","site-post-title":"","ast-breadcrumbs-content":"","ast-featured-img":"","footer-sml-layout":"","theme-transparent-header-meta":"","adv-header-id-meta":"","stick-header-meta":"","header-above-stick-meta":"","header-main-stick-meta":"","header-below-stick-meta":"","astra-migrate-meta-layouts":"default","ast-page-background-enabled":"default","ast-page-background-meta":{"desktop":{"background-color":"","background-image":"","background-repeat":"repeat","background-position":"center center","background-size":"auto","background-attachment":"scroll","background-type":"","background-media":"","overlay-type":"","overlay-color":"","overlay-opacity":"","overlay-gradient":""},"tablet":{"background-color":"","background-image":"","background-repeat":"repeat","background-position":"center center","background-size":"auto","background-attachment":"scroll","background-type":"","background-media":"","overlay-type":"","overlay-color":"","overlay-opacity":"","overlay-gradient":""},"mobile":{"background-color":"","background-image":"","background-repeat":"repeat","background-position":"center center","background-size":"auto","background-attachment":"scroll","background-type":"","background-media":"","overlay-type":"","overlay-color":"","overlay-opacity":"","overlay-gradient":""}},"ast-content-background-meta":{"desktop":{"background-color":"var(--ast-global-color-5)","background-image":"","background-repeat":"repeat","background-position":"center center","background-size":"auto","background-attachment":"scroll","background-type":"","background-media":"","overlay-type":"","overlay-color":"","overlay-opacity":"","overlay-gradient":""},"tablet":{"background-color":"var(--ast-global-color-5)","background-image":"","background-repeat":"repeat","background-position":"center center","background-size":"auto","background-attachment":"scroll","background-type":"","background-media":"","overlay-type":"","overlay-color":"","overlay-opacity":"","overlay-gradient":""},"mobile":{"background-color":"var(--ast-global-color-5)","background-image":"","background-repeat":"repeat","background-position":"center center","background-size":"auto","background-attachment":"scroll","background-type":"","background-media":"","overlay-type":"","overlay-color":"","overlay-opacity":"","overlay-gradient":""}}},"product_brand":[],"product_cat":[34225],"product_tag":[],"pa_brand_name":[25035],"class_list":{"0":"post-121021","1":"product","2":"type-product","3":"status-publish","4":"has-post-thumbnail","6":"product_cat-summer-tires-pv","7":"pa_brand_name-continental","8":"desktop-align-left","9":"tablet-align-left","10":"mobile-align-left","12":"first","13":"outofstock","14":"taxable","15":"shipping-taxable","16":"purchasable","17":"product-type-simple"},"_links":{"self":[{"href":"https:\/\/shop.rettum.ee\/en\/wp-json\/wp\/v2\/product\/121021","targetHints":{"allow":["GET"]}}],"collection":[{"href":"https:\/\/shop.rettum.ee\/en\/wp-json\/wp\/v2\/product"}],"about":[{"href":"https:\/\/shop.rettum.ee\/en\/wp-json\/wp\/v2\/types\/product"}],"version-history":[{"count":1,"href":"https:\/\/shop.rettum.ee\/en\/wp-json\/wp\/v2\/product\/121021\/revisions"}],"predecessor-version":[{"id":125574,"href":"https:\/\/shop.rettum.ee\/en\/wp-json\/wp\/v2\/product\/121021\/revisions\/125574"}],"wp:featuredmedia":[{"embeddable":true,"href":"https:\/\/shop.rettum.ee\/en\/wp-json\/wp\/v2\/media\/124217"}],"wp:attachment":[{"href":"https:\/\/shop.rettum.ee\/en\/wp-json\/wp\/v2\/media?parent=121021"}],"wp:term":[{"taxonomy":"product_brand","embeddable":true,"href":"https:\/\/shop.rettum.ee\/en\/wp-json\/wp\/v2\/product_brand?post=121021"},{"taxonomy":"product_cat","embeddable":true,"href":"https:\/\/shop.rettum.ee\/en\/wp-json\/wp\/v2\/product_cat?post=121021"},{"taxonomy":"product_tag","embeddable":true,"href":"https:\/\/shop.rettum.ee\/en\/wp-json\/wp\/v2\/product_tag?post=121021"},{"taxonomy":"pa_brand_name","embeddable":true,"href":"https:\/\/shop.rettum.ee\/en\/wp-json\/wp\/v2\/pa_brand_name?post=121021"}],"curies":[{"name":"wp","href":"https:\/\/api.w.org\/{rel}","templated":true}]}}