{"id":121022,"date":"2025-03-31T03:09:16","date_gmt":"2025-03-31T00:09:16","guid":{"rendered":"https:\/\/shop.rettum.ee\/toode\/255-50r20-continental-premiumcontact-6-109h-xl-ao-bab73\/"},"modified":"2026-03-22T03:07:00","modified_gmt":"2026-03-22T01:07:00","slug":"255-50r20-continental-premiumcontact-6-109h-xl-ao-bab73","status":"publish","type":"product","link":"https:\/\/shop.rettum.ee\/en\/product\/255-50r20-continental-premiumcontact-6-109h-xl-ao-bab73\/","title":{"rendered":"255\/50R20 CONTINENTAL PREMIUMCONTACT 6 109H XL AO BAB73"},"content":{"rendered":"<p>Continental PremiumContact 6 rehvi m\u00f5\u00f5dud 255\/50R20 n\u00e4itavad, et tegemist on sportliku ja muljetavaldava disainiga rehviga, mis on m\u00f5eldud kindlustama \u00fclimat stabiilsust ja haarduvust erinevatel teedel. Rehvi koormusindeks 109 ning XL-t\u00e4his tagavad suurema koormustaluvuse, v\u00f5imaldades s\u00f5ita ka n\u00f5udlikumates kasutustingimustes, s\u00e4ilitades samal ajal ohutuse ja s\u00f5idumugavuse.<\/p>\n<p>T\u00e4nu innovatiivsele mustri kujundusele ja kvaliteetsetele materjalidele pakub PremiumContact 6 optimaalset teepidavust nii m\u00e4rgadel kui ka kuivadel pindadel, aidates v\u00e4hendada veeretusvastupanu ning k\u00fctusekulu. Kiirusklassi H puhul on rehvi maksimaalne lubatud s\u00f5idukiirus 210 km\/h, mis teeb sellest parima valiku neile, kes hindavad nii turvalisust kui ka sportlikku d\u00fcnaamikat.<\/p>\n<p>Continental PremiumContact 6 on loodud pakkuma usaldusv\u00e4\u00e4rset ja stabiilset s\u00f5iduelamust igasugustes ilmastikutingimustes, olles ideaalne partner neile, kes soovivad nautida kindlat ja energiat s\u00e4\u00e4stvat s\u00f5itu. Rehvi kvaliteet ja ohutus vastavad k\u00f5rgeimatele standarditele, muutes selle v\u00e4\u00e4rtuslikuks lisandiks teie s\u00f5iduki varustuses.<\/p>","protected":false},"excerpt":{"rendered":"<p>Continental PremiumContact 6 rehvi m\u00f5\u00f5dud 255\/50R20 n\u00e4itavad, et tegemist on sportliku ja muljetavaldava disainiga rehviga, mis on m\u00f5eldud kindlustama \u00fclimat stabiilsust ja haarduvust erinevatel teedel. Rehvi koormusindeks 109 ning XL-t\u00e4his tagavad suurema koormustaluvuse, v\u00f5imaldades s\u00f5ita ka n\u00f5udlikumates kasutustingimustes, s\u00e4ilitades samal ajal ohutuse ja s\u00f5idumugavuse. T\u00e4nu innovatiivsele mustri kujundusele ja kvaliteetsetele materjalidele pakub PremiumContact 6 optimaalset [&hellip;]<\/p>\n","protected":false},"featured_media":124217,"template":"","meta":{"site-sidebar-layout":"default","site-content-layout":"","ast-site-content-layout":"","site-content-style":"default","site-sidebar-style":"default","ast-global-header-display":"","ast-banner-title-visibility":"","ast-main-header-display":"","ast-hfb-above-header-display":"","ast-hfb-below-header-display":"","ast-hfb-mobile-header-display":"","site-post-title":"","ast-breadcrumbs-content":"","ast-featured-img":"","footer-sml-layout":"","theme-transparent-header-meta":"","adv-header-id-meta":"","stick-header-meta":"","header-above-stick-meta":"","header-main-stick-meta":"","header-below-stick-meta":"","astra-migrate-meta-layouts":"default","ast-page-background-enabled":"default","ast-page-background-meta":{"desktop":{"background-color":"","background-image":"","background-repeat":"repeat","background-position":"center center","background-size":"auto","background-attachment":"scroll","background-type":"","background-media":"","overlay-type":"","overlay-color":"","overlay-opacity":"","overlay-gradient":""},"tablet":{"background-color":"","background-image":"","background-repeat":"repeat","background-position":"center center","background-size":"auto","background-attachment":"scroll","background-type":"","background-media":"","overlay-type":"","overlay-color":"","overlay-opacity":"","overlay-gradient":""},"mobile":{"background-color":"","background-image":"","background-repeat":"repeat","background-position":"center center","background-size":"auto","background-attachment":"scroll","background-type":"","background-media":"","overlay-type":"","overlay-color":"","overlay-opacity":"","overlay-gradient":""}},"ast-content-background-meta":{"desktop":{"background-color":"var(--ast-global-color-5)","background-image":"","background-repeat":"repeat","background-position":"center center","background-size":"auto","background-attachment":"scroll","background-type":"","background-media":"","overlay-type":"","overlay-color":"","overlay-opacity":"","overlay-gradient":""},"tablet":{"background-color":"var(--ast-global-color-5)","background-image":"","background-repeat":"repeat","background-position":"center center","background-size":"auto","background-attachment":"scroll","background-type":"","background-media":"","overlay-type":"","overlay-color":"","overlay-opacity":"","overlay-gradient":""},"mobile":{"background-color":"var(--ast-global-color-5)","background-image":"","background-repeat":"repeat","background-position":"center center","background-size":"auto","background-attachment":"scroll","background-type":"","background-media":"","overlay-type":"","overlay-color":"","overlay-opacity":"","overlay-gradient":""}}},"product_brand":[],"product_cat":[34225],"product_tag":[],"pa_brand_name":[25035],"class_list":{"0":"post-121022","1":"product","2":"type-product","3":"status-publish","4":"has-post-thumbnail","6":"product_cat-summer-tires-pv","7":"pa_brand_name-continental","8":"desktop-align-left","9":"tablet-align-left","10":"mobile-align-left","12":"first","13":"outofstock","14":"taxable","15":"shipping-taxable","16":"purchasable","17":"product-type-simple"},"_links":{"self":[{"href":"https:\/\/shop.rettum.ee\/en\/wp-json\/wp\/v2\/product\/121022","targetHints":{"allow":["GET"]}}],"collection":[{"href":"https:\/\/shop.rettum.ee\/en\/wp-json\/wp\/v2\/product"}],"about":[{"href":"https:\/\/shop.rettum.ee\/en\/wp-json\/wp\/v2\/types\/product"}],"version-history":[{"count":1,"href":"https:\/\/shop.rettum.ee\/en\/wp-json\/wp\/v2\/product\/121022\/revisions"}],"predecessor-version":[{"id":125572,"href":"https:\/\/shop.rettum.ee\/en\/wp-json\/wp\/v2\/product\/121022\/revisions\/125572"}],"wp:featuredmedia":[{"embeddable":true,"href":"https:\/\/shop.rettum.ee\/en\/wp-json\/wp\/v2\/media\/124217"}],"wp:attachment":[{"href":"https:\/\/shop.rettum.ee\/en\/wp-json\/wp\/v2\/media?parent=121022"}],"wp:term":[{"taxonomy":"product_brand","embeddable":true,"href":"https:\/\/shop.rettum.ee\/en\/wp-json\/wp\/v2\/product_brand?post=121022"},{"taxonomy":"product_cat","embeddable":true,"href":"https:\/\/shop.rettum.ee\/en\/wp-json\/wp\/v2\/product_cat?post=121022"},{"taxonomy":"product_tag","embeddable":true,"href":"https:\/\/shop.rettum.ee\/en\/wp-json\/wp\/v2\/product_tag?post=121022"},{"taxonomy":"pa_brand_name","embeddable":true,"href":"https:\/\/shop.rettum.ee\/en\/wp-json\/wp\/v2\/pa_brand_name?post=121022"}],"curies":[{"name":"wp","href":"https:\/\/api.w.org\/{rel}","templated":true}]}}