{"id":121023,"date":"2025-03-31T03:09:16","date_gmt":"2025-03-31T00:09:16","guid":{"rendered":"https:\/\/shop.rettum.ee\/toode\/275-40r20-continental-sportcontact-5-106w-xl-runflat-fr-cbb72\/"},"modified":"2026-03-27T02:45:46","modified_gmt":"2026-03-27T00:45:46","slug":"275-40r20-continental-sportcontact-5-106w-xl-runflat-fr-cbb72","status":"publish","type":"product","link":"https:\/\/shop.rettum.ee\/en\/product\/275-40r20-continental-sportcontact-5-106w-xl-runflat-fr-cbb72\/","title":{"rendered":"275\/40R20 CONTINENTAL SPORTCONTACT 5 106W XL RunFlat (*) FR CBB72"},"content":{"rendered":"<p>275\/40R20 CONTINENTAL SPORTCONTACT 5 106W XL RunFlat (*) FR CBB72 on tipptasemel suverehv, mis on loodud n\u00f5udlikele autojuhtidele ja k\u00f5rge j\u00f5udlusega s\u00f5idukitele. See rehv tagab erakordse veoj\u00f5udluse, stabiilsuse ja t\u00e4pse juhitavuse nii sirgetel maanteedel kui ka kurvides. Uuenduslik RunFlat tehnoloogia v\u00f5imaldab s\u00f5ita isegi \u00f5hu kaotamise korral, v\u00f5imaldades ohutut teekonda l\u00e4hikondadele parandusse v\u00f5i alternatiivse s\u00f5iduki leidmisele.<\/p>\n<p>Rehvi m\u00f5\u00f5tmed ja XL-laadimine tagavad suure koormustaluvuse ilma ohutuse ja s\u00f5idumugavustust ohverdamata. 106W klassifikaator n\u00e4itab muljetavaldavat j\u00f5udlust ning k\u00f5rget kiiruslimiiti, muutes selle ideaalseks valikuks sportlikuks ja ametlikuks s\u00f5iduks. CBB72 kood kinnitab rehvi kvaliteedikontrolli ja tootmisj\u00e4rjestuse, pakkudes kindlustunnet ka k\u00f5ige n\u00f5udlikumates tingimustes.<\/p>\n<p>Vali CONTINENTAL SPORTCONTACT 5, et kogeda innovatsiooni ja ohutust, mis \u00fchendavad k\u00f5rge tehnoloogilise arengu ja sportliku s\u00f5idunaudinguga, suurendades sinu auto j\u00f5udlust ja man\u00f6\u00f6verdusv\u00f5imet igas olukorras.<\/p>","protected":false},"excerpt":{"rendered":"<p>275\/40R20 CONTINENTAL SPORTCONTACT 5 106W XL RunFlat (*) FR CBB72 on tipptasemel suverehv, mis on loodud n\u00f5udlikele autojuhtidele ja k\u00f5rge j\u00f5udlusega s\u00f5idukitele. See rehv tagab erakordse veoj\u00f5udluse, stabiilsuse ja t\u00e4pse juhitavuse nii sirgetel maanteedel kui ka kurvides. Uuenduslik RunFlat tehnoloogia v\u00f5imaldab s\u00f5ita isegi \u00f5hu kaotamise korral, v\u00f5imaldades ohutut teekonda l\u00e4hikondadele parandusse v\u00f5i alternatiivse s\u00f5iduki leidmisele. [&hellip;]<\/p>\n","protected":false},"featured_media":122715,"template":"","meta":{"site-sidebar-layout":"default","site-content-layout":"","ast-site-content-layout":"","site-content-style":"default","site-sidebar-style":"default","ast-global-header-display":"","ast-banner-title-visibility":"","ast-main-header-display":"","ast-hfb-above-header-display":"","ast-hfb-below-header-display":"","ast-hfb-mobile-header-display":"","site-post-title":"","ast-breadcrumbs-content":"","ast-featured-img":"","footer-sml-layout":"","theme-transparent-header-meta":"","adv-header-id-meta":"","stick-header-meta":"","header-above-stick-meta":"","header-main-stick-meta":"","header-below-stick-meta":"","astra-migrate-meta-layouts":"default","ast-page-background-enabled":"default","ast-page-background-meta":{"desktop":{"background-color":"","background-image":"","background-repeat":"repeat","background-position":"center center","background-size":"auto","background-attachment":"scroll","background-type":"","background-media":"","overlay-type":"","overlay-color":"","overlay-opacity":"","overlay-gradient":""},"tablet":{"background-color":"","background-image":"","background-repeat":"repeat","background-position":"center center","background-size":"auto","background-attachment":"scroll","background-type":"","background-media":"","overlay-type":"","overlay-color":"","overlay-opacity":"","overlay-gradient":""},"mobile":{"background-color":"","background-image":"","background-repeat":"repeat","background-position":"center center","background-size":"auto","background-attachment":"scroll","background-type":"","background-media":"","overlay-type":"","overlay-color":"","overlay-opacity":"","overlay-gradient":""}},"ast-content-background-meta":{"desktop":{"background-color":"var(--ast-global-color-5)","background-image":"","background-repeat":"repeat","background-position":"center center","background-size":"auto","background-attachment":"scroll","background-type":"","background-media":"","overlay-type":"","overlay-color":"","overlay-opacity":"","overlay-gradient":""},"tablet":{"background-color":"var(--ast-global-color-5)","background-image":"","background-repeat":"repeat","background-position":"center center","background-size":"auto","background-attachment":"scroll","background-type":"","background-media":"","overlay-type":"","overlay-color":"","overlay-opacity":"","overlay-gradient":""},"mobile":{"background-color":"var(--ast-global-color-5)","background-image":"","background-repeat":"repeat","background-position":"center center","background-size":"auto","background-attachment":"scroll","background-type":"","background-media":"","overlay-type":"","overlay-color":"","overlay-opacity":"","overlay-gradient":""}}},"product_brand":[],"product_cat":[34225],"product_tag":[],"pa_brand_name":[25035],"class_list":{"0":"post-121023","1":"product","2":"type-product","3":"status-publish","4":"has-post-thumbnail","6":"product_cat-summer-tires-pv","7":"pa_brand_name-continental","8":"desktop-align-left","9":"tablet-align-left","10":"mobile-align-left","12":"first","13":"outofstock","14":"taxable","15":"shipping-taxable","16":"purchasable","17":"product-type-simple"},"_links":{"self":[{"href":"https:\/\/shop.rettum.ee\/en\/wp-json\/wp\/v2\/product\/121023","targetHints":{"allow":["GET"]}}],"collection":[{"href":"https:\/\/shop.rettum.ee\/en\/wp-json\/wp\/v2\/product"}],"about":[{"href":"https:\/\/shop.rettum.ee\/en\/wp-json\/wp\/v2\/types\/product"}],"version-history":[{"count":1,"href":"https:\/\/shop.rettum.ee\/en\/wp-json\/wp\/v2\/product\/121023\/revisions"}],"predecessor-version":[{"id":125573,"href":"https:\/\/shop.rettum.ee\/en\/wp-json\/wp\/v2\/product\/121023\/revisions\/125573"}],"wp:featuredmedia":[{"embeddable":true,"href":"https:\/\/shop.rettum.ee\/en\/wp-json\/wp\/v2\/media\/122715"}],"wp:attachment":[{"href":"https:\/\/shop.rettum.ee\/en\/wp-json\/wp\/v2\/media?parent=121023"}],"wp:term":[{"taxonomy":"product_brand","embeddable":true,"href":"https:\/\/shop.rettum.ee\/en\/wp-json\/wp\/v2\/product_brand?post=121023"},{"taxonomy":"product_cat","embeddable":true,"href":"https:\/\/shop.rettum.ee\/en\/wp-json\/wp\/v2\/product_cat?post=121023"},{"taxonomy":"product_tag","embeddable":true,"href":"https:\/\/shop.rettum.ee\/en\/wp-json\/wp\/v2\/product_tag?post=121023"},{"taxonomy":"pa_brand_name","embeddable":true,"href":"https:\/\/shop.rettum.ee\/en\/wp-json\/wp\/v2\/pa_brand_name?post=121023"}],"curies":[{"name":"wp","href":"https:\/\/api.w.org\/{rel}","templated":true}]}}