{"id":121024,"date":"2025-03-31T03:09:17","date_gmt":"2025-03-31T00:09:17","guid":{"rendered":"https:\/\/shop.rettum.ee\/toode\/275-45r20-continental-ecocontact-6-110v-xl-vol-aab73\/"},"modified":"2026-01-15T02:45:36","modified_gmt":"2026-01-15T00:45:36","slug":"275-45r20-continental-ecocontact-6-110v-xl-vol-aab73","status":"publish","type":"product","link":"https:\/\/shop.rettum.ee\/en\/product\/275-45r20-continental-ecocontact-6-110v-xl-vol-aab73\/","title":{"rendered":"275\/45R20 CONTINENTAL ECOCONTACT 6 110V XL VOL AAB73"},"content":{"rendered":"<p>Tutvustame uue klassi kvaliteeti \u2013 Continental ECOCONTACT 6 rehv, m\u00f5\u00f5tmetega 275\/45R20. See rehvt\u00fc\u00fcp on loodud pakkuma \u00fclimat s\u00f5idu mugavust ja turvalisust nii kuivatel kui ka m\u00e4rgadel teedel. Continental ECOCONTACT 6 on tehnoloogiliselt arenenud rehv, mille madal veeretakistus aitab v\u00e4hendada k\u00fctusekulu ja v\u00e4hendada s\u00fcsinikdioksiidi heitkoguseid, pakkudes samal ajal suurep\u00e4rast juhitavust ja stabiilsust ka kiirematel s\u00f5itude ajal.<\/p>\n<p>Rehvi 110V koormusindeks ja XL-konstruktsioon tagavad lisava janu ja taluvuse eri koormustingimustes, muutes selle ideaalseks lahenduseks nii k\u00f5rg j\u00f5udlusega s\u00f5idukitele kui ka suurematele maastikukinglustele. VOL AAB73 kood n\u00e4itab rehvi autentset kvaliteeti ja p\u00e4ritolu, kindlustades silmapaistva j\u00f5udluse ja t\u00f6\u00f6kindluse igas olukorras.<\/p>\n<p>Continental ECOCONTACT 6 rehv on loodud neile, kes hindavad ohutust, kuluefektiivsust ja s\u00f5idumugavust igal kilomeetril. Valides selle rehv, teete investeeringu, mis pakub mitte ainult suurep\u00e4rast haarduvust ja stabiilsust, vaid ka pikemaajalist t\u00f6\u00f6kindlust ja madalamat \u00fcldist hoolduskulusid.<\/p>","protected":false},"excerpt":{"rendered":"<p>Tutvustame uue klassi kvaliteeti \u2013 Continental ECOCONTACT 6 rehv, m\u00f5\u00f5tmetega 275\/45R20. See rehvt\u00fc\u00fcp on loodud pakkuma \u00fclimat s\u00f5idu mugavust ja turvalisust nii kuivatel kui ka m\u00e4rgadel teedel. Continental ECOCONTACT 6 on tehnoloogiliselt arenenud rehv, mille madal veeretakistus aitab v\u00e4hendada k\u00fctusekulu ja v\u00e4hendada s\u00fcsinikdioksiidi heitkoguseid, pakkudes samal ajal suurep\u00e4rast juhitavust ja stabiilsust ka kiirematel s\u00f5itude ajal. [&hellip;]<\/p>\n","protected":false},"featured_media":124867,"template":"","meta":{"site-sidebar-layout":"default","site-content-layout":"","ast-site-content-layout":"","site-content-style":"default","site-sidebar-style":"default","ast-global-header-display":"","ast-banner-title-visibility":"","ast-main-header-display":"","ast-hfb-above-header-display":"","ast-hfb-below-header-display":"","ast-hfb-mobile-header-display":"","site-post-title":"","ast-breadcrumbs-content":"","ast-featured-img":"","footer-sml-layout":"","theme-transparent-header-meta":"","adv-header-id-meta":"","stick-header-meta":"","header-above-stick-meta":"","header-main-stick-meta":"","header-below-stick-meta":"","astra-migrate-meta-layouts":"default","ast-page-background-enabled":"default","ast-page-background-meta":{"desktop":{"background-color":"","background-image":"","background-repeat":"repeat","background-position":"center center","background-size":"auto","background-attachment":"scroll","background-type":"","background-media":"","overlay-type":"","overlay-color":"","overlay-opacity":"","overlay-gradient":""},"tablet":{"background-color":"","background-image":"","background-repeat":"repeat","background-position":"center center","background-size":"auto","background-attachment":"scroll","background-type":"","background-media":"","overlay-type":"","overlay-color":"","overlay-opacity":"","overlay-gradient":""},"mobile":{"background-color":"","background-image":"","background-repeat":"repeat","background-position":"center center","background-size":"auto","background-attachment":"scroll","background-type":"","background-media":"","overlay-type":"","overlay-color":"","overlay-opacity":"","overlay-gradient":""}},"ast-content-background-meta":{"desktop":{"background-color":"var(--ast-global-color-5)","background-image":"","background-repeat":"repeat","background-position":"center center","background-size":"auto","background-attachment":"scroll","background-type":"","background-media":"","overlay-type":"","overlay-color":"","overlay-opacity":"","overlay-gradient":""},"tablet":{"background-color":"var(--ast-global-color-5)","background-image":"","background-repeat":"repeat","background-position":"center center","background-size":"auto","background-attachment":"scroll","background-type":"","background-media":"","overlay-type":"","overlay-color":"","overlay-opacity":"","overlay-gradient":""},"mobile":{"background-color":"var(--ast-global-color-5)","background-image":"","background-repeat":"repeat","background-position":"center center","background-size":"auto","background-attachment":"scroll","background-type":"","background-media":"","overlay-type":"","overlay-color":"","overlay-opacity":"","overlay-gradient":""}}},"product_brand":[],"product_cat":[34225],"product_tag":[],"pa_brand_name":[25035],"class_list":{"0":"post-121024","1":"product","2":"type-product","3":"status-publish","4":"has-post-thumbnail","6":"product_cat-summer-tires-pv","7":"pa_brand_name-continental","8":"desktop-align-left","9":"tablet-align-left","10":"mobile-align-left","12":"first","13":"outofstock","14":"taxable","15":"shipping-taxable","16":"purchasable","17":"product-type-simple"},"_links":{"self":[{"href":"https:\/\/shop.rettum.ee\/en\/wp-json\/wp\/v2\/product\/121024","targetHints":{"allow":["GET"]}}],"collection":[{"href":"https:\/\/shop.rettum.ee\/en\/wp-json\/wp\/v2\/product"}],"about":[{"href":"https:\/\/shop.rettum.ee\/en\/wp-json\/wp\/v2\/types\/product"}],"version-history":[{"count":1,"href":"https:\/\/shop.rettum.ee\/en\/wp-json\/wp\/v2\/product\/121024\/revisions"}],"predecessor-version":[{"id":125571,"href":"https:\/\/shop.rettum.ee\/en\/wp-json\/wp\/v2\/product\/121024\/revisions\/125571"}],"wp:featuredmedia":[{"embeddable":true,"href":"https:\/\/shop.rettum.ee\/en\/wp-json\/wp\/v2\/media\/124867"}],"wp:attachment":[{"href":"https:\/\/shop.rettum.ee\/en\/wp-json\/wp\/v2\/media?parent=121024"}],"wp:term":[{"taxonomy":"product_brand","embeddable":true,"href":"https:\/\/shop.rettum.ee\/en\/wp-json\/wp\/v2\/product_brand?post=121024"},{"taxonomy":"product_cat","embeddable":true,"href":"https:\/\/shop.rettum.ee\/en\/wp-json\/wp\/v2\/product_cat?post=121024"},{"taxonomy":"product_tag","embeddable":true,"href":"https:\/\/shop.rettum.ee\/en\/wp-json\/wp\/v2\/product_tag?post=121024"},{"taxonomy":"pa_brand_name","embeddable":true,"href":"https:\/\/shop.rettum.ee\/en\/wp-json\/wp\/v2\/pa_brand_name?post=121024"}],"curies":[{"name":"wp","href":"https:\/\/api.w.org\/{rel}","templated":true}]}}