{"id":121025,"date":"2025-03-31T03:09:18","date_gmt":"2025-03-31T00:09:18","guid":{"rendered":"https:\/\/shop.rettum.ee\/toode\/275-45r20-continental-sportcontact-5-110y-xl-n0-fr-cab73\/"},"modified":"2026-03-22T03:07:00","modified_gmt":"2026-03-22T01:07:00","slug":"275-45r20-continental-sportcontact-5-110y-xl-n0-fr-cab73","status":"publish","type":"product","link":"https:\/\/shop.rettum.ee\/en\/product\/275-45r20-continental-sportcontact-5-110y-xl-n0-fr-cab73\/","title":{"rendered":"275\/45R20 CONTINENTAL SPORTCONTACT 5 110Y XL N0 FR CAB73"},"content":{"rendered":"<p>275\/45R20 Continental SportContact 5 110Y XL N0 FR CAB73 on tipptasemel rehv, mis \u00fchendab sportliku j\u00f5udluse ja k\u00f5rge ohutuse \u00fcheks. Rehvi m\u00f5\u00f5tmed \u2013 275 mm laius ja 45% k\u00fcljeprofiil \u2013 koos 20-tolline velg tagavad muljetavaldava stabiilsuse ning t\u00e4pse teeret\u00f5mbega s\u00f5idu igal kiirusel. XL-klass lisab ekstra koormustaluvuse, v\u00f5imaldades rehvil s\u00e4ilitada oma omadused ka n\u00f5udlikes tingimustes ja pikemaajalise kasutuse ajal.<\/p>\n<p>110 koormusindeks ja Y kiirusklass tagavad, et rehv suudab pakkuda suurep\u00e4rast j\u00f5udlust k\u00f5rgetel kiirustel, v\u00e4ljendades samal ajal maksimaalset haarduvust nii m\u00e4rgel kui ka kuival teel. Continental SportContact 5 on konstrueeritud kaasaegsete materjalide ja innovatiivse mustriga, et tagada optimaalse reaktsioonikiiruse ning turvaline s\u00f5idukogemus. See rehv sobib ideaalselt neile, kes hindavad sportlikku s\u00f5idustiili, ohutust ja vastupidavust igap\u00e4evastes ja eritingimustes s\u00f5itmisel.<\/p>","protected":false},"excerpt":{"rendered":"<p>275\/45R20 Continental SportContact 5 110Y XL N0 FR CAB73 on tipptasemel rehv, mis \u00fchendab sportliku j\u00f5udluse ja k\u00f5rge ohutuse \u00fcheks. Rehvi m\u00f5\u00f5tmed \u2013 275 mm laius ja 45% k\u00fcljeprofiil \u2013 koos 20-tolline velg tagavad muljetavaldava stabiilsuse ning t\u00e4pse teeret\u00f5mbega s\u00f5idu igal kiirusel. XL-klass lisab ekstra koormustaluvuse, v\u00f5imaldades rehvil s\u00e4ilitada oma omadused ka n\u00f5udlikes tingimustes ja [&hellip;]<\/p>\n","protected":false},"featured_media":122715,"template":"","meta":{"site-sidebar-layout":"default","site-content-layout":"","ast-site-content-layout":"","site-content-style":"default","site-sidebar-style":"default","ast-global-header-display":"","ast-banner-title-visibility":"","ast-main-header-display":"","ast-hfb-above-header-display":"","ast-hfb-below-header-display":"","ast-hfb-mobile-header-display":"","site-post-title":"","ast-breadcrumbs-content":"","ast-featured-img":"","footer-sml-layout":"","theme-transparent-header-meta":"","adv-header-id-meta":"","stick-header-meta":"","header-above-stick-meta":"","header-main-stick-meta":"","header-below-stick-meta":"","astra-migrate-meta-layouts":"default","ast-page-background-enabled":"default","ast-page-background-meta":{"desktop":{"background-color":"","background-image":"","background-repeat":"repeat","background-position":"center center","background-size":"auto","background-attachment":"scroll","background-type":"","background-media":"","overlay-type":"","overlay-color":"","overlay-opacity":"","overlay-gradient":""},"tablet":{"background-color":"","background-image":"","background-repeat":"repeat","background-position":"center center","background-size":"auto","background-attachment":"scroll","background-type":"","background-media":"","overlay-type":"","overlay-color":"","overlay-opacity":"","overlay-gradient":""},"mobile":{"background-color":"","background-image":"","background-repeat":"repeat","background-position":"center center","background-size":"auto","background-attachment":"scroll","background-type":"","background-media":"","overlay-type":"","overlay-color":"","overlay-opacity":"","overlay-gradient":""}},"ast-content-background-meta":{"desktop":{"background-color":"var(--ast-global-color-5)","background-image":"","background-repeat":"repeat","background-position":"center center","background-size":"auto","background-attachment":"scroll","background-type":"","background-media":"","overlay-type":"","overlay-color":"","overlay-opacity":"","overlay-gradient":""},"tablet":{"background-color":"var(--ast-global-color-5)","background-image":"","background-repeat":"repeat","background-position":"center center","background-size":"auto","background-attachment":"scroll","background-type":"","background-media":"","overlay-type":"","overlay-color":"","overlay-opacity":"","overlay-gradient":""},"mobile":{"background-color":"var(--ast-global-color-5)","background-image":"","background-repeat":"repeat","background-position":"center center","background-size":"auto","background-attachment":"scroll","background-type":"","background-media":"","overlay-type":"","overlay-color":"","overlay-opacity":"","overlay-gradient":""}}},"product_brand":[],"product_cat":[34225],"product_tag":[],"pa_brand_name":[25035],"class_list":{"0":"post-121025","1":"product","2":"type-product","3":"status-publish","4":"has-post-thumbnail","6":"product_cat-summer-tires-pv","7":"pa_brand_name-continental","8":"desktop-align-left","9":"tablet-align-left","10":"mobile-align-left","12":"first","13":"outofstock","14":"taxable","15":"shipping-taxable","16":"purchasable","17":"product-type-simple"},"_links":{"self":[{"href":"https:\/\/shop.rettum.ee\/en\/wp-json\/wp\/v2\/product\/121025","targetHints":{"allow":["GET"]}}],"collection":[{"href":"https:\/\/shop.rettum.ee\/en\/wp-json\/wp\/v2\/product"}],"about":[{"href":"https:\/\/shop.rettum.ee\/en\/wp-json\/wp\/v2\/types\/product"}],"version-history":[{"count":1,"href":"https:\/\/shop.rettum.ee\/en\/wp-json\/wp\/v2\/product\/121025\/revisions"}],"predecessor-version":[{"id":125570,"href":"https:\/\/shop.rettum.ee\/en\/wp-json\/wp\/v2\/product\/121025\/revisions\/125570"}],"wp:featuredmedia":[{"embeddable":true,"href":"https:\/\/shop.rettum.ee\/en\/wp-json\/wp\/v2\/media\/122715"}],"wp:attachment":[{"href":"https:\/\/shop.rettum.ee\/en\/wp-json\/wp\/v2\/media?parent=121025"}],"wp:term":[{"taxonomy":"product_brand","embeddable":true,"href":"https:\/\/shop.rettum.ee\/en\/wp-json\/wp\/v2\/product_brand?post=121025"},{"taxonomy":"product_cat","embeddable":true,"href":"https:\/\/shop.rettum.ee\/en\/wp-json\/wp\/v2\/product_cat?post=121025"},{"taxonomy":"product_tag","embeddable":true,"href":"https:\/\/shop.rettum.ee\/en\/wp-json\/wp\/v2\/product_tag?post=121025"},{"taxonomy":"pa_brand_name","embeddable":true,"href":"https:\/\/shop.rettum.ee\/en\/wp-json\/wp\/v2\/pa_brand_name?post=121025"}],"curies":[{"name":"wp","href":"https:\/\/api.w.org\/{rel}","templated":true}]}}