{"id":121027,"date":"2025-03-31T03:09:19","date_gmt":"2025-03-31T00:09:19","guid":{"rendered":"https:\/\/shop.rettum.ee\/toode\/305-40r20-continental-sportcontact-5-112y-xl-n0-fr-cab73\/"},"modified":"2026-03-27T02:47:18","modified_gmt":"2026-03-27T00:47:18","slug":"305-40r20-continental-sportcontact-5-112y-xl-n0-fr-cab73","status":"publish","type":"product","link":"https:\/\/shop.rettum.ee\/en\/product\/305-40r20-continental-sportcontact-5-112y-xl-n0-fr-cab73\/","title":{"rendered":"305\/40R20 CONTINENTAL SPORTCONTACT 5 112Y XL N0 FR CAB73"},"content":{"rendered":"<p>Continental SportContact 5 rehvid on loodud kaasaegse sportliku s\u00f5idu nautlejatele, kes hindavad tipptasemel j\u00f5udlust ja ohutust. Mudel 305\/40R20 tagab muljetavaldava haarduvuse ning stabiilsuse nii kuival kui ka m\u00e4rjal teel, pakkudes t\u00e4pseid juhimomente ja kindlat gripi ka \u00fclikiiretel s\u00f5itudel. XL-klassim\u00e4\u00e4rang v\u00f5imaldab suuremat koormuskindlust, muutes selle rehvi ideaalseks n\u00f5udlikele juhtidele ja premium-klassi autodele.<\/p>\n<p>112Y kiirusindeks tagab, et rehv suudab j\u00e4rjepidevalt toetada k\u00f5rgeid kiiruseid, pakkudes samal ajal maksimaalset turvalisust ja stabiilsust. Continental SportContact 5 rehvi kujundus on hoolikalt l\u00e4bim\u00f5eldud, et pakkuda \u00fclevoolavat veoj\u00f5udlust ja t\u00e4pset reageerimist igas s\u00f5idutingimuses. See rehv sobib ideaalselt neile, kes otsivad innovatsiooni ja sportlikku j\u00f5udlust, ilma et peaksite ohutust ohverdama. Valides Continental SportContact 5, valid tipptasemel tehnoloogia ja usaldusv\u00e4\u00e4rse s\u00f5idu, mis viib sinu kogemuse uuele tasemele.<\/p>","protected":false},"excerpt":{"rendered":"<p>Continental SportContact 5 rehvid on loodud kaasaegse sportliku s\u00f5idu nautlejatele, kes hindavad tipptasemel j\u00f5udlust ja ohutust. Mudel 305\/40R20 tagab muljetavaldava haarduvuse ning stabiilsuse nii kuival kui ka m\u00e4rjal teel, pakkudes t\u00e4pseid juhimomente ja kindlat gripi ka \u00fclikiiretel s\u00f5itudel. XL-klassim\u00e4\u00e4rang v\u00f5imaldab suuremat koormuskindlust, muutes selle rehvi ideaalseks n\u00f5udlikele juhtidele ja premium-klassi autodele. 112Y kiirusindeks tagab, et [&hellip;]<\/p>\n","protected":false},"featured_media":122715,"template":"","meta":{"site-sidebar-layout":"default","site-content-layout":"","ast-site-content-layout":"","site-content-style":"default","site-sidebar-style":"default","ast-global-header-display":"","ast-banner-title-visibility":"","ast-main-header-display":"","ast-hfb-above-header-display":"","ast-hfb-below-header-display":"","ast-hfb-mobile-header-display":"","site-post-title":"","ast-breadcrumbs-content":"","ast-featured-img":"","footer-sml-layout":"","theme-transparent-header-meta":"","adv-header-id-meta":"","stick-header-meta":"","header-above-stick-meta":"","header-main-stick-meta":"","header-below-stick-meta":"","astra-migrate-meta-layouts":"default","ast-page-background-enabled":"default","ast-page-background-meta":{"desktop":{"background-color":"","background-image":"","background-repeat":"repeat","background-position":"center center","background-size":"auto","background-attachment":"scroll","background-type":"","background-media":"","overlay-type":"","overlay-color":"","overlay-opacity":"","overlay-gradient":""},"tablet":{"background-color":"","background-image":"","background-repeat":"repeat","background-position":"center center","background-size":"auto","background-attachment":"scroll","background-type":"","background-media":"","overlay-type":"","overlay-color":"","overlay-opacity":"","overlay-gradient":""},"mobile":{"background-color":"","background-image":"","background-repeat":"repeat","background-position":"center center","background-size":"auto","background-attachment":"scroll","background-type":"","background-media":"","overlay-type":"","overlay-color":"","overlay-opacity":"","overlay-gradient":""}},"ast-content-background-meta":{"desktop":{"background-color":"var(--ast-global-color-5)","background-image":"","background-repeat":"repeat","background-position":"center center","background-size":"auto","background-attachment":"scroll","background-type":"","background-media":"","overlay-type":"","overlay-color":"","overlay-opacity":"","overlay-gradient":""},"tablet":{"background-color":"var(--ast-global-color-5)","background-image":"","background-repeat":"repeat","background-position":"center center","background-size":"auto","background-attachment":"scroll","background-type":"","background-media":"","overlay-type":"","overlay-color":"","overlay-opacity":"","overlay-gradient":""},"mobile":{"background-color":"var(--ast-global-color-5)","background-image":"","background-repeat":"repeat","background-position":"center center","background-size":"auto","background-attachment":"scroll","background-type":"","background-media":"","overlay-type":"","overlay-color":"","overlay-opacity":"","overlay-gradient":""}}},"product_brand":[],"product_cat":[34225],"product_tag":[],"pa_brand_name":[25035],"class_list":{"0":"post-121027","1":"product","2":"type-product","3":"status-publish","4":"has-post-thumbnail","6":"product_cat-summer-tires-pv","7":"pa_brand_name-continental","8":"desktop-align-left","9":"tablet-align-left","10":"mobile-align-left","12":"first","13":"instock","14":"taxable","15":"shipping-taxable","16":"purchasable","17":"product-type-simple"},"_links":{"self":[{"href":"https:\/\/shop.rettum.ee\/en\/wp-json\/wp\/v2\/product\/121027","targetHints":{"allow":["GET"]}}],"collection":[{"href":"https:\/\/shop.rettum.ee\/en\/wp-json\/wp\/v2\/product"}],"about":[{"href":"https:\/\/shop.rettum.ee\/en\/wp-json\/wp\/v2\/types\/product"}],"version-history":[{"count":1,"href":"https:\/\/shop.rettum.ee\/en\/wp-json\/wp\/v2\/product\/121027\/revisions"}],"predecessor-version":[{"id":125569,"href":"https:\/\/shop.rettum.ee\/en\/wp-json\/wp\/v2\/product\/121027\/revisions\/125569"}],"wp:featuredmedia":[{"embeddable":true,"href":"https:\/\/shop.rettum.ee\/en\/wp-json\/wp\/v2\/media\/122715"}],"wp:attachment":[{"href":"https:\/\/shop.rettum.ee\/en\/wp-json\/wp\/v2\/media?parent=121027"}],"wp:term":[{"taxonomy":"product_brand","embeddable":true,"href":"https:\/\/shop.rettum.ee\/en\/wp-json\/wp\/v2\/product_brand?post=121027"},{"taxonomy":"product_cat","embeddable":true,"href":"https:\/\/shop.rettum.ee\/en\/wp-json\/wp\/v2\/product_cat?post=121027"},{"taxonomy":"product_tag","embeddable":true,"href":"https:\/\/shop.rettum.ee\/en\/wp-json\/wp\/v2\/product_tag?post=121027"},{"taxonomy":"pa_brand_name","embeddable":true,"href":"https:\/\/shop.rettum.ee\/en\/wp-json\/wp\/v2\/pa_brand_name?post=121027"}],"curies":[{"name":"wp","href":"https:\/\/api.w.org\/{rel}","templated":true}]}}